{"id":62236,"date":"2026-04-01T16:54:30","date_gmt":"2026-04-01T15:54:30","guid":{"rendered":"https:\/\/bigbuy.tupique.com\/produto\/dishwasher-balay-3vf6330sa-60-cm\/"},"modified":"2026-04-16T00:12:38","modified_gmt":"2026-04-15T23:12:38","slug":"dishwasher-balay-3vf6330sa-60-cm","status":"publish","type":"product","link":"https:\/\/bigbuy.tupique.com\/es\/produto\/dishwasher-balay-3vf6330sa-60-cm\/","title":{"rendered":"Lave-vaisselle Balay 3VF6330SA 60 cm"},"content":{"rendered":"<p>Si vous pensez r\u00e9nover votre cuisine, achetez <b>Lave-vaisselle Balay 3VF6330SA 60 cm<\/b> et d\u00b4autres <b>produits Balay<\/b> !<\/p>\n<p>Le <b>lave-vaisselle Balay 3VF6330SA<\/b> est un appareil encastrable con\u00e7u pour offrir efficacit\u00e9 et confort en cuisine, avec une <b>largeur de 60 cm<\/b> adapt\u00e9e aux espaces standards et un design en <b>blanc<\/b> avec des d\u00e9tails en <b>acier inoxydable<\/b> facilitant son int\u00e9gration dans tout environnement. Sa <b>capacit\u00e9 de 14 couverts<\/b> le rend id\u00e9al pour les familles moyennes ou ceux qui ont besoin de laver une grande quantit\u00e9 de vaisselle simultan\u00e9ment. Il b\u00e9n\u00e9ficie d\u2019une <b>classe \u00e9nerg\u00e9tique D<\/b>, garantissant une consommation mod\u00e9r\u00e9e d\u2019\u00e9lectricit\u00e9 dans sa cat\u00e9gorie. Ce mod\u00e8le se distingue aussi par sa <b>consommation d\u2019eau efficace, avec seulement 9 litres par cycle<\/b>, contribuant \u00e0 une utilisation responsable des ressources. C\u00f4t\u00e9 fonctionnalit\u00e9s, il propose plusieurs programmes adaptables aux besoins, comme le cycle rapide de <b>60 minutes \u00e0 65\u00b0C<\/b>, le mode automatique ajustant la temp\u00e9rature entre <b>45 et 65 \u00b0C<\/b> selon le degr\u00e9 de salet\u00e9, des programmes \u00e9cologiques, intensifs et rapides, ainsi qu\u2019un cycle sp\u00e9cifique pour demi-charge optimisant l\u2019eau et l\u2019\u00e9nergie quand il n\u2019est pas plein. Il int\u00e8gre un <b>\u00e9cran int\u00e9gr\u00e9<\/b> facilitant le contr\u00f4le et la personnalisation des programmes, apportant confort \u00e0 l\u2019utilisateur pendant son fonctionnement. La structure interne est con\u00e7ue pour offrir performance et durabilit\u00e9, s\u2019adaptant \u00e0 diff\u00e9rents types de vaisselle et ustensiles. En r\u00e9sum\u00e9, le Balay 3VF6330SA offre une solution pratique et efficace pour le lavage quotidien, alliant bon rendement, \u00e9conomie d\u2019\u00e9nergie et flexibilit\u00e9 des programmes, adapt\u00e9 \u00e0 un usage domestique de qualit\u00e9.<\/p>\n<ul>\n<li>Produit \u00e0 brancher: Oui<\/li>\n<li>Type: Lave-vaisselle<\/li>\n<li>Type de prise: Prise EU<\/li>\n<li>Bloc d\u2019Alimentation: r\u00e9seau \u00e9lectrique<\/li>\n<li>Largeur: 60 cm<\/li>\n<li>Caract\u00e9ristiques: \u00c9cran integr\u00e9<\/li>\n<li>Type d&#8217;installation: Int\u00e9grable<\/li>\n<li>Capacit\u00e9 (Nb de couverts): 14<\/li>\n<li>Classification \u00e9nerg\u00e9tique: D<\/li>\n<li>Programmes: 6<\/li>\n<li>Couleur: Blanc<\/li>\n<li>Mati\u00e8re: Acier inoxydable<\/li>\n<li>Tension: 230 V<\/li>\n<li>Capacit\u00e9: 9 L<\/li>\n<li>Piles incluses: Oui<\/li>\n<li>Niveau sonore: 42 dB<\/li>\n<\/ul>","protected":false},"excerpt":{"rendered":"<p><span class=\"unit-info\">78.4433 &euro; \/ 1 l<\/span><\/p>","protected":false},"featured_media":62234,"comment_status":"open","ping_status":"closed","template":"","meta":[],"product_brand":[114],"product_cat":[393,60,77],"product_tag":[],"class_list":{"0":"post-62236","1":"product","2":"type-product","3":"status-publish","4":"has-post-thumbnail","6":"product_brand-brandp_1251","7":"product_cat-autres-appareils-de-cuisines","8":"product_cat-cuisine-gourmet","9":"product_cat-petit-electromenager","11":"first","12":"instock","13":"taxable","14":"shipping-taxable","15":"purchasable","16":"product-type-simple"},"_links":{"self":[{"href":"https:\/\/bigbuy.tupique.com\/es\/wp-json\/wp\/v2\/product\/62236","targetHints":{"allow":["GET"]}}],"collection":[{"href":"https:\/\/bigbuy.tupique.com\/es\/wp-json\/wp\/v2\/product"}],"about":[{"href":"https:\/\/bigbuy.tupique.com\/es\/wp-json\/wp\/v2\/types\/product"}],"replies":[{"embeddable":true,"href":"https:\/\/bigbuy.tupique.com\/es\/wp-json\/wp\/v2\/comments?post=62236"}],"wp:featuredmedia":[{"embeddable":true,"href":"https:\/\/bigbuy.tupique.com\/es\/wp-json\/wp\/v2\/media\/62234"}],"wp:attachment":[{"href":"https:\/\/bigbuy.tupique.com\/es\/wp-json\/wp\/v2\/media?parent=62236"}],"wp:term":[{"taxonomy":"product_brand","embeddable":true,"href":"https:\/\/bigbuy.tupique.com\/es\/wp-json\/wp\/v2\/product_brand?post=62236"},{"taxonomy":"product_cat","embeddable":true,"href":"https:\/\/bigbuy.tupique.com\/es\/wp-json\/wp\/v2\/product_cat?post=62236"},{"taxonomy":"product_tag","embeddable":true,"href":"https:\/\/bigbuy.tupique.com\/es\/wp-json\/wp\/v2\/product_tag?post=62236"}],"curies":[{"name":"wp","href":"https:\/\/api.w.org\/{rel}","templated":true}]}}