{"id":62007,"date":"2026-04-01T16:38:24","date_gmt":"2026-04-01T15:38:24","guid":{"rendered":"https:\/\/bigbuy.tupique.com\/produto\/induction-hot-plate-samsung-nz63b5046gk-u1-59-cm\/"},"modified":"2026-04-15T02:19:15","modified_gmt":"2026-04-15T01:19:15","slug":"induction-hot-plate-samsung-nz63b5046gk-u1-59-cm","status":"publish","type":"product","link":"https:\/\/bigbuy.tupique.com\/es\/produto\/induction-hot-plate-samsung-nz63b5046gk-u1-59-cm\/","title":{"rendered":"Plaque \u00e0 Induction Samsung NZ63B5046GK\/U1 59 cm"},"content":{"rendered":"<p>Si vous pensez r\u00e9nover votre cuisine, achetez <b>Plaque \u00e0 Induction Samsung NZ63B5046GK\/U1 59 cm<\/b> et d\u00b4autres <b>produits Samsung<\/b> !<\/p>\n<p>La <b>table de cuisson \u00e0 induction Samsung NZ63B5046GK\/U1<\/b> est un \u00e9l\u00e9ment essentiel pour toute cuisine moderne recherchant efficacit\u00e9 et pr\u00e9cision en cuisson. Ce mod\u00e8le se distingue comme une <b>table \u00e0 induction<\/b> de <b>60 cm de largeur<\/b> au design \u00e9l\u00e9gant en <b>noir<\/b>, s\u2019int\u00e9grant parfaitement dans les espaces contemporains. Elle dispose de <b>trois zones de cuisson<\/b> contr\u00f4l\u00e9es par un syst\u00e8me de <b>commande tactile<\/b> intuitif permettant de choisir parmi <b>15 niveaux de puissance<\/b>, offrant un r\u00e9glage pr\u00e9cis adapt\u00e9 \u00e0 chaque type de pr\u00e9paration et ustensile. L\u2019ensemble d\u00e9livre une puissance maximale de <b>7400 W<\/b>, garantissant un chauffage rapide et efficace, tandis que la technologie \u00e0 induction optimise la consommation d\u2019\u00e9nergie et renforce la s\u00e9curit\u00e9 en limitant la chauffe aux r\u00e9cipients. Parmi ses fonctions cl\u00e9s figurent le <b>minuteur int\u00e9gr\u00e9<\/b>, qui permet de contr\u00f4ler le temps de cuisson pour \u00e9viter la surcuisson, ainsi que le pratique <b>verrouillage enfant<\/b>, assurant la tranquillit\u00e9 dans les foyers avec enfants en emp\u00eachant toute utilisation accidentelle. Son <b>\u00e9cran int\u00e9gr\u00e9<\/b> facilite la surveillance constante des fonctions et r\u00e9glages, contribuant \u00e0 une exp\u00e9rience d\u2019utilisation confortable et pr\u00e9cise. La combinaison de ces caract\u00e9ristiques fait de cette table une option polyvalente et fiable pour ceux qui appr\u00e9cient \u00e0 la fois le design et la technologie avanc\u00e9e dans leurs appareils de cuisine. En r\u00e9sum\u00e9, la Samsung NZ63B5046GK\/U1 r\u00e9unit des performances techniques importantes qui facilitent une cuisson efficace, s\u00fbre et adapt\u00e9e aux besoins de l\u2019utilisateur actuel.<\/p>\n<ul>\n<li>Produit \u00e0 brancher: Oui<\/li>\n<li>Type de prise: Prise EU<\/li>\n<li>puissance: 7400 W<\/li>\n<li>Type: Plaque \u00e0 Induction<\/li>\n<li>Bloc d\u2019Alimentation: r\u00e9seau \u00e9lectrique<\/li>\n<li>Couleur: Noir<\/li>\n<li>Largeur:\n<ul>\n<li>60 cm<\/li>\n<li>59 cm<\/li>\n<\/ul>\n<\/li>\n<li>Caract\u00e9ristiques:\n<ul>\n<li>Minuterie<\/li>\n<li>Verrouillage pour enfants<\/li>\n<li>\u00c9cran integr\u00e9<\/li>\n<li>Commande tactile<\/li>\n<li>Int\u00e9gr\u00e9<\/li>\n<\/ul>\n<\/li>\n<li>Connectivit\u00e9: Wi-Fi<\/li>\n<li>Tension: 220-240 V<\/li>\n<li>Niveaux de puissance: 15<\/li>\n<li>Zones de cuisson: 3<\/li>\n<li>Profondeur de compartiment d&#8217;installation: 48 cm<\/li>\n<\/ul>","protected":false},"excerpt":{"rendered":"<p>Si vous pensez r\u00e9nover votre cuisine, achetez Plaque \u00e0 Induction Samsung NZ63B5046GK\/U1 59 cm et d\u00b4autres produits Samsung ! La table de cuisson \u00e0 induction Samsung NZ63B5046GK\/U1 est un \u00e9l\u00e9ment essentiel pour toute cuisine moderne recherchant efficacit\u00e9 et pr\u00e9cision en cuisson. Ce mod\u00e8le se distingue comme une table \u00e0 induction de 60 cm de largeur [&hellip;]<\/p>\n","protected":false},"featured_media":62006,"comment_status":"open","ping_status":"closed","template":"","meta":[],"product_brand":[183],"product_cat":[60,77,78],"product_tag":[55,56],"class_list":{"0":"post-62007","1":"product","2":"type-product","3":"status-publish","4":"has-post-thumbnail","6":"product_brand-brandp_576","7":"product_cat-cuisine-gourmet","8":"product_cat-petit-electromenager","9":"product_cat-plaques-de-cuisson","10":"product_tag-tag_926","11":"product_tag-tag_930","13":"first","14":"instock","15":"taxable","16":"shipping-taxable","17":"purchasable","18":"product-type-simple"},"_links":{"self":[{"href":"https:\/\/bigbuy.tupique.com\/es\/wp-json\/wp\/v2\/product\/62007","targetHints":{"allow":["GET"]}}],"collection":[{"href":"https:\/\/bigbuy.tupique.com\/es\/wp-json\/wp\/v2\/product"}],"about":[{"href":"https:\/\/bigbuy.tupique.com\/es\/wp-json\/wp\/v2\/types\/product"}],"replies":[{"embeddable":true,"href":"https:\/\/bigbuy.tupique.com\/es\/wp-json\/wp\/v2\/comments?post=62007"}],"wp:featuredmedia":[{"embeddable":true,"href":"https:\/\/bigbuy.tupique.com\/es\/wp-json\/wp\/v2\/media\/62006"}],"wp:attachment":[{"href":"https:\/\/bigbuy.tupique.com\/es\/wp-json\/wp\/v2\/media?parent=62007"}],"wp:term":[{"taxonomy":"product_brand","embeddable":true,"href":"https:\/\/bigbuy.tupique.com\/es\/wp-json\/wp\/v2\/product_brand?post=62007"},{"taxonomy":"product_cat","embeddable":true,"href":"https:\/\/bigbuy.tupique.com\/es\/wp-json\/wp\/v2\/product_cat?post=62007"},{"taxonomy":"product_tag","embeddable":true,"href":"https:\/\/bigbuy.tupique.com\/es\/wp-json\/wp\/v2\/product_tag?post=62007"}],"curies":[{"name":"wp","href":"https:\/\/api.w.org\/{rel}","templated":true}]}}