{"id":62005,"date":"2026-04-01T16:38:23","date_gmt":"2026-04-01T15:38:23","guid":{"rendered":"https:\/\/bigbuy.tupique.com\/produto\/smartwatch-polar-grit-x-pro-zafiro-titan-m-l-black-12\/"},"modified":"2026-05-11T19:56:37","modified_gmt":"2026-05-11T17:56:37","slug":"smartwatch-polar-grit-x-pro-zafiro-titan-m-l-black-12","status":"publish","type":"product","link":"https:\/\/bigbuy.tupique.com\/es\/produto\/smartwatch-polar-grit-x-pro-zafiro-titan-m-l-black-12\/","title":{"rendered":"Montre intelligente Polar GRIT X PRO ZAFIRO TITAN M\/L Noir 1,2&#8243;"},"content":{"rendered":"<p>Si vous \u00eates passionn\u00e9 d&#8217;<b>informatique et d&#8217;\u00e9lectronique<\/b>, si vous \u00eates \u00e0 la pointe de la technologie et qu&#8217;aucun d\u00e9tail ne vous \u00e9chappe, achetez <b>Montre intelligente Polar GRIT X PRO ZAFIRO TITAN M\/L Noir 1,2&#8243;<\/b> au meilleur prix.<\/p>\n<p>Le <b>Polar GRIT X PRO ZAFIRO TITAN M\/L<\/b> est une <b>smartwatch<\/b> con\u00e7ue pour les utilisateurs recherchant robustesse et pr\u00e9cision dans leurs entra\u00eenements et activit\u00e9s en plein air. Cette montre connect\u00e9e allie un design r\u00e9sistant \u00e0 un bracelet en <b>silicone noir<\/b> offrant confort et durabilit\u00e9 au quotidien ou en conditions difficiles. \u00c9quip\u00e9e de la connectivit\u00e9 <b>Bluetooth<\/b> et <b>GPS<\/b>, elle permet une liaison efficace avec d\u2019autres appareils et un suivi pr\u00e9cis de la localisation, essentiel pour les sportifs et aventuriers n\u00e9cessitant des donn\u00e9es fiables en temps r\u00e9el. Son \u00e9cran tactile facilite une navigation intuitive parmi les diff\u00e9rentes fonctions, tandis que les haut-parleurs int\u00e9gr\u00e9s \u00e9largissent les possibilit\u00e9s d\u2019interaction et de communication. Le bo\u00eetier de cette montre mesure <b>47 mm<\/b> de diam\u00e8tre et est fabriqu\u00e9 en <b>titane<\/b>, garantissant une haute r\u00e9sistance avec un poids contenu, id\u00e9al pour ceux qui pr\u00e9f\u00e8rent un \u00e9quilibre entre l\u00e9g\u00e8ret\u00e9 et solidit\u00e9. De plus, son syst\u00e8me est \u00e9tanche, ce qui \u00e9tend son usage aux activit\u00e9s aquatiques ou sous forte pluie. Son design refl\u00e8te l\u2019engagement de Polar pour la qualit\u00e9 et la technologie avanc\u00e9e, offrant un \u00e9quipement fiable pour le suivi sportif avec un bon \u00e9quilibre entre technologie de pointe et robustesse. Ce mod\u00e8le positionne la gamme GRIT X PRO comme une option professionnelle pour ceux qui exigent fiabilit\u00e9 et pr\u00e9cision dans leurs appareils portables.<\/p>\n<ul>\n<li>Produit \u00e0 brancher: Oui<\/li>\n<li>Type de prise: Prise EU<\/li>\n<li>Type de montre: Montre intelligente<\/li>\n<li>Bloc d\u2019Alimentation: r\u00e9seau \u00e9lectrique<\/li>\n<li>Caract\u00e9ristiques:\n<ul>\n<li>Ecran tactile<\/li>\n<li>R\u00e9sistant \u00e0 l&#8217;eau<\/li>\n<li>Port USB<\/li>\n<li>Haut-parleurs int\u00e9gr\u00e9s<\/li>\n<li>Alarme<\/li>\n<li>Microphone int\u00e9gr\u00e9<\/li>\n<li>Appareil photo int\u00e9gr\u00e9<\/li>\n<li>Chronom\u00e8tre<\/li>\n<li>Multisport<\/li>\n<\/ul>\n<\/li>\n<li>Connectivit\u00e9:\n<ul>\n<li>Bluetooth<\/li>\n<li>GPS<\/li>\n<li>Glonass<\/li>\n<li>Galileo<\/li>\n<li>Bluetooth Low Energy<\/li>\n<\/ul>\n<\/li>\n<li>Mat\u00e9riau du bracelet: Silicone<\/li>\n<li>Couleur du bracelet: Noir<\/li>\n<li>Couleur du cadran: Noir<\/li>\n<li>Glonass: Oui<\/li>\n<li>Couleur: Noir<\/li>\n<li>Mati\u00e8re: Silicone<\/li>\n<li>Connexions: USB<\/li>\n<li>Forme: Rond<\/li>\n<li>Ecran: 1,2&#8243;<\/li>\n<li>R\u00e9solution: 240 x 240 px<\/li>\n<li>\u00c2ge recommand\u00e9: Adultes<\/li>\n<li>Inclut: Minuterie<\/li>\n<li>Autonomie approx.: 100heures<\/li>\n<li>Fonctionne \u00e0 piles: 1 Pol\u00edmero de litio<\/li>\n<li>Dimensions approx.: 20 mm<\/li>\n<li>Ann\u00e9e: 2021<\/li>\n<\/ul>","protected":false},"excerpt":{"rendered":"<p>Si vous \u00eates passionn\u00e9 d&#8217;informatique et d&#8217;\u00e9lectronique, si vous \u00eates \u00e0 la pointe de la technologie et qu&#8217;aucun d\u00e9tail ne vous \u00e9chappe, achetez Montre intelligente Polar GRIT X PRO ZAFIRO TITAN M\/L Noir 1,2&#8243; au meilleur prix. Le Polar GRIT X PRO ZAFIRO TITAN M\/L est une smartwatch con\u00e7ue pour les utilisateurs recherchant robustesse et [&hellip;]<\/p>\n","protected":false},"featured_media":62003,"comment_status":"open","ping_status":"closed","template":"","meta":[],"product_brand":[178],"product_cat":[575,65,748],"product_tag":[103,566,106],"class_list":{"0":"post-62005","1":"product","2":"type-product","3":"status-publish","4":"has-post-thumbnail","6":"product_brand-brandp_5019","7":"product_cat-electronique-telephonie-et-tablettes","8":"product_cat-informatique-electronique","9":"product_cat-smartwatches","10":"product_tag-tag_1261","11":"product_tag-tag_547","12":"product_tag-tag_1295","14":"first","15":"instock","16":"taxable","17":"shipping-taxable","18":"purchasable","19":"product-type-simple"},"_links":{"self":[{"href":"https:\/\/bigbuy.tupique.com\/es\/wp-json\/wp\/v2\/product\/62005","targetHints":{"allow":["GET"]}}],"collection":[{"href":"https:\/\/bigbuy.tupique.com\/es\/wp-json\/wp\/v2\/product"}],"about":[{"href":"https:\/\/bigbuy.tupique.com\/es\/wp-json\/wp\/v2\/types\/product"}],"replies":[{"embeddable":true,"href":"https:\/\/bigbuy.tupique.com\/es\/wp-json\/wp\/v2\/comments?post=62005"}],"wp:featuredmedia":[{"embeddable":true,"href":"https:\/\/bigbuy.tupique.com\/es\/wp-json\/wp\/v2\/media\/62003"}],"wp:attachment":[{"href":"https:\/\/bigbuy.tupique.com\/es\/wp-json\/wp\/v2\/media?parent=62005"}],"wp:term":[{"taxonomy":"product_brand","embeddable":true,"href":"https:\/\/bigbuy.tupique.com\/es\/wp-json\/wp\/v2\/product_brand?post=62005"},{"taxonomy":"product_cat","embeddable":true,"href":"https:\/\/bigbuy.tupique.com\/es\/wp-json\/wp\/v2\/product_cat?post=62005"},{"taxonomy":"product_tag","embeddable":true,"href":"https:\/\/bigbuy.tupique.com\/es\/wp-json\/wp\/v2\/product_tag?post=62005"}],"curies":[{"name":"wp","href":"https:\/\/api.w.org\/{rel}","templated":true}]}}