{"id":61976,"date":"2026-04-01T16:37:47","date_gmt":"2026-04-01T15:37:47","guid":{"rendered":"https:\/\/bigbuy.tupique.com\/produto\/conventional-hood-mepamsa-stilo-neo-70-steel\/"},"modified":"2026-04-15T00:47:29","modified_gmt":"2026-04-14T23:47:29","slug":"conventional-hood-mepamsa-stilo-neo-70-steel","status":"publish","type":"product","link":"https:\/\/bigbuy.tupique.com\/es\/produto\/conventional-hood-mepamsa-stilo-neo-70-steel\/","title":{"rendered":"Hotte standard Mepamsa STILO NEO 70 Acier"},"content":{"rendered":"<p>Si vous pensez r\u00e9nover votre cuisine, achetez <b>Hotte standard Mepamsa STILO NEO 70 Acier<\/b> et d\u00b4autres <b>produits Mepamsa<\/b> !<\/p>\n<p>La <b>hotte classique STILO NEO 70<\/b> de la marque <b>Mepamsa<\/b> est une solution pratique et efficace pour l\u2019extraction des fum\u00e9es et odeurs dans les cuisines domestiques, con\u00e7ue pour une installation murale. Elle est principalement fabriqu\u00e9e en <b>plastique avec finition couleur acier<\/b>, alliant durabilit\u00e9 et style sobre qui s\u2019int\u00e8gre facilement dans divers environnements. Elle dispose d\u2019une <b>largeur de 70 cm<\/b> (698 mm), adapt\u00e9e aux cuisines standards, et est \u00e9quip\u00e9e d\u2019un syst\u00e8me de filtration avec filtre en <b>acier inoxydable lavable<\/b>, facilitant l\u2019entretien et garantissant une meilleure qualit\u00e9 de l\u2019air. Sa <b>classe \u00e9nerg\u00e9tique B<\/b> assure une consommation ma\u00eetris\u00e9e, tandis que son moteur offre une <b>capacit\u00e9 maximale d\u2019extraction de 710 m\u00b3\/h<\/b>, suffisante pour maintenir l\u2019air propre et sans fum\u00e9e pendant la cuisson. Elle int\u00e8gre <b>trois vitesses<\/b> permettant d\u2019ajuster le niveau d\u2019extraction selon les besoins, optimisant les performances acoustiques avec un niveau sonore de <b>50 dB en basse vitesse<\/b>, contribuant ainsi \u00e0 un environnement plus confortable et moins bruyant. Elle dispose \u00e9galement d\u2019un \u00e9clairage LED, offrant une source lumineuse efficace et durable pour am\u00e9liorer la visibilit\u00e9 sur la zone de cuisson. La combinaison de ses mat\u00e9riaux, puissance et fonctionnalit\u00e9s fait de cette hotte une option \u00e9quilibr\u00e9e pour ceux qui recherchent une hotte murale fonctionnelle avec un bon rapport qualit\u00e9-prix. Dans l\u2019ensemble, le mod\u00e8le <b>STILO NEO 70<\/b> repr\u00e9sente une proposition solide dans le segment des hottes classiques, avec des caract\u00e9ristiques techniques adapt\u00e9es \u00e0 un usage quotidien \u00e0 domicile.<\/p>\n<ul>\n<li>Illumination: LED<\/li>\n<li>Couleur: Acier<\/li>\n<li>Type de filtre \u00e0 graisse: Acier inoxydable<\/li>\n<li>Type d&#8217;installation: Paroi<\/li>\n<li>Niveau sonore:\n<ul>\n<li>69 dB<\/li>\n<li>50 dB<\/li>\n<\/ul>\n<\/li>\n<li>Lampes: 2<\/li>\n<li>Produit \u00e0 brancher: Oui<\/li>\n<li>Type de prise: Prise EU<\/li>\n<li>Type: Hotte standard<\/li>\n<li>Vitesse: 3 vitesses<\/li>\n<li>Bloc d\u2019Alimentation: r\u00e9seau \u00e9lectrique<\/li>\n<li>Largeur: 70 cm<\/li>\n<li>Classification \u00e9nerg\u00e9tique: B<\/li>\n<li>Type d&#8217;ampoule: LED<\/li>\n<li>Moteur: 1<\/li>\n<li>Filtre:\n<ul>\n<li>Acier inoxydable<\/li>\n<li>Lavable<\/li>\n<\/ul>\n<\/li>\n<li>Capacit\u00e9 d\u2019extraction: 710 m3\/h<\/li>\n<li>Mati\u00e8re: Plastique<\/li>\n<li>Technologie: LED<\/li>\n<\/ul>","protected":false},"excerpt":{"rendered":"<p>Si vous pensez r\u00e9nover votre cuisine, achetez Hotte standard Mepamsa STILO NEO 70 Acier et d\u00b4autres produits Mepamsa ! La hotte classique STILO NEO 70 de la marque Mepamsa est une solution pratique et efficace pour l\u2019extraction des fum\u00e9es et odeurs dans les cuisines domestiques, con\u00e7ue pour une installation murale. Elle est principalement fabriqu\u00e9e en [&hellip;]<\/p>\n","protected":false},"featured_media":61974,"comment_status":"open","ping_status":"closed","template":"","meta":[],"product_brand":[1540],"product_cat":[60,61,62],"product_tag":[56],"class_list":{"0":"post-61976","1":"product","2":"type-product","3":"status-publish","4":"has-post-thumbnail","6":"product_brand-brandp_1292","7":"product_cat-cuisine-gourmet","8":"product_cat-equipement-de-cuisine","9":"product_cat-hottes-de-cuisine","10":"product_tag-tag_930","12":"first","13":"instock","14":"taxable","15":"shipping-taxable","16":"purchasable","17":"product-type-simple"},"_links":{"self":[{"href":"https:\/\/bigbuy.tupique.com\/es\/wp-json\/wp\/v2\/product\/61976","targetHints":{"allow":["GET"]}}],"collection":[{"href":"https:\/\/bigbuy.tupique.com\/es\/wp-json\/wp\/v2\/product"}],"about":[{"href":"https:\/\/bigbuy.tupique.com\/es\/wp-json\/wp\/v2\/types\/product"}],"replies":[{"embeddable":true,"href":"https:\/\/bigbuy.tupique.com\/es\/wp-json\/wp\/v2\/comments?post=61976"}],"wp:featuredmedia":[{"embeddable":true,"href":"https:\/\/bigbuy.tupique.com\/es\/wp-json\/wp\/v2\/media\/61974"}],"wp:attachment":[{"href":"https:\/\/bigbuy.tupique.com\/es\/wp-json\/wp\/v2\/media?parent=61976"}],"wp:term":[{"taxonomy":"product_brand","embeddable":true,"href":"https:\/\/bigbuy.tupique.com\/es\/wp-json\/wp\/v2\/product_brand?post=61976"},{"taxonomy":"product_cat","embeddable":true,"href":"https:\/\/bigbuy.tupique.com\/es\/wp-json\/wp\/v2\/product_cat?post=61976"},{"taxonomy":"product_tag","embeddable":true,"href":"https:\/\/bigbuy.tupique.com\/es\/wp-json\/wp\/v2\/product_tag?post=61976"}],"curies":[{"name":"wp","href":"https:\/\/api.w.org\/{rel}","templated":true}]}}