{"id":61878,"date":"2026-04-01T16:35:32","date_gmt":"2026-04-01T15:35:32","guid":{"rendered":"https:\/\/bigbuy.tupique.com\/produto\/reflex-camera-canon-cq51855\/"},"modified":"2026-04-15T06:39:25","modified_gmt":"2026-04-15T05:39:25","slug":"reflex-camera-canon-cq51855","status":"publish","type":"product","link":"https:\/\/bigbuy.tupique.com\/es\/produto\/reflex-camera-canon-cq51855\/","title":{"rendered":"Appareil Photo Reflex Canon CQ51855"},"content":{"rendered":"<p>Si vous \u00eates \u00e0 la recherche de nouvelles tendances sur le march\u00e9, nous vous pr\u00e9sentons <b>Appareil Photo Reflex Canon CQ51855<\/b> !<\/p>\n<ul>\n<li>Type: Reflex<\/li>\n<li>Couleur: Noir<\/li>\n<li>Cam\u00e9ra\/Appareil Photo: 24 MP<\/li>\n<li>Capteur: CMOS<\/li>\n<li>ISO: 100-25600<\/li>\n<li>R\u00e9solution: 5184 x 3888<\/li>\n<\/ul>","protected":false},"excerpt":{"rendered":"<p>Si vous \u00eates \u00e0 la recherche de nouvelles tendances sur le march\u00e9, nous vous pr\u00e9sentons Appareil Photo Reflex Canon CQ51855 ! Type: Reflex Couleur: Noir Cam\u00e9ra\/Appareil Photo: 24 MP Capteur: CMOS ISO: 100-25600 R\u00e9solution: 5184 x 3888<\/p>","protected":false},"featured_media":61877,"comment_status":"open","ping_status":"closed","template":"","meta":[],"product_brand":[637],"product_cat":[1380,600,65],"product_tag":[571],"class_list":{"0":"post-61878","1":"product","2":"type-product","3":"status-publish","4":"has-post-thumbnail","6":"product_brand-brandp_539","7":"product_cat-appareils-photo-reflex","8":"product_cat-electronique-photo-et-video","9":"product_cat-informatique-electronique","10":"product_tag-tag_27","12":"first","13":"instock","14":"taxable","15":"shipping-taxable","16":"purchasable","17":"product-type-simple"},"_links":{"self":[{"href":"https:\/\/bigbuy.tupique.com\/es\/wp-json\/wp\/v2\/product\/61878","targetHints":{"allow":["GET"]}}],"collection":[{"href":"https:\/\/bigbuy.tupique.com\/es\/wp-json\/wp\/v2\/product"}],"about":[{"href":"https:\/\/bigbuy.tupique.com\/es\/wp-json\/wp\/v2\/types\/product"}],"replies":[{"embeddable":true,"href":"https:\/\/bigbuy.tupique.com\/es\/wp-json\/wp\/v2\/comments?post=61878"}],"wp:featuredmedia":[{"embeddable":true,"href":"https:\/\/bigbuy.tupique.com\/es\/wp-json\/wp\/v2\/media\/61877"}],"wp:attachment":[{"href":"https:\/\/bigbuy.tupique.com\/es\/wp-json\/wp\/v2\/media?parent=61878"}],"wp:term":[{"taxonomy":"product_brand","embeddable":true,"href":"https:\/\/bigbuy.tupique.com\/es\/wp-json\/wp\/v2\/product_brand?post=61878"},{"taxonomy":"product_cat","embeddable":true,"href":"https:\/\/bigbuy.tupique.com\/es\/wp-json\/wp\/v2\/product_cat?post=61878"},{"taxonomy":"product_tag","embeddable":true,"href":"https:\/\/bigbuy.tupique.com\/es\/wp-json\/wp\/v2\/product_tag?post=61878"}],"curies":[{"name":"wp","href":"https:\/\/api.w.org\/{rel}","templated":true}]}}