{"id":61765,"date":"2026-04-01T16:19:11","date_gmt":"2026-04-01T15:19:11","guid":{"rendered":"https:\/\/bigbuy.tupique.com\/produto\/dishwasher-sharp\/"},"modified":"2026-04-15T05:22:41","modified_gmt":"2026-04-15T04:22:41","slug":"dishwasher-sharp","status":"publish","type":"product","link":"https:\/\/bigbuy.tupique.com\/es\/produto\/dishwasher-sharp\/","title":{"rendered":"Lave-vaisselle Sharp"},"content":{"rendered":"<p>Si vous \u00eates \u00e0 la recherche de nouvelles tendances sur le march\u00e9, nous vous pr\u00e9sentons <b>Lave-vaisselle Sharp<\/b> !<\/p>\n<p>Le <b>lave-vaisselle Sharp<\/b> d\u2019une capacit\u00e9 de <b>14 couverts<\/b> est une solution pratique et efficace pour la maison, alliant des dimensions compactes \u00e0 un design en <b>acier inoxydable<\/b> et une hauteur standard de <b>84,5 cm<\/b>, facilitant son int\u00e9gration dans les cuisines modernes. Il dispose de <b>9 programmes de lavage<\/b> adapt\u00e9s \u00e0 divers besoins, incluant des cycles rapides comme Mini 14 et le cycle rapide de 30 minutes, ainsi que des options \u00e9co\u00e9nerg\u00e9tiques telles que le programme Eco qui consomme seulement <b>5,4 litres d\u2019eau<\/b>, contribuant \u00e0 r\u00e9duire l\u2019impact environnemental. Parmi ses programmes phares figurent le lavage dual pro \u00e0 <b>60\u00baC<\/b>, le super \u00e0 50\u00baC et des cycles intelligents fonctionnant \u00e0 des temp\u00e9ratures variables entre 30\u00baC et 70\u00baC, ainsi qu\u2019un cycle sp\u00e9cial vapeur assurant un nettoyage en profondeur et un meilleur soin de la vaisselle. Ce mod\u00e8le est \u00e9quip\u00e9 d\u2019une <b>\u00e9cran int\u00e9gr\u00e9<\/b> facilitant le contr\u00f4le et la s\u00e9lection des fonctions, augmentant le confort d\u2019utilisation. Son type d\u2019installation est <b>pose libre<\/b>, offrant une grande flexibilit\u00e9 pour s\u2019adapter \u00e0 diff\u00e9rents espaces sans besoin d\u2019encastrement. En termes d\u2019efficacit\u00e9 \u00e9nerg\u00e9tique, il est class\u00e9 <b>Classe C<\/b>, avec une puissance maximale de <b>1900 W<\/b>, optimisant la consommation \u00e9lectrique sans compromettre la performance de lavage. Sa largeur r\u00e9elle de <b>59,8 cm<\/b> est conforme aux standards du march\u00e9, garantissant un espace suffisant pour un grand nombre d\u2019ustensiles. Ce lave-vaisselle allie capacit\u00e9, vari\u00e9t\u00e9 de programmes et fonctionnalit\u00e9s pratiques dans un design robuste et fonctionnel, id\u00e9al pour ceux qui recherchent une solution polyvalente et fiable pour l\u2019entretien quotidien de leur vaisselle.<\/p>\n<ul>\n<li>Produit \u00e0 brancher: Oui<\/li>\n<li>Type: Lave-vaisselle<\/li>\n<li>Type de prise: Prise EU<\/li>\n<li>Bloc d\u2019Alimentation: r\u00e9seau \u00e9lectrique<\/li>\n<li>Capacit\u00e9 (Nb de couverts): 14<\/li>\n<li>Classification \u00e9nerg\u00e9tique: C<\/li>\n<li>Caract\u00e9ristiques: \u00c9cran integr\u00e9<\/li>\n<li>Type d&#8217;installation: Auto-assemblage<\/li>\n<li>puissance: 1900 W<\/li>\n<li>Programmes:\n<ul>\n<li>9<\/li>\n<li>Rapide<\/li>\n<li>ECO<\/li>\n<\/ul>\n<\/li>\n<li>Couleur: Acier<\/li>\n<li>Fonctions:\n<ul>\n<li>ECO<\/li>\n<li>Auto-nettoyant<\/li>\n<li>Vapeur<\/li>\n<li>Programmes automatiques<\/li>\n<\/ul>\n<\/li>\n<li>Niveau sonore: 44 dB<\/li>\n<li>\u00c9lev\u00e9: 84,5 cm<\/li>\n<li>Capacit\u00e9: 14 Couverts<\/li>\n<\/ul>","protected":false},"excerpt":{"rendered":"<p>Si vous \u00eates \u00e0 la recherche de nouvelles tendances sur le march\u00e9, nous vous pr\u00e9sentons Lave-vaisselle Sharp ! Le lave-vaisselle Sharp d\u2019une capacit\u00e9 de 14 couverts est une solution pratique et efficace pour la maison, alliant des dimensions compactes \u00e0 un design en acier inoxydable et une hauteur standard de 84,5 cm, facilitant son int\u00e9gration [&hellip;]<\/p>\n","protected":false},"featured_media":61764,"comment_status":"open","ping_status":"closed","template":"","meta":[],"product_brand":[1088],"product_cat":[393,60,77],"product_tag":[],"class_list":{"0":"post-61765","1":"product","2":"type-product","3":"status-publish","4":"has-post-thumbnail","6":"product_brand-brandp_3340","7":"product_cat-autres-appareils-de-cuisines","8":"product_cat-cuisine-gourmet","9":"product_cat-petit-electromenager","11":"first","12":"instock","13":"taxable","14":"shipping-taxable","15":"purchasable","16":"product-type-simple"},"_links":{"self":[{"href":"https:\/\/bigbuy.tupique.com\/es\/wp-json\/wp\/v2\/product\/61765","targetHints":{"allow":["GET"]}}],"collection":[{"href":"https:\/\/bigbuy.tupique.com\/es\/wp-json\/wp\/v2\/product"}],"about":[{"href":"https:\/\/bigbuy.tupique.com\/es\/wp-json\/wp\/v2\/types\/product"}],"replies":[{"embeddable":true,"href":"https:\/\/bigbuy.tupique.com\/es\/wp-json\/wp\/v2\/comments?post=61765"}],"wp:featuredmedia":[{"embeddable":true,"href":"https:\/\/bigbuy.tupique.com\/es\/wp-json\/wp\/v2\/media\/61764"}],"wp:attachment":[{"href":"https:\/\/bigbuy.tupique.com\/es\/wp-json\/wp\/v2\/media?parent=61765"}],"wp:term":[{"taxonomy":"product_brand","embeddable":true,"href":"https:\/\/bigbuy.tupique.com\/es\/wp-json\/wp\/v2\/product_brand?post=61765"},{"taxonomy":"product_cat","embeddable":true,"href":"https:\/\/bigbuy.tupique.com\/es\/wp-json\/wp\/v2\/product_cat?post=61765"},{"taxonomy":"product_tag","embeddable":true,"href":"https:\/\/bigbuy.tupique.com\/es\/wp-json\/wp\/v2\/product_tag?post=61765"}],"curies":[{"name":"wp","href":"https:\/\/api.w.org\/{rel}","templated":true}]}}