{"id":61763,"date":"2026-04-01T16:19:07","date_gmt":"2026-04-01T15:19:07","guid":{"rendered":"https:\/\/bigbuy.tupique.com\/produto\/freezer-sharp\/"},"modified":"2026-05-11T19:56:54","modified_gmt":"2026-05-11T17:56:54","slug":"freezer-sharp","status":"publish","type":"product","link":"https:\/\/bigbuy.tupique.com\/es\/produto\/freezer-sharp\/","title":{"rendered":"Cong\u00e9lateur Sharp"},"content":{"rendered":"<p>Si vous pensez r\u00e9nover votre cuisine, achetez <b>Cong\u00e9lateur Sharp<\/b> et d\u00b4autres <b>produits Sharp<\/b> !<\/p>\n<p>Le <b>cong\u00e9lateur<\/b> Sharp SJSE200E2XSES r\u00e9pond aux besoins de stockage des aliments \u00e0 basse temp\u00e9rature dans tout environnement domestique, avec des <b>dimensions approximatives de 177 x 54 cm<\/b> facilitant son int\u00e9gration dans les cuisines et espaces restreints sans sacrifier une grande capacit\u00e9 int\u00e9rieure. Con\u00e7u pour \u00eatre branch\u00e9 sur le <b>secteur \u00e9lectrique<\/b>, il assure un fonctionnement constant et s\u00e9curis\u00e9, id\u00e9al pour la conservation des aliments sur de longues p\u00e9riodes. La marque Sharp, reconnue pour sa fiabilit\u00e9 et sa technologie dans le domaine de la r\u00e9frig\u00e9ration, a d\u00e9velopp\u00e9 ce mod\u00e8le en privil\u00e9giant la simplicit\u00e9 d\u2019utilisation et l\u2019efficacit\u00e9, permettant un acc\u00e8s ais\u00e9 aux produits stock\u00e9s dans son compartiment de <b>cong\u00e9lateur vertical<\/b>. Sa configuration s\u2019adresse \u00e0 ceux qui souhaitent organiser et contr\u00f4ler leurs r\u00e9serves alimentaires avec une gestion efficace de l\u2019espace. Le Sharp SJSE200E2XSES est un choix fonctionnel et pratique pour ceux qui recherchent un cong\u00e9lateur ind\u00e9pendant offrant des performances optimales et une adaptation \u00e0 diff\u00e9rentes configurations domestiques.<\/p>\n<ul>\n<li>Produit \u00e0 brancher: Oui<\/li>\n<li>Type: Cong\u00e9lateur<\/li>\n<li>Bloc d\u2019Alimentation: r\u00e9seau \u00e9lectrique<\/li>\n<li>Dimensions approx.: 177 x 54 cm<\/li>\n<li>Type d&#8217;installation: Auto-assemblage<\/li>\n<li>Couleur: Acier<\/li>\n<li>Technologie: No Frost<\/li>\n<li>\u00c9lev\u00e9: 177 cm<\/li>\n<\/ul>","protected":false},"excerpt":{"rendered":"<p>Si vous pensez r\u00e9nover votre cuisine, achetez Cong\u00e9lateur Sharp et d\u00b4autres produits Sharp ! Le cong\u00e9lateur Sharp SJSE200E2XSES r\u00e9pond aux besoins de stockage des aliments \u00e0 basse temp\u00e9rature dans tout environnement domestique, avec des dimensions approximatives de 177 x 54 cm facilitant son int\u00e9gration dans les cuisines et espaces restreints sans sacrifier une grande capacit\u00e9 [&hellip;]<\/p>\n","protected":false},"featured_media":61762,"comment_status":"open","ping_status":"closed","template":"","meta":[],"product_brand":[1088],"product_cat":[60,77,226],"product_tag":[],"class_list":{"0":"post-61763","1":"product","2":"type-product","3":"status-publish","4":"has-post-thumbnail","6":"product_brand-brandp_3340","7":"product_cat-cuisine-gourmet","8":"product_cat-petit-electromenager","9":"product_cat-refrigerateurs-et-congelateurs","11":"first","12":"instock","13":"taxable","14":"shipping-taxable","15":"purchasable","16":"product-type-simple"},"_links":{"self":[{"href":"https:\/\/bigbuy.tupique.com\/es\/wp-json\/wp\/v2\/product\/61763","targetHints":{"allow":["GET"]}}],"collection":[{"href":"https:\/\/bigbuy.tupique.com\/es\/wp-json\/wp\/v2\/product"}],"about":[{"href":"https:\/\/bigbuy.tupique.com\/es\/wp-json\/wp\/v2\/types\/product"}],"replies":[{"embeddable":true,"href":"https:\/\/bigbuy.tupique.com\/es\/wp-json\/wp\/v2\/comments?post=61763"}],"wp:featuredmedia":[{"embeddable":true,"href":"https:\/\/bigbuy.tupique.com\/es\/wp-json\/wp\/v2\/media\/61762"}],"wp:attachment":[{"href":"https:\/\/bigbuy.tupique.com\/es\/wp-json\/wp\/v2\/media?parent=61763"}],"wp:term":[{"taxonomy":"product_brand","embeddable":true,"href":"https:\/\/bigbuy.tupique.com\/es\/wp-json\/wp\/v2\/product_brand?post=61763"},{"taxonomy":"product_cat","embeddable":true,"href":"https:\/\/bigbuy.tupique.com\/es\/wp-json\/wp\/v2\/product_cat?post=61763"},{"taxonomy":"product_tag","embeddable":true,"href":"https:\/\/bigbuy.tupique.com\/es\/wp-json\/wp\/v2\/product_tag?post=61763"}],"curies":[{"name":"wp","href":"https:\/\/api.w.org\/{rel}","templated":true}]}}