{"id":61752,"date":"2026-04-01T16:18:52","date_gmt":"2026-04-01T15:18:52","guid":{"rendered":"https:\/\/bigbuy.tupique.com\/produto\/dishwasher-lg-df365fws-white-b\/"},"modified":"2026-04-15T05:10:08","modified_gmt":"2026-04-15T04:10:08","slug":"dishwasher-lg-df365fws-white-b","status":"publish","type":"product","link":"https:\/\/bigbuy.tupique.com\/es\/produto\/dishwasher-lg-df365fws-white-b\/","title":{"rendered":"Lave-vaisselle LG DF365FWS Blanc B"},"content":{"rendered":"<p>Si vous pensez r\u00e9nover votre cuisine, achetez <b>Lave-vaisselle LG DF365FWS Blanc B<\/b> et d\u00b4autres <b>produits LG<\/b> !<\/p>\n<p>Le lave-vaisselle LG QuadWash Steam combine une technologie avanc\u00e9e avec un design fonctionnel pour offrir un nettoyage efficace et de haute qualit\u00e9 \u00e0 chaque cycle. Avec une classe \u00e9nerg\u00e9tique B, cet appareil est non seulement performant en lavage, mais il contribue \u00e9galement \u00e0 r\u00e9duire la consommation d&#8217;\u00e9nergie dans votre foyer. Son design sous plan facilite l&#8217;int\u00e9gration dans toute cuisine, tandis que ses dimensions de 60 cm de large et 85 cm de haut garantissent un ajustement parfait dans l&#8217;espace disponible. Ce mod\u00e8le dispose d&#8217;une finition \u00e9l\u00e9gante en blanc, apportant une touche moderne \u00e0 votre cuisine.<\/p>\n<p>Le syst\u00e8me QuadWash\u2122 permet un nettoyage en profondeur gr\u00e2ce \u00e0 sa technologie innovante de pulv\u00e9risation multidirectionnelle, garantissant que chaque recoin de vos ustensiles de cuisine soit exempt de salet\u00e9. De plus, la fonction vapeur offre un nettoyage plus hygi\u00e9nique, \u00e9liminant jusqu&#8217;\u00e0 99,9 % des bact\u00e9ries et offrant une exp\u00e9rience de lavage sup\u00e9rieure. Ce lave-vaisselle est id\u00e9al pour ceux qui recherchent un \u00e9quilibre entre fonctionnalit\u00e9 et esth\u00e9tique, sans compromettre les performances.<\/p>\n<p>&#8211; Classe \u00e9nerg\u00e9tique : B<\/p>\n<p>&#8211; Largeur : 60 cm<\/p>\n<p>&#8211; Couleur : blanc<\/p>\n<p>&#8211; Hauteur : 85 cm<\/p>\n<p>&#8211; Type d&#8217;installation : sous plan<\/p>\n<p>&#8211; Type : lave-vaisselle<\/p>\n<p>&#8211; Technologie QuadWash\u2122 pour un nettoyage efficace<\/p>\n<p>&#8211; Fonction vapeur pour \u00e9liminer jusqu&#8217;\u00e0 99,9 % des bact\u00e9ries<\/p>\n<ul>\n<li>Couleur: Blanc<\/li>\n<li>Largeur: 60 cm<\/li>\n<li>Caract\u00e9ristiques: \u00c9cran integr\u00e9<\/li>\n<li>Connectivit\u00e9: Wi-Fi<\/li>\n<li>Classification \u00e9nerg\u00e9tique: B<\/li>\n<li>puissance: 1800 W<\/li>\n<li>Fonctions: ECO<\/li>\n<li>Type d&#8217;installation: Sous le plan de travail<\/li>\n<li>Niveau sonore: 43 dB<\/li>\n<li>\u00c9lev\u00e9: 85 cm<\/li>\n<li>Type: Lave-vaisselle<\/li>\n<li>Produit \u00e0 brancher: Oui<\/li>\n<li>Type de prise: Prise EU<\/li>\n<li>Bloc d\u2019Alimentation: r\u00e9seau \u00e9lectrique<\/li>\n<li>Capacit\u00e9 (Nb de couverts): 14<\/li>\n<\/ul>","protected":false},"excerpt":{"rendered":"<p>Si vous pensez r\u00e9nover votre cuisine, achetez Lave-vaisselle LG DF365FWS Blanc B et d\u00b4autres produits LG ! Le lave-vaisselle LG QuadWash Steam combine une technologie avanc\u00e9e avec un design fonctionnel pour offrir un nettoyage efficace et de haute qualit\u00e9 \u00e0 chaque cycle. Avec une classe \u00e9nerg\u00e9tique B, cet appareil est non seulement performant en lavage, [&hellip;]<\/p>\n","protected":false},"featured_media":61744,"comment_status":"open","ping_status":"closed","template":"","meta":[],"product_brand":[662],"product_cat":[393,60,77],"product_tag":[],"class_list":{"0":"post-61752","1":"product","2":"type-product","3":"status-publish","4":"has-post-thumbnail","6":"product_brand-brandp_559","7":"product_cat-autres-appareils-de-cuisines","8":"product_cat-cuisine-gourmet","9":"product_cat-petit-electromenager","11":"first","12":"instock","13":"taxable","14":"shipping-taxable","15":"purchasable","16":"product-type-simple"},"_links":{"self":[{"href":"https:\/\/bigbuy.tupique.com\/es\/wp-json\/wp\/v2\/product\/61752","targetHints":{"allow":["GET"]}}],"collection":[{"href":"https:\/\/bigbuy.tupique.com\/es\/wp-json\/wp\/v2\/product"}],"about":[{"href":"https:\/\/bigbuy.tupique.com\/es\/wp-json\/wp\/v2\/types\/product"}],"replies":[{"embeddable":true,"href":"https:\/\/bigbuy.tupique.com\/es\/wp-json\/wp\/v2\/comments?post=61752"}],"wp:featuredmedia":[{"embeddable":true,"href":"https:\/\/bigbuy.tupique.com\/es\/wp-json\/wp\/v2\/media\/61744"}],"wp:attachment":[{"href":"https:\/\/bigbuy.tupique.com\/es\/wp-json\/wp\/v2\/media?parent=61752"}],"wp:term":[{"taxonomy":"product_brand","embeddable":true,"href":"https:\/\/bigbuy.tupique.com\/es\/wp-json\/wp\/v2\/product_brand?post=61752"},{"taxonomy":"product_cat","embeddable":true,"href":"https:\/\/bigbuy.tupique.com\/es\/wp-json\/wp\/v2\/product_cat?post=61752"},{"taxonomy":"product_tag","embeddable":true,"href":"https:\/\/bigbuy.tupique.com\/es\/wp-json\/wp\/v2\/product_tag?post=61752"}],"curies":[{"name":"wp","href":"https:\/\/api.w.org\/{rel}","templated":true}]}}