{"id":61613,"date":"2026-04-01T16:15:41","date_gmt":"2026-04-01T15:15:41","guid":{"rendered":"https:\/\/bigbuy.tupique.com\/produto\/induction-hot-plate-aeg-tn63ip0bib\/"},"modified":"2026-04-15T04:32:40","modified_gmt":"2026-04-15T03:32:40","slug":"induction-hot-plate-aeg-tn63ip0bib","status":"publish","type":"product","link":"https:\/\/bigbuy.tupique.com\/es\/produto\/induction-hot-plate-aeg-tn63ip0bib\/","title":{"rendered":"Plaque \u00e0 Induction AEG TN63IP0BIB"},"content":{"rendered":"<p>Si vous \u00eates \u00e0 la recherche de nouvelles tendances sur le march\u00e9, nous vous pr\u00e9sentons <b>Plaque \u00e0 Induction AEG TN63IP0BIB<\/b> !<\/p>\n<p>La <b>plaque \u00e0 induction<\/b> AEG est une solution moderne et efficace pour la cuisine domestique, sp\u00e9cialement con\u00e7ue pour ceux qui recherchent rapidit\u00e9, s\u00e9curit\u00e9 et contr\u00f4le lors de la pr\u00e9paration de leurs plats. Ce mod\u00e8le dispose de <b>3 zones de cuisson<\/b>, permettant de cuisiner plusieurs aliments simultan\u00e9ment et d\u2019optimiser l\u2019espace gr\u00e2ce \u00e0 une disposition bien pens\u00e9e. Avec une <b>puissance totale de 7200 W<\/b>, la plaque garantit un chauffage instantan\u00e9 et pr\u00e9cis, facilitant une cuisson uniforme pour une grande vari\u00e9t\u00e9 de recettes, \u00e0 basse ou haute temp\u00e9rature. Fonctionnant sur <b>secteur<\/b> et \u00e9quip\u00e9e d\u2019une <b>prise europ\u00e9enne (EU)<\/b>, son int\u00e9gration dans la plupart des cuisines est simple et rapide. C\u00f4t\u00e9 s\u00e9curit\u00e9, le <b>verrouillage enfants<\/b> est l\u2019un des atouts majeurs du design, emp\u00eachant toute modification involontaire des r\u00e9glages pendant l\u2019utilisation, ce qui rassure dans les foyers familiaux. Le contr\u00f4le s\u2019effectue via une technologie tactile, permettant d\u2019acc\u00e9der intuitivement \u00e0 toutes les fonctions principales, d\u2019ajuster la puissance de chaque zone et de configurer l\u2019appareil selon les besoins de l\u2019utilisateur. Fabriqu\u00e9e selon les standards de qualit\u00e9 AEG, cette plaque \u00e0 induction allie fiabilit\u00e9, efficacit\u00e9 \u00e9nerg\u00e9tique et s\u00e9curit\u00e9 au quotidien dans la cuisine moderne. En r\u00e9sum\u00e9, une option fonctionnelle et avanc\u00e9e pour ceux qui recherchent performance et confort dans la pr\u00e9paration quotidienne de leurs repas.<\/p>\n<ul>\n<li>Type: Plaque \u00e0 Induction<\/li>\n<li>Produit \u00e0 brancher: Oui<\/li>\n<li>Type de prise: Prise EU<\/li>\n<li>Bloc d\u2019Alimentation: r\u00e9seau \u00e9lectrique<\/li>\n<li>Caract\u00e9ristiques: Verrouillage pour enfants<\/li>\n<li>puissance: 7200 W<\/li>\n<li>Zones de cuisson: 3<\/li>\n<li>Couleur: Noir<\/li>\n<li>Contr\u00f4le: Tactile<\/li>\n<li>Type d&#8217;installation: Sur le plan de travail<\/li>\n<li>Mati\u00e8re: Vitroc\u00e9ramique<\/li>\n<\/ul>","protected":false},"excerpt":{"rendered":"<p>Si vous \u00eates \u00e0 la recherche de nouvelles tendances sur le march\u00e9, nous vous pr\u00e9sentons Plaque \u00e0 Induction AEG TN63IP0BIB ! La plaque \u00e0 induction AEG est une solution moderne et efficace pour la cuisine domestique, sp\u00e9cialement con\u00e7ue pour ceux qui recherchent rapidit\u00e9, s\u00e9curit\u00e9 et contr\u00f4le lors de la pr\u00e9paration de leurs plats. Ce mod\u00e8le [&hellip;]<\/p>\n","protected":false},"featured_media":61612,"comment_status":"open","ping_status":"closed","template":"","meta":[],"product_brand":[1386],"product_cat":[60,77,78],"product_tag":[55,56],"class_list":{"0":"post-61613","1":"product","2":"type-product","3":"status-publish","4":"has-post-thumbnail","6":"product_brand-brandp_679","7":"product_cat-cuisine-gourmet","8":"product_cat-petit-electromenager","9":"product_cat-plaques-de-cuisson","10":"product_tag-tag_926","11":"product_tag-tag_930","13":"first","14":"instock","15":"taxable","16":"shipping-taxable","17":"purchasable","18":"product-type-simple"},"_links":{"self":[{"href":"https:\/\/bigbuy.tupique.com\/es\/wp-json\/wp\/v2\/product\/61613","targetHints":{"allow":["GET"]}}],"collection":[{"href":"https:\/\/bigbuy.tupique.com\/es\/wp-json\/wp\/v2\/product"}],"about":[{"href":"https:\/\/bigbuy.tupique.com\/es\/wp-json\/wp\/v2\/types\/product"}],"replies":[{"embeddable":true,"href":"https:\/\/bigbuy.tupique.com\/es\/wp-json\/wp\/v2\/comments?post=61613"}],"wp:featuredmedia":[{"embeddable":true,"href":"https:\/\/bigbuy.tupique.com\/es\/wp-json\/wp\/v2\/media\/61612"}],"wp:attachment":[{"href":"https:\/\/bigbuy.tupique.com\/es\/wp-json\/wp\/v2\/media?parent=61613"}],"wp:term":[{"taxonomy":"product_brand","embeddable":true,"href":"https:\/\/bigbuy.tupique.com\/es\/wp-json\/wp\/v2\/product_brand?post=61613"},{"taxonomy":"product_cat","embeddable":true,"href":"https:\/\/bigbuy.tupique.com\/es\/wp-json\/wp\/v2\/product_cat?post=61613"},{"taxonomy":"product_tag","embeddable":true,"href":"https:\/\/bigbuy.tupique.com\/es\/wp-json\/wp\/v2\/product_tag?post=61613"}],"curies":[{"name":"wp","href":"https:\/\/api.w.org\/{rel}","templated":true}]}}