{"id":61588,"date":"2026-04-01T16:15:12","date_gmt":"2026-04-01T15:15:12","guid":{"rendered":"https:\/\/bigbuy.tupique.com\/produto\/oven-aeg-ou5pb41wsb-gt-72-l\/"},"modified":"2026-04-15T04:08:17","modified_gmt":"2026-04-15T03:08:17","slug":"oven-aeg-ou5pb41wsb-gt-72-l","status":"publish","type":"product","link":"https:\/\/bigbuy.tupique.com\/es\/produto\/oven-aeg-ou5pb41wsb-gt-72-l\/","title":{"rendered":"Four AEG OU5PB41WSB GT 72 L"},"content":{"rendered":"<p>Si vous pensez r\u00e9nover votre cuisine, achetez <b>Four AEG OU5PB41WSB GT 72 L<\/b> et d\u00b4autres <b>produits AEG<\/b> !<\/p>\n<p>Le <b>four AEG mod\u00e8le OU5PB41WSB GT<\/b> est un appareil \u00e9lectrom\u00e9nager con\u00e7u pour offrir une performance efficace et un usage confortable en cuisine, se distinguant par sa <b>capacit\u00e9 int\u00e9rieure de 72 litres<\/b>, id\u00e9ale pour pr\u00e9parer des plats de taille moyenne ou un usage familial r\u00e9gulier. Il dispose d\u2019une <b>classe d\u2019efficacit\u00e9 \u00e9nerg\u00e9tique A++<\/b>, garantissant une consommation r\u00e9duite d\u2019\u00e9nergie sans compromettre les performances, contribuant ainsi \u00e0 des \u00e9conomies sur la facture \u00e9lectrique et \u00e0 un moindre impact environnemental. Son <b>type de commande combin\u00e9e, rotative et tactile<\/b>, permet une gestion pr\u00e9cise et simple des fonctions et des temp\u00e9ratures, facilitant l\u2019exp\u00e9rience utilisateur et l\u2019acc\u00e8s \u00e0 diverses configurations. De plus, ce four int\u00e8gre un syst\u00e8me <b>anti-traces de doigts<\/b> sur sa surface ext\u00e9rieure, assurant une finition propre et esth\u00e9tique facilement. Un autre point fort est la <b>lumi\u00e8re int\u00e9rieure<\/b>, qui offre une vision claire du processus de cuisson sans ouvrir la porte, garantissant un meilleur contr\u00f4le et une moindre perte de chaleur. Le design du four est adapt\u00e9 pour une installation avec prise europ\u00e9enne, ce qui facilite sa compatibilit\u00e9 \u00e9lectrique standard sur le territoire. Ce four AEG allie capacit\u00e9, efficacit\u00e9 et technologie pratique, se positionnant comme une option fonctionnelle et compacte pour les utilisateurs qui valorisent \u00e0 la fois la performance \u00e9nerg\u00e9tique et le confort d\u2019utilisation au quotidien.<\/p>\n<ul>\n<li>Type de four: Four<\/li>\n<li>Produit \u00e0 brancher: Oui<\/li>\n<li>Type de prise: Prise EU<\/li>\n<li>Bloc d\u2019Alimentation: r\u00e9seau \u00e9lectrique<\/li>\n<li>Classification \u00e9nerg\u00e9tique: A++<\/li>\n<li>Capacit\u00e9: 72 L<\/li>\n<\/ul>","protected":false},"excerpt":{"rendered":"<p>Si vous pensez r\u00e9nover votre cuisine, achetez Four AEG OU5PB41WSB GT 72 L et d\u00b4autres produits AEG ! Le four AEG mod\u00e8le OU5PB41WSB GT est un appareil \u00e9lectrom\u00e9nager con\u00e7u pour offrir une performance efficace et un usage confortable en cuisine, se distinguant par sa capacit\u00e9 int\u00e9rieure de 72 litres, id\u00e9ale pour pr\u00e9parer des plats de [&hellip;]<\/p>\n","protected":false},"featured_media":61587,"comment_status":"open","ping_status":"closed","template":"","meta":[],"product_brand":[1386],"product_cat":[60,747,77],"product_tag":[55],"class_list":{"0":"post-61588","1":"product","2":"type-product","3":"status-publish","4":"has-post-thumbnail","6":"product_brand-brandp_679","7":"product_cat-cuisine-gourmet","8":"product_cat-fours","9":"product_cat-petit-electromenager","10":"product_tag-tag_926","12":"first","13":"instock","14":"taxable","15":"shipping-taxable","16":"purchasable","17":"product-type-simple"},"_links":{"self":[{"href":"https:\/\/bigbuy.tupique.com\/es\/wp-json\/wp\/v2\/product\/61588","targetHints":{"allow":["GET"]}}],"collection":[{"href":"https:\/\/bigbuy.tupique.com\/es\/wp-json\/wp\/v2\/product"}],"about":[{"href":"https:\/\/bigbuy.tupique.com\/es\/wp-json\/wp\/v2\/types\/product"}],"replies":[{"embeddable":true,"href":"https:\/\/bigbuy.tupique.com\/es\/wp-json\/wp\/v2\/comments?post=61588"}],"wp:featuredmedia":[{"embeddable":true,"href":"https:\/\/bigbuy.tupique.com\/es\/wp-json\/wp\/v2\/media\/61587"}],"wp:attachment":[{"href":"https:\/\/bigbuy.tupique.com\/es\/wp-json\/wp\/v2\/media?parent=61588"}],"wp:term":[{"taxonomy":"product_brand","embeddable":true,"href":"https:\/\/bigbuy.tupique.com\/es\/wp-json\/wp\/v2\/product_brand?post=61588"},{"taxonomy":"product_cat","embeddable":true,"href":"https:\/\/bigbuy.tupique.com\/es\/wp-json\/wp\/v2\/product_cat?post=61588"},{"taxonomy":"product_tag","embeddable":true,"href":"https:\/\/bigbuy.tupique.com\/es\/wp-json\/wp\/v2\/product_tag?post=61588"}],"curies":[{"name":"wp","href":"https:\/\/api.w.org\/{rel}","templated":true}]}}