{"id":61510,"date":"2026-04-01T16:12:57","date_gmt":"2026-04-01T15:12:57","guid":{"rendered":"https:\/\/bigbuy.tupique.com\/produto\/projector-dangbei-mars-pro2-laser-2400-lm\/"},"modified":"2026-05-11T19:56:51","modified_gmt":"2026-05-11T17:56:51","slug":"projector-dangbei-mars-pro2-laser-2400-lm","status":"publish","type":"product","link":"https:\/\/bigbuy.tupique.com\/es\/produto\/projector-dangbei-mars-pro2-laser-2400-lm\/","title":{"rendered":"Projecteur Dangbei MARS PRO2 LASER 2400 Lm"},"content":{"rendered":"<p>Si vous \u00eates passionn\u00e9 d&#8217;<b>informatique et d&#8217;\u00e9lectronique<\/b>, si vous \u00eates \u00e0 la pointe de la technologie et qu&#8217;aucun d\u00e9tail ne vous \u00e9chappe, achetez <b>Projecteur Dangbei MARS PRO2 LASER 2400 Lm<\/b> au meilleur prix.<\/p>\n<ul>\n<li>Type: Projecteur<\/li>\n<li>R\u00e9solution: 4K Ultra HD<\/li>\n<li>Couleur: Noir<\/li>\n<li>Flux lumineux: 2400 Lm<\/li>\n<\/ul>","protected":false},"excerpt":{"rendered":"<p>Si vous \u00eates passionn\u00e9 d&#8217;informatique et d&#8217;\u00e9lectronique, si vous \u00eates \u00e0 la pointe de la technologie et qu&#8217;aucun d\u00e9tail ne vous \u00e9chappe, achetez Projecteur Dangbei MARS PRO2 LASER 2400 Lm au meilleur prix. Type: Projecteur R\u00e9solution: 4K Ultra HD Couleur: Noir Flux lumineux: 2400 Lm<\/p>","protected":false},"featured_media":61509,"comment_status":"open","ping_status":"closed","template":"","meta":[],"product_brand":[1621],"product_cat":[65,581,583],"product_tag":[],"class_list":{"0":"post-61510","1":"product","2":"type-product","3":"status-publish","4":"has-post-thumbnail","6":"product_brand-brandp_10159","7":"product_cat-informatique-electronique","8":"product_cat-informatique-peripheriques-et-consommables","9":"product_cat-projecteurs","11":"first","12":"instock","13":"taxable","14":"shipping-taxable","15":"purchasable","16":"product-type-simple"},"_links":{"self":[{"href":"https:\/\/bigbuy.tupique.com\/es\/wp-json\/wp\/v2\/product\/61510","targetHints":{"allow":["GET"]}}],"collection":[{"href":"https:\/\/bigbuy.tupique.com\/es\/wp-json\/wp\/v2\/product"}],"about":[{"href":"https:\/\/bigbuy.tupique.com\/es\/wp-json\/wp\/v2\/types\/product"}],"replies":[{"embeddable":true,"href":"https:\/\/bigbuy.tupique.com\/es\/wp-json\/wp\/v2\/comments?post=61510"}],"wp:featuredmedia":[{"embeddable":true,"href":"https:\/\/bigbuy.tupique.com\/es\/wp-json\/wp\/v2\/media\/61509"}],"wp:attachment":[{"href":"https:\/\/bigbuy.tupique.com\/es\/wp-json\/wp\/v2\/media?parent=61510"}],"wp:term":[{"taxonomy":"product_brand","embeddable":true,"href":"https:\/\/bigbuy.tupique.com\/es\/wp-json\/wp\/v2\/product_brand?post=61510"},{"taxonomy":"product_cat","embeddable":true,"href":"https:\/\/bigbuy.tupique.com\/es\/wp-json\/wp\/v2\/product_cat?post=61510"},{"taxonomy":"product_tag","embeddable":true,"href":"https:\/\/bigbuy.tupique.com\/es\/wp-json\/wp\/v2\/product_tag?post=61510"}],"curies":[{"name":"wp","href":"https:\/\/api.w.org\/{rel}","templated":true}]}}