{"id":61478,"date":"2026-04-01T16:12:24","date_gmt":"2026-04-01T15:12:24","guid":{"rendered":"https:\/\/bigbuy.tupique.com\/produto\/electric-scooter-segway-e2-plus-ii-black-500-w\/"},"modified":"2026-04-15T02:57:20","modified_gmt":"2026-04-15T01:57:20","slug":"electric-scooter-segway-e2-plus-ii-black-500-w","status":"publish","type":"product","link":"https:\/\/bigbuy.tupique.com\/es\/produto\/electric-scooter-segway-e2-plus-ii-black-500-w\/","title":{"rendered":"Trottinette \u00c9lectrique Segway E2 Plus II Noir 500 W"},"content":{"rendered":"<p>Si vous \u00eates passionn\u00e9 d&#8217;<b>informatique et d&#8217;\u00e9lectronique<\/b>, si vous \u00eates \u00e0 la pointe de la technologie et qu&#8217;aucun d\u00e9tail ne vous \u00e9chappe, achetez <b>Trottinette \u00c9lectrique Segway E2 Plus II Noir 500 W<\/b> au meilleur prix.<\/p>\n<p>Le <b>trottinette \u00e9lectrique Segway E2 Plus II<\/b> est un appareil con\u00e7u pour offrir un d\u00e9placement agile et efficace en milieu urbain. Il dispose d\u2019un moteur \u00e9lectrique de <b>500 W de puissance<\/b> permettant d\u2019atteindre une <b>vitesse maximale de 25 km\/h<\/b>, id\u00e9al pour des trajets courts et moyens sans compromettre la s\u00e9curit\u00e9 ni la stabilit\u00e9. Sa batterie haute capacit\u00e9, avec <b>10200 mAh<\/b>, assure une autonomie d\u2019environ 25 km, offrant une utilisation prolong\u00e9e sans recharges fr\u00e9quentes. La trottinette est \u00e9quip\u00e9e de roues avant et arri\u00e8re de <b>8,1 pouces<\/b> en acier, qui, associ\u00e9es \u00e0 son syst\u00e8me de <b>freins \u00e0 tambour avant<\/b>, garantissent un freinage fiable et s\u00fbr sur diff\u00e9rentes surfaces. Sa structure pliable facilite le transport et le rangement, en faisant une option pratique pour les utilisateurs combinant plusieurs modes de d\u00e9placement ou disposant de peu d\u2019espace. De plus, son design en couleur <b>noir<\/b> et l\u2019int\u00e9gration d\u2019un <b>\u00e9cran int\u00e9gr\u00e9<\/b> apportent une touche moderne et fonctionnelle pour suivre en temps r\u00e9el des donn\u00e9es comme la vitesse ou l\u2019\u00e9tat de la batterie. Ce mod\u00e8le supporte un <b>poids maximal de charge de 90 kg<\/b>, s\u2019adaptant \u00e0 la majorit\u00e9 des utilisateurs recherchant un \u00e9quilibre entre l\u00e9g\u00e8ret\u00e9 et robustesse. Dans l\u2019ensemble, le Segway E2 Plus II se positionne comme une trottinette \u00e9lectrique de gamme moyenne combinant puissance, autonomie et fonctionnalit\u00e9s adapt\u00e9es aux d\u00e9placements quotidiens en ville, avec un design pens\u00e9 pour le confort et la s\u00e9curit\u00e9.<\/p>\n<ul>\n<li>Couleur: Noir<\/li>\n<li>Type:\n<ul>\n<li>Trottinette \u00c9lectrique<\/li>\n<li>Freins \u00e0 tambour<\/li>\n<li>Frontal<\/li>\n<li>Trottinette<\/li>\n<\/ul>\n<\/li>\n<li>Produit \u00e0 brancher: Oui<\/li>\n<li>Type de prise: Prise EU<\/li>\n<li>Bloc d\u2019Alimentation:\n<ul>\n<li>r\u00e9seau \u00e9lectrique<\/li>\n<li>Batterie<\/li>\n<\/ul>\n<\/li>\n<li>Largeur: 47,5 cm<\/li>\n<li>Caract\u00e9ristiques:\n<ul>\n<li>Pliable<\/li>\n<li>\u00c9cran integr\u00e9<\/li>\n<li>Feu arri\u00e8re<\/li>\n<\/ul>\n<\/li>\n<li>Connectivit\u00e9: Bluetooth<\/li>\n<li>Capacit\u00e9 de la batterie: 10200 mAh<\/li>\n<li>vitesse: 25 km\/h<\/li>\n<li>Inclut:\n<ul>\n<li>Lumi\u00e8re LED<\/li>\n<li>Batterie<\/li>\n<\/ul>\n<\/li>\n<li>Classification IP: IPX4<\/li>\n<li>Mati\u00e8re: Acier<\/li>\n<li>Type de batterie:\n<ul>\n<li>Batterie rechargeable<\/li>\n<li>Litio Ion<\/li>\n<\/ul>\n<\/li>\n<li>puissance: 500 W<\/li>\n<li>roues: 2 roues<\/li>\n<li>Piles incluses: Oui<\/li>\n<li>Genre:\n<ul>\n<li>Adultes unisexes<\/li>\n<li>Unisexe<\/li>\n<\/ul>\n<\/li>\n<li>Tension: 21,6 V<\/li>\n<li>\u00c2ge recommand\u00e9: Adultes<\/li>\n<li>Fonctionne \u00e0 piles: 1 Litio Ion, incluidas<\/li>\n<li>Autonomie approx.: 25 km<\/li>\n<li>Non Inclus: Si\u00e8ge<\/li>\n<\/ul>\n<p>Informations importantes: Si la marque n&#8217;a pas immatricul\u00e9 la trotinette, le propi\u00e9taire devra passer le ITV ou le T\u00dbV pour obtenir un &#8220;EBE&#8221; ou un permis de circulation individuel.<\/p>","protected":false},"excerpt":{"rendered":"<p>Si vous \u00eates passionn\u00e9 d&#8217;informatique et d&#8217;\u00e9lectronique, si vous \u00eates \u00e0 la pointe de la technologie et qu&#8217;aucun d\u00e9tail ne vous \u00e9chappe, achetez Trottinette \u00c9lectrique Segway E2 Plus II Noir 500 W au meilleur prix. Le trottinette \u00e9lectrique Segway E2 Plus II est un appareil con\u00e7u pour offrir un d\u00e9placement agile et efficace en milieu [&hellip;]<\/p>\n","protected":false},"featured_media":61469,"comment_status":"open","ping_status":"closed","template":"","meta":[],"product_brand":[1288],"product_cat":[609,65,1146],"product_tag":[163],"class_list":{"0":"post-61478","1":"product","2":"type-product","3":"status-publish","4":"has-post-thumbnail","6":"product_brand-brandp_6199","7":"product_cat-electronique-jouets-electroniques","8":"product_cat-informatique-electronique","9":"product_cat-trottinettes-electriques","10":"product_tag-tag_17","12":"first","13":"instock","14":"taxable","15":"shipping-taxable","16":"purchasable","17":"product-type-simple"},"_links":{"self":[{"href":"https:\/\/bigbuy.tupique.com\/es\/wp-json\/wp\/v2\/product\/61478","targetHints":{"allow":["GET"]}}],"collection":[{"href":"https:\/\/bigbuy.tupique.com\/es\/wp-json\/wp\/v2\/product"}],"about":[{"href":"https:\/\/bigbuy.tupique.com\/es\/wp-json\/wp\/v2\/types\/product"}],"replies":[{"embeddable":true,"href":"https:\/\/bigbuy.tupique.com\/es\/wp-json\/wp\/v2\/comments?post=61478"}],"wp:featuredmedia":[{"embeddable":true,"href":"https:\/\/bigbuy.tupique.com\/es\/wp-json\/wp\/v2\/media\/61469"}],"wp:attachment":[{"href":"https:\/\/bigbuy.tupique.com\/es\/wp-json\/wp\/v2\/media?parent=61478"}],"wp:term":[{"taxonomy":"product_brand","embeddable":true,"href":"https:\/\/bigbuy.tupique.com\/es\/wp-json\/wp\/v2\/product_brand?post=61478"},{"taxonomy":"product_cat","embeddable":true,"href":"https:\/\/bigbuy.tupique.com\/es\/wp-json\/wp\/v2\/product_cat?post=61478"},{"taxonomy":"product_tag","embeddable":true,"href":"https:\/\/bigbuy.tupique.com\/es\/wp-json\/wp\/v2\/product_tag?post=61478"}],"curies":[{"name":"wp","href":"https:\/\/api.w.org\/{rel}","templated":true}]}}