{"id":61446,"date":"2026-04-01T16:02:29","date_gmt":"2026-04-01T15:02:29","guid":{"rendered":"https:\/\/bigbuy.tupique.com\/produto\/washing-machine-siemens-ag-wm14n29xep-60-cm-1400-rpm-9-kg\/"},"modified":"2026-05-11T19:56:47","modified_gmt":"2026-05-11T17:56:47","slug":"washing-machine-siemens-ag-wm14n29xep-60-cm-1400-rpm-9-kg","status":"publish","type":"product","link":"https:\/\/bigbuy.tupique.com\/es\/produto\/washing-machine-siemens-ag-wm14n29xep-60-cm-1400-rpm-9-kg\/","title":{"rendered":"Machine \u00e0 laver Siemens AG WM14N29XEP 60 cm 1400 rpm 9 kg"},"content":{"rendered":"<p>Si vous recherchez des \u00e9lectrom\u00e9nagers pour votre maison aux meilleurs prix, ne manquez pas <b>Machine \u00e0 laver Siemens AG WM14N29XEP 60 cm 1400 rpm 9 kg<\/b> et une large s\u00e9lection de petits \u00e9lectrom\u00e9nagers de qualit\u00e9 !<\/p>\n<p>La <b>lave-linge Siemens WM14N29XEP<\/b> est un appareil haute efficacit\u00e9 con\u00e7u pour offrir d\u2019excellentes performances avec une <b>capacit\u00e9 de charge de 9 kg<\/b>, id\u00e9al pour les familles moyennes et nombreuses. Sa <b>classe \u00e9nerg\u00e9tique A<\/b> garantit une consommation r\u00e9duite, contribuant \u00e0 \u00e9conomiser sur la facture d\u2019\u00e9lectricit\u00e9 sans compromettre la qualit\u00e9 du lavage. Il dispose d\u2019une <b>vitesse maximale d\u2019essorage de 1400 tr\/min<\/b>, ce qui acc\u00e9l\u00e8re le s\u00e9chage et r\u00e9duit l\u2019humidit\u00e9 r\u00e9siduelle dans les v\u00eatements, tandis que son niveau sonore en essorage est de <b>72 dB<\/b>, restant raisonnable dans sa cat\u00e9gorie. Son design \u00e0 <b>chargement frontal<\/b> en acier, avec des dimensions d\u2019environ <b>60 cm de largeur<\/b>, facilite son int\u00e9gration dans les espaces domestiques courants. Parmi ses fonctions, on trouve la <b>programmation diff\u00e9r\u00e9e<\/b>, permettant d\u2019adapter le cycle de lavage \u00e0 la disponibilit\u00e9 de l\u2019utilisateur, ainsi que le <b>contr\u00f4le automatique de la charge<\/b>, qui ajuste consommation et dur\u00e9e selon la quantit\u00e9 de linge, optimisant les ressources. Ce lave-linge propose plusieurs programmes adapt\u00e9s \u00e0 diff\u00e9rents tissus et besoins sp\u00e9cifiques, incluant des cycles pour <b>coton, synth\u00e9tique, laine, lavage rapide et soin facile<\/b>, ainsi que des options de lavage \u00e0 froid, offrant polyvalence pour divers types de v\u00eatements. Son interface avec <b>\u00e9cran int\u00e9gr\u00e9<\/b> et le syst\u00e8me de <b>verrouillage enfant<\/b> assurent confort et s\u00e9curit\u00e9 au quotidien. L\u2019appareil fonctionne sous <b>230 V<\/b> et propose toutes les indications et r\u00e9glages en <b>espagnol<\/b>, garantissant une exp\u00e9rience utilisateur claire et accessible. Gr\u00e2ce \u00e0 ces caract\u00e9ristiques, le Siemens WM14N29XEP est une solution robuste et efficace pour ceux qui recherchent un lave-linge fiable, aux capacit\u00e9s avanc\u00e9es et \u00e0 la consommation \u00e9nerg\u00e9tique ma\u00eetris\u00e9e.<\/p>\n<ul>\n<li>Produit \u00e0 brancher: Oui<\/li>\n<li>Langue: Espagnol<\/li>\n<li>Type de prise: Prise EU<\/li>\n<li>Type d&#8217;installation:\n<ul>\n<li>Sous le plan de travail<\/li>\n<li>Ind\u00e9pendant<\/li>\n<\/ul>\n<\/li>\n<li>Bloc d\u2019Alimentation: r\u00e9seau \u00e9lectrique<\/li>\n<li>Couleur: Acier<\/li>\n<li>Largeur: 60 cm<\/li>\n<li>Caract\u00e9ristiques:\n<ul>\n<li>Verrouillage pour enfants<\/li>\n<li>\u00c9cran integr\u00e9<\/li>\n<li>Temp\u00e9rature r\u00e9glable<\/li>\n<\/ul>\n<\/li>\n<li>Classification \u00e9nerg\u00e9tique: A<\/li>\n<li>vitesse: 1400 rpm<\/li>\n<li>Type de charge: Frontal<\/li>\n<li>Niveau sonore: 72 dB<\/li>\n<li>Capacit\u00e9: 9 kg<\/li>\n<li>Tension: 230 V<\/li>\n<li>Technologie: LED<\/li>\n<li>Fr\u00e9quence: 50 Hz<\/li>\n<li>Type de commande: Plaque Tournante<\/li>\n<\/ul>","protected":false},"excerpt":{"rendered":"<p><span class=\"unit-info\">108.1100 &euro; \/ 1 kg<\/span><\/p>","protected":false},"featured_media":61443,"comment_status":"open","ping_status":"closed","template":"","meta":[],"product_brand":[851],"product_cat":[239,240,751],"product_tag":[],"class_list":{"0":"post-61446","1":"product","2":"type-product","3":"status-publish","4":"has-post-thumbnail","6":"product_brand-brandp_930","7":"product_cat-maison-jardin","8":"product_cat-nettoyage-aspirateur-et-repassage","9":"product_cat-seche-linge-fers-a-repasser-sechoirs","11":"first","12":"instock","13":"taxable","14":"shipping-taxable","15":"purchasable","16":"product-type-simple"},"_links":{"self":[{"href":"https:\/\/bigbuy.tupique.com\/es\/wp-json\/wp\/v2\/product\/61446","targetHints":{"allow":["GET"]}}],"collection":[{"href":"https:\/\/bigbuy.tupique.com\/es\/wp-json\/wp\/v2\/product"}],"about":[{"href":"https:\/\/bigbuy.tupique.com\/es\/wp-json\/wp\/v2\/types\/product"}],"replies":[{"embeddable":true,"href":"https:\/\/bigbuy.tupique.com\/es\/wp-json\/wp\/v2\/comments?post=61446"}],"wp:featuredmedia":[{"embeddable":true,"href":"https:\/\/bigbuy.tupique.com\/es\/wp-json\/wp\/v2\/media\/61443"}],"wp:attachment":[{"href":"https:\/\/bigbuy.tupique.com\/es\/wp-json\/wp\/v2\/media?parent=61446"}],"wp:term":[{"taxonomy":"product_brand","embeddable":true,"href":"https:\/\/bigbuy.tupique.com\/es\/wp-json\/wp\/v2\/product_brand?post=61446"},{"taxonomy":"product_cat","embeddable":true,"href":"https:\/\/bigbuy.tupique.com\/es\/wp-json\/wp\/v2\/product_cat?post=61446"},{"taxonomy":"product_tag","embeddable":true,"href":"https:\/\/bigbuy.tupique.com\/es\/wp-json\/wp\/v2\/product_tag?post=61446"}],"curies":[{"name":"wp","href":"https:\/\/api.w.org\/{rel}","templated":true}]}}