{"id":61404,"date":"2026-04-01T16:01:39","date_gmt":"2026-04-01T15:01:39","guid":{"rendered":"https:\/\/bigbuy.tupique.com\/produto\/vacuum-cleaner-nilfisk-gm80c-silver\/"},"modified":"2026-05-11T19:56:41","modified_gmt":"2026-05-11T17:56:41","slug":"vacuum-cleaner-nilfisk-gm80c-silver","status":"publish","type":"product","link":"https:\/\/bigbuy.tupique.com\/es\/produto\/vacuum-cleaner-nilfisk-gm80c-silver\/","title":{"rendered":"Aspirateur Nilfisk GM80C Argent"},"content":{"rendered":"<p>Si vous recherchez des \u00e9lectrom\u00e9nagers pour votre maison aux meilleurs prix, ne manquez pas <b>Aspirateur Nilfisk GM80C Argent<\/b> et une large s\u00e9lection de petits \u00e9lectrom\u00e9nagers de qualit\u00e9 !<\/p>\n<p>Le <b>Aspirateur Nilfisk GM80C<\/b> est un appareil con\u00e7u pour un nettoyage efficace des <b>sols durs<\/b> comme des <b>tapis<\/b>, s\u2019adaptant \u00e0 diff\u00e9rentes surfaces gr\u00e2ce \u00e0 sa <b>buse \u00e9troite<\/b> qui facilite l\u2019aspiration dans les zones difficiles d\u2019acc\u00e8s et les coins \u00e9troits. Il pr\u00e9sente un design pratique et durable en <b>plastique<\/b> avec une finition de couleur <b>argent<\/b>, apportant une touche moderne et sobre. Cet aspirateur \u00e0 sec offre une capacit\u00e9 de poussi\u00e8re de <b>6,25 litres<\/b>, id\u00e9ale pour les travaux longs sans vider fr\u00e9quemment le r\u00e9servoir. Il fonctionne avec un niveau sonore de <b>79 dB<\/b>, indiquant une puissance efficace sans \u00eatre excessivement bruyant pour un appareil de cette cat\u00e9gorie. De plus, il inclut un <b>sac \u00e0 poussi\u00e8re<\/b>, facilitant la collecte et l\u2019\u00e9limination hygi\u00e9nique des d\u00e9chets. Sa taille d\u2019environ <b>30 cm<\/b> permet une manipulation ais\u00e9e et un rangement simple. L\u2019aspirateur est \u00e9quip\u00e9 d\u2019un <b>filtre<\/b> performant qui contribue \u00e0 maintenir la propret\u00e9 de l\u2019air ambiant et prot\u00e8ge le moteur pour prolonger la dur\u00e9e de vie de l\u2019appareil. La classification de protection IP20 garantit un niveau basique de r\u00e9sistance \u00e0 la poussi\u00e8re et aux objets solides, adapt\u00e9 \u00e0 un usage domestique. En r\u00e9sum\u00e9, le Nilfisk GM80C offre une solution fiable pour le nettoyage quotidien et en profondeur des foyers, alliant fonctionnalit\u00e9, capacit\u00e9 et durabilit\u00e9 dans un produit \u00e9quilibr\u00e9 et polyvalent.<\/p>\n<ul>\n<li>Couleur:\n<ul>\n<li>Argent<\/li>\n<li>Argent\u00e9<\/li>\n<\/ul>\n<\/li>\n<li>Niveau sonore: 79 dB<\/li>\n<li>Type: Sec<\/li>\n<li>Mati\u00e8re: Plastique<\/li>\n<li>Largeur: 30 cm<\/li>\n<li>Caract\u00e9ristiques:\n<ul>\n<li>Buse \u00e9troite<\/li>\n<li>Filtre<\/li>\n<\/ul>\n<\/li>\n<li>Classification IP: IP20<\/li>\n<li>Fr\u00e9quence: 50 &#8211; 60 Hz<\/li>\n<li>consommation d&#8217;\u00e9nergie: 26 kWh\/annum<\/li>\n<li>Tension: 220-240 V<\/li>\n<li>Long: 39 cm<\/li>\n<li>Inclut: Sac \u00e0 poussi\u00e8re<\/li>\n<\/ul>","protected":false},"excerpt":{"rendered":"<p>Si vous recherchez des \u00e9lectrom\u00e9nagers pour votre maison aux meilleurs prix, ne manquez pas Aspirateur Nilfisk GM80C Argent et une large s\u00e9lection de petits \u00e9lectrom\u00e9nagers de qualit\u00e9 ! Le Aspirateur Nilfisk GM80C est un appareil con\u00e7u pour un nettoyage efficace des sols durs comme des tapis, s\u2019adaptant \u00e0 diff\u00e9rentes surfaces gr\u00e2ce \u00e0 sa buse \u00e9troite [&hellip;]<\/p>\n","protected":false},"featured_media":61403,"comment_status":"open","ping_status":"closed","template":"","meta":[],"product_brand":[1596],"product_cat":[762,239,240],"product_tag":[56],"class_list":{"0":"post-61404","1":"product","2":"type-product","3":"status-publish","4":"has-post-thumbnail","6":"product_brand-brandp_1682","7":"product_cat-aspirateurs-et-robots","8":"product_cat-maison-jardin","9":"product_cat-nettoyage-aspirateur-et-repassage","10":"product_tag-tag_930","12":"first","13":"instock","14":"taxable","15":"shipping-taxable","16":"purchasable","17":"product-type-simple"},"_links":{"self":[{"href":"https:\/\/bigbuy.tupique.com\/es\/wp-json\/wp\/v2\/product\/61404","targetHints":{"allow":["GET"]}}],"collection":[{"href":"https:\/\/bigbuy.tupique.com\/es\/wp-json\/wp\/v2\/product"}],"about":[{"href":"https:\/\/bigbuy.tupique.com\/es\/wp-json\/wp\/v2\/types\/product"}],"replies":[{"embeddable":true,"href":"https:\/\/bigbuy.tupique.com\/es\/wp-json\/wp\/v2\/comments?post=61404"}],"wp:featuredmedia":[{"embeddable":true,"href":"https:\/\/bigbuy.tupique.com\/es\/wp-json\/wp\/v2\/media\/61403"}],"wp:attachment":[{"href":"https:\/\/bigbuy.tupique.com\/es\/wp-json\/wp\/v2\/media?parent=61404"}],"wp:term":[{"taxonomy":"product_brand","embeddable":true,"href":"https:\/\/bigbuy.tupique.com\/es\/wp-json\/wp\/v2\/product_brand?post=61404"},{"taxonomy":"product_cat","embeddable":true,"href":"https:\/\/bigbuy.tupique.com\/es\/wp-json\/wp\/v2\/product_cat?post=61404"},{"taxonomy":"product_tag","embeddable":true,"href":"https:\/\/bigbuy.tupique.com\/es\/wp-json\/wp\/v2\/product_tag?post=61404"}],"curies":[{"name":"wp","href":"https:\/\/api.w.org\/{rel}","templated":true}]}}