{"id":61380,"date":"2026-04-01T16:01:07","date_gmt":"2026-04-01T15:01:07","guid":{"rendered":"https:\/\/bigbuy.tupique.com\/produto\/pda-with-1d-2d-reader-mustek-nomu-t20\/"},"modified":"2026-04-15T01:26:24","modified_gmt":"2026-04-15T00:26:24","slug":"pda-with-1d-2d-reader-mustek-nomu-t20","status":"publish","type":"product","link":"https:\/\/bigbuy.tupique.com\/es\/produto\/pda-with-1d-2d-reader-mustek-nomu-t20\/","title":{"rendered":"PDA avec Lecteur 1D + 2D Mustek NOMU T20"},"content":{"rendered":"<p>Si vous \u00eates passionn\u00e9 d&#8217;<b>informatique et d&#8217;\u00e9lectronique<\/b>, si vous \u00eates \u00e0 la pointe de la technologie et qu&#8217;aucun d\u00e9tail ne vous \u00e9chappe, achetez <b>PDA avec Lecteur 1D + 2D Mustek NOMU T20<\/b> au meilleur prix.<\/p>\n<p>Le <b>NOMU T20 de Mustek<\/b> est une <b>PDA avec lecteur 1D + 2D<\/b> con\u00e7ue pour les environnements professionnels n\u00e9cessitant un appareil robuste, polyvalent et pr\u00e9cis pour la gestion des donn\u00e9es et la capture de codes-barres. Ce terminal int\u00e8gre un <b>\u00e9cran tactile de 5 pouces<\/b> avec <b>r\u00e9solution HD<\/b>, facilitant une visualisation claire des informations et l\u2019utilisation efficace des applications mobiles sous Android, offrant une exp\u00e9rience intuitive et rapide aussi bien en int\u00e9rieur qu\u2019en ext\u00e9rieur. Dot\u00e9 d\u2019un <b>lecteur de codes-barres 1D et 2D<\/b>, le NOMU T20 permet une lecture rapide et fiable de diff\u00e9rents types d\u2019\u00e9tiquettes, optimisant les t\u00e2ches de logistique, d\u2019inventaire, de vente au d\u00e9tail ou de gestion d\u2019actifs. C\u00f4t\u00e9 connectivit\u00e9, il dispose du <b>Bluetooth<\/b>, d\u2019un port <b>USB-C<\/b> et du support des r\u00e9seaux <b>4G<\/b> et WiFi, garantissant une transmission de donn\u00e9es continue, la synchronisation avec d\u2019autres appareils et l\u2019acc\u00e8s \u00e0 distance aux syst\u00e8mes d\u2019entreprise en temps r\u00e9el. Il est \u00e9quip\u00e9 du <b>GPS<\/b> pour une g\u00e9olocalisation pr\u00e9cise dans les applications de terrain, d\u2019une <b>radio FM<\/b> pour une communication suppl\u00e9mentaire et d\u2019un capteur de lumi\u00e8re ambiante qui ajuste automatiquement la luminosit\u00e9 de l\u2019\u00e9cran, optimisant l\u2019autonomie et la lisibilit\u00e9 selon les conditions d\u2019\u00e9clairage. Pr\u00e9sent\u00e9 en <b>noir<\/b> avec des d\u00e9tails jaunes, son design robuste est pens\u00e9 pour r\u00e9sister \u00e0 une utilisation intensive dans les environnements industriels. La <b>carte graphique int\u00e9gr\u00e9e<\/b> via chipset assure la fluidit\u00e9 des applications graphiques et une gestion efficace de l\u2019interface visuelle. Gr\u00e2ce \u00e0 ces caract\u00e9ristiques, le Mustek NOMU T20 s\u2019impose comme un appareil fiable et polyvalent, destin\u00e9 aux professionnels recherchant efficacit\u00e9 dans la capture de donn\u00e9es et mobilit\u00e9 au quotidien.<\/p>\n<ul>\n<li>Syst\u00e8me d&#8217;exploitation:\n<ul>\n<li>Android<\/li>\n<li>Android 8.1<\/li>\n<\/ul>\n<\/li>\n<li>Type: TPV<\/li>\n<li>M\u00e9moire RAM: 2 GB RAM<\/li>\n<li>Ecran: 5&#8243;<\/li>\n<li>R\u00e9solution: HD<\/li>\n<li>Processeur: Quad Core<\/li>\n<li>Connectivit\u00e9:\n<ul>\n<li>Bluetooth 4.2<\/li>\n<li>NFC<\/li>\n<li>GPS<\/li>\n<li>Wi-Fi<\/li>\n<li>Bluetooth<\/li>\n<\/ul>\n<\/li>\n<li>Caract\u00e9ristiques:\n<ul>\n<li>Radio FM<\/li>\n<li>GPS<\/li>\n<li>Ecran tactile<\/li>\n<li>Capteur de lumi\u00e8re ambiante<\/li>\n<\/ul>\n<\/li>\n<li>Cam\u00e9ra\/Appareil Photo:\n<ul>\n<li>8 mpx<\/li>\n<li>8 MP<\/li>\n<li>2 Mp<\/li>\n<\/ul>\n<\/li>\n<li>R\u00e9solution d&#8217;enregistrement de vid\u00e9o: 720 px<\/li>\n<li>Diagonale de l&#8217;\u00e9cran (cm): 12,7 cm<\/li>\n<li>Dimensions approx.: 15,65 x 7,72 x 1,78 cm<\/li>\n<li>Type de prise: Prise EU<\/li>\n<li>Couleur:\n<ul>\n<li>Noir<\/li>\n<li>Jaune<\/li>\n<\/ul>\n<\/li>\n<li>Produit \u00e0 brancher: Oui<\/li>\n<li>Bloc d\u2019Alimentation: r\u00e9seau \u00e9lectrique<\/li>\n<li>Connexions: USB-C<\/li>\n<li>Capteurs: Gyroscope<\/li>\n<li>Chargeur sans fil: Oui<\/li>\n<li>Accessoires: C\u00e2ble USB<\/li>\n<li>Capacit\u00e9 de la batterie: 5000 mAh<\/li>\n<li>Famille de processeurs: MediaTek<\/li>\n<li>R\u00e9solution (px): 1280 x 720 px<\/li>\n<\/ul>","protected":false},"excerpt":{"rendered":"<p>Si vous \u00eates passionn\u00e9 d&#8217;informatique et d&#8217;\u00e9lectronique, si vous \u00eates \u00e0 la pointe de la technologie et qu&#8217;aucun d\u00e9tail ne vous \u00e9chappe, achetez PDA avec Lecteur 1D + 2D Mustek NOMU T20 au meilleur prix. Le NOMU T20 de Mustek est une PDA avec lecteur 1D + 2D con\u00e7ue pour les environnements professionnels n\u00e9cessitant un [&hellip;]<\/p>\n","protected":false},"featured_media":61379,"comment_status":"open","ping_status":"closed","template":"","meta":[],"product_brand":[1619],"product_cat":[65,958,1618],"product_tag":[213,106],"class_list":{"0":"post-61380","1":"product","2":"type-product","3":"status-publish","4":"has-post-thumbnail","6":"product_brand-brandp_598","7":"product_cat-informatique-electronique","8":"product_cat-informatique-ordinateurs","9":"product_cat-pdv-et-accessoires","10":"product_tag-tag_933","11":"product_tag-tag_1295","13":"first","14":"instock","15":"taxable","16":"shipping-taxable","17":"purchasable","18":"product-type-simple"},"_links":{"self":[{"href":"https:\/\/bigbuy.tupique.com\/es\/wp-json\/wp\/v2\/product\/61380","targetHints":{"allow":["GET"]}}],"collection":[{"href":"https:\/\/bigbuy.tupique.com\/es\/wp-json\/wp\/v2\/product"}],"about":[{"href":"https:\/\/bigbuy.tupique.com\/es\/wp-json\/wp\/v2\/types\/product"}],"replies":[{"embeddable":true,"href":"https:\/\/bigbuy.tupique.com\/es\/wp-json\/wp\/v2\/comments?post=61380"}],"wp:featuredmedia":[{"embeddable":true,"href":"https:\/\/bigbuy.tupique.com\/es\/wp-json\/wp\/v2\/media\/61379"}],"wp:attachment":[{"href":"https:\/\/bigbuy.tupique.com\/es\/wp-json\/wp\/v2\/media?parent=61380"}],"wp:term":[{"taxonomy":"product_brand","embeddable":true,"href":"https:\/\/bigbuy.tupique.com\/es\/wp-json\/wp\/v2\/product_brand?post=61380"},{"taxonomy":"product_cat","embeddable":true,"href":"https:\/\/bigbuy.tupique.com\/es\/wp-json\/wp\/v2\/product_cat?post=61380"},{"taxonomy":"product_tag","embeddable":true,"href":"https:\/\/bigbuy.tupique.com\/es\/wp-json\/wp\/v2\/product_tag?post=61380"}],"curies":[{"name":"wp","href":"https:\/\/api.w.org\/{rel}","templated":true}]}}