{"id":61287,"date":"2026-04-01T15:58:30","date_gmt":"2026-04-01T14:58:30","guid":{"rendered":"https:\/\/bigbuy.tupique.com\/produto\/conventional-hood-balay-3bc587lb-white\/"},"modified":"2026-04-15T07:37:57","modified_gmt":"2026-04-15T06:37:57","slug":"conventional-hood-balay-3bc587lb-white","status":"publish","type":"product","link":"https:\/\/bigbuy.tupique.com\/es\/produto\/conventional-hood-balay-3bc587lb-white\/","title":{"rendered":"Hotte standard Balay 3BC587LB Blanc"},"content":{"rendered":"<p>Si vous \u00eates \u00e0 la recherche de nouvelles tendances sur le march\u00e9, nous vous pr\u00e9sentons <b>Hotte standard Balay 3BC587LB Blanc<\/b> !<\/p>\n<ul>\n<li>Type:\n<ul>\n<li>Hotte standard<\/li>\n<li>Mural<\/li>\n<\/ul>\n<\/li>\n<li>Produit \u00e0 brancher: Oui<\/li>\n<li>Couleur: Blanc<\/li>\n<li>Largeur: 80 cm<\/li>\n<li>Caract\u00e9ristiques: Commande tactile<\/li>\n<li>Connectivit\u00e9: Wi-Fi<\/li>\n<li>Classification \u00e9nerg\u00e9tique: A+<\/li>\n<li>puissance: 190 W<\/li>\n<li>Niveau sonore: 78 dB<\/li>\n<li>Filtre:\n<ul>\n<li>Acier inoxydable<\/li>\n<li>Lavable<\/li>\n<\/ul>\n<\/li>\n<li>Mati\u00e8re: Acier inoxydable<\/li>\n<li>Niveaux de puissance: 3<\/li>\n<li>Type d&#8217;installation: Paroi<\/li>\n<li>Contr\u00f4le: Boutons<\/li>\n<li>\u00c9lev\u00e9: 43 cm<\/li>\n<li>Capacit\u00e9 d\u2019extraction: 430 m3\/h<\/li>\n<li>Vitesse: 3 vitesses<\/li>\n<\/ul>","protected":false},"excerpt":{"rendered":"<p>Si vous \u00eates \u00e0 la recherche de nouvelles tendances sur le march\u00e9, nous vous pr\u00e9sentons Hotte standard Balay 3BC587LB Blanc ! Type: Hotte standard Mural Produit \u00e0 brancher: Oui Couleur: Blanc Largeur: 80 cm Caract\u00e9ristiques: Commande tactile Connectivit\u00e9: Wi-Fi Classification \u00e9nerg\u00e9tique: A+ puissance: 190 W Niveau sonore: 78 dB Filtre: Acier inoxydable Lavable Mati\u00e8re: Acier [&hellip;]<\/p>\n","protected":false},"featured_media":61285,"comment_status":"open","ping_status":"closed","template":"","meta":[],"product_brand":[114],"product_cat":[60,61,62],"product_tag":[56],"class_list":{"0":"post-61287","1":"product","2":"type-product","3":"status-publish","4":"has-post-thumbnail","6":"product_brand-brandp_1251","7":"product_cat-cuisine-gourmet","8":"product_cat-equipement-de-cuisine","9":"product_cat-hottes-de-cuisine","10":"product_tag-tag_930","12":"first","13":"instock","14":"taxable","15":"shipping-taxable","16":"purchasable","17":"product-type-simple"},"_links":{"self":[{"href":"https:\/\/bigbuy.tupique.com\/es\/wp-json\/wp\/v2\/product\/61287","targetHints":{"allow":["GET"]}}],"collection":[{"href":"https:\/\/bigbuy.tupique.com\/es\/wp-json\/wp\/v2\/product"}],"about":[{"href":"https:\/\/bigbuy.tupique.com\/es\/wp-json\/wp\/v2\/types\/product"}],"replies":[{"embeddable":true,"href":"https:\/\/bigbuy.tupique.com\/es\/wp-json\/wp\/v2\/comments?post=61287"}],"wp:featuredmedia":[{"embeddable":true,"href":"https:\/\/bigbuy.tupique.com\/es\/wp-json\/wp\/v2\/media\/61285"}],"wp:attachment":[{"href":"https:\/\/bigbuy.tupique.com\/es\/wp-json\/wp\/v2\/media?parent=61287"}],"wp:term":[{"taxonomy":"product_brand","embeddable":true,"href":"https:\/\/bigbuy.tupique.com\/es\/wp-json\/wp\/v2\/product_brand?post=61287"},{"taxonomy":"product_cat","embeddable":true,"href":"https:\/\/bigbuy.tupique.com\/es\/wp-json\/wp\/v2\/product_cat?post=61287"},{"taxonomy":"product_tag","embeddable":true,"href":"https:\/\/bigbuy.tupique.com\/es\/wp-json\/wp\/v2\/product_tag?post=61287"}],"curies":[{"name":"wp","href":"https:\/\/api.w.org\/{rel}","templated":true}]}}