{"id":61187,"date":"2026-04-01T15:55:24","date_gmt":"2026-04-01T14:55:24","guid":{"rendered":"https:\/\/bigbuy.tupique.com\/produto\/oven-teka-hsb6150-70-l\/"},"modified":"2026-04-17T00:10:15","modified_gmt":"2026-04-16T23:10:15","slug":"oven-teka-hsb6150-70-l","status":"publish","type":"product","link":"https:\/\/bigbuy.tupique.com\/es\/produto\/oven-teka-hsb6150-70-l\/","title":{"rendered":"Four Teka HSB6150 70 L"},"content":{"rendered":"<p>Si vous \u00eates \u00e0 la recherche de nouvelles tendances sur le march\u00e9, nous vous pr\u00e9sentons <b>Four Teka HSB6150 70 L<\/b> !<\/p>\n<ul>\n<li>Type de four: Four<\/li>\n<li>Produit \u00e0 brancher: Oui<\/li>\n<li>Type de prise: Prise EU<\/li>\n<li>Caract\u00e9ristiques: Lumi\u00e8re int\u00e9rieure<\/li>\n<li>Type de commande: Plaque Tournante<\/li>\n<li>Couleur: Noir<\/li>\n<li>Classification \u00e9nerg\u00e9tique: A<\/li>\n<li>Bloc d\u2019Alimentation: \u00c9lectrique<\/li>\n<li>Inclut: Batterie<\/li>\n<li>Piles incluses: Oui<\/li>\n<li>Capacit\u00e9: 70 L<\/li>\n<li>Fonctions: Cuisson vapeur<\/li>\n<li>Nettoyage: HydroClean<\/li>\n<li>Technologie:\n<ul>\n<li>HydroClean<\/li>\n<li>Multifonction<\/li>\n<\/ul>\n<\/li>\n<li>Auto-nettoyant: HydroClean<\/li>\n<li>Type d&#8217;installation: Montage mural<\/li>\n<\/ul>","protected":false},"excerpt":{"rendered":"<p><span class=\"unit-info\">6.5856 &euro; \/ 1 l<\/span><\/p>","protected":false},"featured_media":61185,"comment_status":"open","ping_status":"closed","template":"","meta":[],"product_brand":[667],"product_cat":[60,747,77],"product_tag":[55],"class_list":{"0":"post-61187","1":"product","2":"type-product","3":"status-publish","4":"has-post-thumbnail","6":"product_brand-brandp_1172","7":"product_cat-cuisine-gourmet","8":"product_cat-fours","9":"product_cat-petit-electromenager","10":"product_tag-tag_926","12":"first","13":"instock","14":"taxable","15":"shipping-taxable","16":"purchasable","17":"product-type-simple"},"_links":{"self":[{"href":"https:\/\/bigbuy.tupique.com\/es\/wp-json\/wp\/v2\/product\/61187","targetHints":{"allow":["GET"]}}],"collection":[{"href":"https:\/\/bigbuy.tupique.com\/es\/wp-json\/wp\/v2\/product"}],"about":[{"href":"https:\/\/bigbuy.tupique.com\/es\/wp-json\/wp\/v2\/types\/product"}],"replies":[{"embeddable":true,"href":"https:\/\/bigbuy.tupique.com\/es\/wp-json\/wp\/v2\/comments?post=61187"}],"wp:featuredmedia":[{"embeddable":true,"href":"https:\/\/bigbuy.tupique.com\/es\/wp-json\/wp\/v2\/media\/61185"}],"wp:attachment":[{"href":"https:\/\/bigbuy.tupique.com\/es\/wp-json\/wp\/v2\/media?parent=61187"}],"wp:term":[{"taxonomy":"product_brand","embeddable":true,"href":"https:\/\/bigbuy.tupique.com\/es\/wp-json\/wp\/v2\/product_brand?post=61187"},{"taxonomy":"product_cat","embeddable":true,"href":"https:\/\/bigbuy.tupique.com\/es\/wp-json\/wp\/v2\/product_cat?post=61187"},{"taxonomy":"product_tag","embeddable":true,"href":"https:\/\/bigbuy.tupique.com\/es\/wp-json\/wp\/v2\/product_tag?post=61187"}],"curies":[{"name":"wp","href":"https:\/\/api.w.org\/{rel}","templated":true}]}}