{"id":61000,"date":"2026-04-01T15:43:03","date_gmt":"2026-04-01T14:43:03","guid":{"rendered":"https:\/\/bigbuy.tupique.com\/produto\/oven-siemens-ag-hb776g1b1\/"},"modified":"2026-04-15T03:34:33","modified_gmt":"2026-04-15T02:34:33","slug":"oven-siemens-ag-hb776g1b1","status":"publish","type":"product","link":"https:\/\/bigbuy.tupique.com\/es\/produto\/oven-siemens-ag-hb776g1b1\/","title":{"rendered":"Four Siemens AG HB776G1B1"},"content":{"rendered":"<p>Si vous pensez r\u00e9nover votre cuisine, achetez <b>Four Siemens AG HB776G1B1<\/b> et d\u00b4autres <b>produits Siemens AG<\/b> !<\/p>\n<ul>\n<li>Produit \u00e0 brancher: Oui<\/li>\n<li>Type de prise: Prise EU<\/li>\n<li>Type de four: Four<\/li>\n<li>Classification \u00e9nerg\u00e9tique: A+<\/li>\n<li>Couleur: Noir<\/li>\n<li>Bloc d\u2019Alimentation: r\u00e9seau \u00e9lectrique<\/li>\n<li>Dimensions approx.: 60 x 60 cm<\/li>\n<\/ul>","protected":false},"excerpt":{"rendered":"<p>Si vous pensez r\u00e9nover votre cuisine, achetez Four Siemens AG HB776G1B1 et d\u00b4autres produits Siemens AG ! Produit \u00e0 brancher: Oui Type de prise: Prise EU Type de four: Four Classification \u00e9nerg\u00e9tique: A+ Couleur: Noir Bloc d\u2019Alimentation: r\u00e9seau \u00e9lectrique Dimensions approx.: 60 x 60 cm<\/p>","protected":false},"featured_media":60997,"comment_status":"open","ping_status":"closed","template":"","meta":[],"product_brand":[851],"product_cat":[60,747,77],"product_tag":[55],"class_list":{"0":"post-61000","1":"product","2":"type-product","3":"status-publish","4":"has-post-thumbnail","6":"product_brand-brandp_930","7":"product_cat-cuisine-gourmet","8":"product_cat-fours","9":"product_cat-petit-electromenager","10":"product_tag-tag_926","12":"first","13":"instock","14":"taxable","15":"shipping-taxable","16":"purchasable","17":"product-type-simple"},"_links":{"self":[{"href":"https:\/\/bigbuy.tupique.com\/es\/wp-json\/wp\/v2\/product\/61000","targetHints":{"allow":["GET"]}}],"collection":[{"href":"https:\/\/bigbuy.tupique.com\/es\/wp-json\/wp\/v2\/product"}],"about":[{"href":"https:\/\/bigbuy.tupique.com\/es\/wp-json\/wp\/v2\/types\/product"}],"replies":[{"embeddable":true,"href":"https:\/\/bigbuy.tupique.com\/es\/wp-json\/wp\/v2\/comments?post=61000"}],"wp:featuredmedia":[{"embeddable":true,"href":"https:\/\/bigbuy.tupique.com\/es\/wp-json\/wp\/v2\/media\/60997"}],"wp:attachment":[{"href":"https:\/\/bigbuy.tupique.com\/es\/wp-json\/wp\/v2\/media?parent=61000"}],"wp:term":[{"taxonomy":"product_brand","embeddable":true,"href":"https:\/\/bigbuy.tupique.com\/es\/wp-json\/wp\/v2\/product_brand?post=61000"},{"taxonomy":"product_cat","embeddable":true,"href":"https:\/\/bigbuy.tupique.com\/es\/wp-json\/wp\/v2\/product_cat?post=61000"},{"taxonomy":"product_tag","embeddable":true,"href":"https:\/\/bigbuy.tupique.com\/es\/wp-json\/wp\/v2\/product_tag?post=61000"}],"curies":[{"name":"wp","href":"https:\/\/api.w.org\/{rel}","templated":true}]}}