{"id":60843,"date":"2026-04-01T15:37:33","date_gmt":"2026-04-01T14:37:33","guid":{"rendered":"https:\/\/bigbuy.tupique.com\/produto\/dishwasher-siemens-ag-sn23ew03ke-white-60-cm\/"},"modified":"2026-05-11T19:56:37","modified_gmt":"2026-05-11T17:56:37","slug":"dishwasher-siemens-ag-sn23ew03ke-white-60-cm","status":"publish","type":"product","link":"https:\/\/bigbuy.tupique.com\/es\/produto\/dishwasher-siemens-ag-sn23ew03ke-white-60-cm\/","title":{"rendered":"Lave-vaisselle Siemens AG SN23EW03KE Blanc 60 cm"},"content":{"rendered":"<p>Si vous pensez r\u00e9nover votre cuisine, achetez <b>Lave-vaisselle Siemens AG SN23EW03KE Blanc 60 cm<\/b> et d\u00b4autres <b>produits Siemens AG<\/b> !<\/p>\n<ul>\n<li>Produit \u00e0 brancher: Oui<\/li>\n<li>Type de prise: Prise EU<\/li>\n<li>Type: Lave-vaisselle<\/li>\n<li>Bloc d\u2019Alimentation: r\u00e9seau \u00e9lectrique<\/li>\n<li>Couleur: Blanc<\/li>\n<li>Largeur: 60 cm<\/li>\n<li>Caract\u00e9ristiques:\n<ul>\n<li>Verrouillage pour enfants<\/li>\n<li>\u00c9cran integr\u00e9<\/li>\n<li>ECO<\/li>\n<\/ul>\n<\/li>\n<li>Capacit\u00e9 (Nb de couverts): 13<\/li>\n<li>Classification \u00e9nerg\u00e9tique: B<\/li>\n<li>Niveau sonore: 42 dB<\/li>\n<li>puissance: 2400 W<\/li>\n<li>Fr\u00e9quence d&#8217;entr\u00e9e AC: 50-60 Hz<\/li>\n<li>Longueur du c\u00e2ble: 1,75 m<\/li>\n<li>Type de commande: Boutons<\/li>\n<li>Tension: 220-240 V<\/li>\n<li>Pieds: Ajustables<\/li>\n<li>Amp\u00e9rage: 10 A<\/li>\n<\/ul>","protected":false},"excerpt":{"rendered":"<p>Si vous pensez r\u00e9nover votre cuisine, achetez Lave-vaisselle Siemens AG SN23EW03KE Blanc 60 cm et d\u00b4autres produits Siemens AG ! Produit \u00e0 brancher: Oui Type de prise: Prise EU Type: Lave-vaisselle Bloc d\u2019Alimentation: r\u00e9seau \u00e9lectrique Couleur: Blanc Largeur: 60 cm Caract\u00e9ristiques: Verrouillage pour enfants \u00c9cran integr\u00e9 ECO Capacit\u00e9 (Nb de couverts): 13 Classification \u00e9nerg\u00e9tique: B [&hellip;]<\/p>\n","protected":false},"featured_media":60841,"comment_status":"open","ping_status":"closed","template":"","meta":[],"product_brand":[851],"product_cat":[393,60,77],"product_tag":[],"class_list":{"0":"post-60843","1":"product","2":"type-product","3":"status-publish","4":"has-post-thumbnail","6":"product_brand-brandp_930","7":"product_cat-autres-appareils-de-cuisines","8":"product_cat-cuisine-gourmet","9":"product_cat-petit-electromenager","11":"first","12":"instock","13":"taxable","14":"shipping-taxable","15":"purchasable","16":"product-type-simple"},"_links":{"self":[{"href":"https:\/\/bigbuy.tupique.com\/es\/wp-json\/wp\/v2\/product\/60843","targetHints":{"allow":["GET"]}}],"collection":[{"href":"https:\/\/bigbuy.tupique.com\/es\/wp-json\/wp\/v2\/product"}],"about":[{"href":"https:\/\/bigbuy.tupique.com\/es\/wp-json\/wp\/v2\/types\/product"}],"replies":[{"embeddable":true,"href":"https:\/\/bigbuy.tupique.com\/es\/wp-json\/wp\/v2\/comments?post=60843"}],"wp:featuredmedia":[{"embeddable":true,"href":"https:\/\/bigbuy.tupique.com\/es\/wp-json\/wp\/v2\/media\/60841"}],"wp:attachment":[{"href":"https:\/\/bigbuy.tupique.com\/es\/wp-json\/wp\/v2\/media?parent=60843"}],"wp:term":[{"taxonomy":"product_brand","embeddable":true,"href":"https:\/\/bigbuy.tupique.com\/es\/wp-json\/wp\/v2\/product_brand?post=60843"},{"taxonomy":"product_cat","embeddable":true,"href":"https:\/\/bigbuy.tupique.com\/es\/wp-json\/wp\/v2\/product_cat?post=60843"},{"taxonomy":"product_tag","embeddable":true,"href":"https:\/\/bigbuy.tupique.com\/es\/wp-json\/wp\/v2\/product_tag?post=60843"}],"curies":[{"name":"wp","href":"https:\/\/api.w.org\/{rel}","templated":true}]}}