{"id":60829,"date":"2026-04-01T15:37:15","date_gmt":"2026-04-01T14:37:15","guid":{"rendered":"https:\/\/bigbuy.tupique.com\/produto\/jet-wash-nilfisk-excellent-170-p\/"},"modified":"2026-04-15T02:20:41","modified_gmt":"2026-04-15T01:20:41","slug":"jet-wash-nilfisk-excellent-170-p","status":"publish","type":"product","link":"https:\/\/bigbuy.tupique.com\/es\/produto\/jet-wash-nilfisk-excellent-170-p\/","title":{"rendered":"Nettoyeur haute pression Nilfisk Excellent 170 &#8211; P"},"content":{"rendered":"<p>Si vous aimez prendre soin de chaque d\u00e9tail de votre maison et d&#8217;\u00eatre \u00e0 la derni\u00e8re mode en mati\u00e8re de produits qui vous rendront la vie plus facile, achetez <b>Nettoyeur haute pression Nilfisk Excellent 170 &#8211; P<\/b> au meilleur prix.<\/p>\n<p>La <b>nettoyeur haute pression Nilfisk Excellent 170 &#8211; P<\/b> est un outil puissant et polyvalent con\u00e7u pour offrir une performance efficace dans les t\u00e2ches de nettoyage n\u00e9cessitant une haute pression. Avec une <b>puissance de 2100 W<\/b>, cet appareil garantit une capacit\u00e9 de travail robuste permettant d\u2019\u00e9liminer plus facilement la salet\u00e9 incrust\u00e9e. Sa pression maximale de <b>170 bars<\/b> le place dans une gamme professionnelle ou semi-professionnelle, adapt\u00e9e au nettoyage de surfaces dures comme les patios, v\u00e9hicules ou machines, fournissant un jet puissant et continu. Son design allie fonctionnalit\u00e9 et ergonomie dans un format compact d\u2019environ <b>35 cm<\/b>, facilitant sa manipulation et son rangement. Il pr\u00e9sente une finition bicolore, <b>bleu et noir<\/b>, renfor\u00e7ant son image d\u2019outil r\u00e9sistant et moderne. De plus, son tuyau mesure <b>5 m\u00e8tres<\/b>, offrant une port\u00e9e suffisante pour travailler confortablement sans d\u00e9placer constamment l\u2019appareil. L\u2019<b>Excellent 170 &#8211; P<\/b> int\u00e8gre les caract\u00e9ristiques techniques et constructives propres \u00e0 Nilfisk, marque reconnue pour la durabilit\u00e9 et la fiabilit\u00e9 de ses nettoyeurs haute pression, assurant un investissement qui se traduit par des r\u00e9sultats efficaces et durables. En r\u00e9sum\u00e9, ce nettoyeur haute pression est une solution robuste et pratique pour les utilisateurs recherchant un \u00e9quilibre entre puissance, maniabilit\u00e9 et qualit\u00e9 de nettoyage.<\/p>\n<ul>\n<li>Couleur:\n<ul>\n<li>Bleu<\/li>\n<li>Noir<\/li>\n<li>Multicouleur<\/li>\n<\/ul>\n<\/li>\n<li>Long: 36,5 cm<\/li>\n<li>Amp\u00e9rage: 10 A<\/li>\n<li>Facteur de forme: Compact<\/li>\n<li>Poids approx.: 21,5 kg<\/li>\n<li>Longueur du c\u00e2ble: 5 m<\/li>\n<li>Pression max.: 170 bar<\/li>\n<li>puissance: 2100 W<\/li>\n<li>Largeur: 35 cm<\/li>\n<li>D\u00e9bit d&#8217;eau: 498 l\/h<\/li>\n<li>Type: Nettoyeur haute pression<\/li>\n<li>Bloc d\u2019Alimentation: Courant CA<\/li>\n<li>Pression: 170 bar<\/li>\n<\/ul>","protected":false},"excerpt":{"rendered":"<p>Si vous aimez prendre soin de chaque d\u00e9tail de votre maison et d&#8217;\u00eatre \u00e0 la derni\u00e8re mode en mati\u00e8re de produits qui vous rendront la vie plus facile, achetez Nettoyeur haute pression Nilfisk Excellent 170 &#8211; P au meilleur prix. La nettoyeur haute pression Nilfisk Excellent 170 &#8211; P est un outil puissant et polyvalent [&hellip;]<\/p>\n","protected":false},"featured_media":60822,"comment_status":"open","ping_status":"closed","template":"","meta":[],"product_brand":[1596],"product_cat":[613,239],"product_tag":[210],"class_list":{"0":"post-60829","1":"product","2":"type-product","3":"status-publish","4":"has-post-thumbnail","6":"product_brand-brandp_1682","7":"product_cat-bricolage-et-materiel","8":"product_cat-maison-jardin","9":"product_tag-tag_25","11":"first","12":"instock","13":"taxable","14":"shipping-taxable","15":"purchasable","16":"product-type-simple"},"_links":{"self":[{"href":"https:\/\/bigbuy.tupique.com\/es\/wp-json\/wp\/v2\/product\/60829","targetHints":{"allow":["GET"]}}],"collection":[{"href":"https:\/\/bigbuy.tupique.com\/es\/wp-json\/wp\/v2\/product"}],"about":[{"href":"https:\/\/bigbuy.tupique.com\/es\/wp-json\/wp\/v2\/types\/product"}],"replies":[{"embeddable":true,"href":"https:\/\/bigbuy.tupique.com\/es\/wp-json\/wp\/v2\/comments?post=60829"}],"wp:featuredmedia":[{"embeddable":true,"href":"https:\/\/bigbuy.tupique.com\/es\/wp-json\/wp\/v2\/media\/60822"}],"wp:attachment":[{"href":"https:\/\/bigbuy.tupique.com\/es\/wp-json\/wp\/v2\/media?parent=60829"}],"wp:term":[{"taxonomy":"product_brand","embeddable":true,"href":"https:\/\/bigbuy.tupique.com\/es\/wp-json\/wp\/v2\/product_brand?post=60829"},{"taxonomy":"product_cat","embeddable":true,"href":"https:\/\/bigbuy.tupique.com\/es\/wp-json\/wp\/v2\/product_cat?post=60829"},{"taxonomy":"product_tag","embeddable":true,"href":"https:\/\/bigbuy.tupique.com\/es\/wp-json\/wp\/v2\/product_tag?post=60829"}],"curies":[{"name":"wp","href":"https:\/\/api.w.org\/{rel}","templated":true}]}}