{"id":60790,"date":"2026-04-01T15:36:20","date_gmt":"2026-04-01T14:36:20","guid":{"rendered":"https:\/\/bigbuy.tupique.com\/produto\/dishwasher-sharp-qwna1f49di-steel-60-cm\/"},"modified":"2026-04-15T02:19:59","modified_gmt":"2026-04-15T01:19:59","slug":"dishwasher-sharp-qwna1f49di-steel-60-cm","status":"publish","type":"product","link":"https:\/\/bigbuy.tupique.com\/es\/produto\/dishwasher-sharp-qwna1f49di-steel-60-cm\/","title":{"rendered":"Lave-vaisselle Sharp QWNA1F49DI Acier 60 cm"},"content":{"rendered":"<p>Si vous pensez r\u00e9nover votre cuisine, achetez <b>Lave-vaisselle Sharp QWNA1F49DI Acier 60 cm<\/b> et d\u00b4autres <b>produits Sharp<\/b> !<\/p>\n<p>Le <b>lave-vaisselle<\/b> <b>Sharp QWNA1F49DI<\/b> est une solution avanc\u00e9e pour un nettoyage efficace et pratique de la vaisselle \u00e0 domicile, se distinguant par un design robuste en <b>acier inoxydable<\/b> qui s\u2019int\u00e8gre facilement dans les cuisines modernes. Avec une <b>largeur de 60 cm<\/b> et une <b>capacit\u00e9 jusqu\u2019\u00e0 14 couverts<\/b>, ce mod\u00e8le permet de g\u00e9rer de grandes charges quotidiennes, id\u00e9al pour les familles ou les utilisateurs aux besoins exigeants. Sa <b>classe \u00e9nerg\u00e9tique D<\/b> assure une consommation ma\u00eetris\u00e9e, et la <b>consommation d\u2019eau par cycle de 12 litres<\/b> contribue \u00e0 l\u2019efficacit\u00e9 sans compromettre les r\u00e9sultats. Il dispose d\u2019un <b>\u00e9cran int\u00e9gr\u00e9<\/b> pour une gestion intuitive des programmes et options, facilitant le choix entre les cycles comme DualProWash, IntelliWash, Express 50 ou Ecowash selon le type et le degr\u00e9 de salissure. Le syst\u00e8me de <b>moteur advanced inverter<\/b> garantit un fonctionnement silencieux, une durabilit\u00e9 accrue et un ajustement automatique de la puissance selon la charge, assurant un lavage fiable \u00e0 chaque utilisation. Il propose des options pratiques comme la fonction demi-charge, permettant d\u2019optimiser le lavage sans attendre que le lave-vaisselle soit plein. Bien qu\u2019il ne dispose pas de troisi\u00e8me tiroir pour les couverts, sa distribution int\u00e9rieure est optimis\u00e9e pour faciliter l\u2019acc\u00e8s et le rangement des assiettes, verres et ustensiles. Ce mod\u00e8le Sharp combine technologie efficace, grande capacit\u00e9 et utilisation simple, repr\u00e9sentant une alternative compl\u00e8te et fonctionnelle pour le quotidien dans les foyers modernes.<\/p>\n<ul>\n<li>Produit \u00e0 brancher: Oui<\/li>\n<li>Type: Lave-vaisselle<\/li>\n<li>Type de prise: Prise EU<\/li>\n<li>Bloc d\u2019Alimentation: r\u00e9seau \u00e9lectrique<\/li>\n<li>Couleur: Acier<\/li>\n<li>Largeur: 60 cm<\/li>\n<li>Caract\u00e9ristiques:\n<ul>\n<li>\u00c9cran integr\u00e9<\/li>\n<li>Commande tactile<\/li>\n<\/ul>\n<\/li>\n<li>Capacit\u00e9 (Nb de couverts): 14<\/li>\n<li>Classification \u00e9nerg\u00e9tique: D<\/li>\n<li>Programmes:\n<ul>\n<li>7<\/li>\n<li>ECO<\/li>\n<\/ul>\n<\/li>\n<li>Niveau sonore: 49 dB<\/li>\n<li>Capacit\u00e9: 12 L<\/li>\n<li>Type d&#8217;installation: Auto-assemblage<\/li>\n<li>Fonctions: ECO<\/li>\n<li>Connectivit\u00e9: No<\/li>\n<\/ul>","protected":false},"excerpt":{"rendered":"<p><span class=\"unit-info\">38.6658 &euro; \/ 1 l<\/span><\/p>","protected":false},"featured_media":60789,"comment_status":"open","ping_status":"closed","template":"","meta":[],"product_brand":[1088],"product_cat":[393,60,77],"product_tag":[104],"class_list":{"0":"post-60790","1":"product","2":"type-product","3":"status-publish","4":"has-post-thumbnail","6":"product_brand-brandp_3340","7":"product_cat-autres-appareils-de-cuisines","8":"product_cat-cuisine-gourmet","9":"product_cat-petit-electromenager","10":"product_tag-tag_1279","12":"first","13":"instock","14":"taxable","15":"shipping-taxable","16":"purchasable","17":"product-type-simple"},"_links":{"self":[{"href":"https:\/\/bigbuy.tupique.com\/es\/wp-json\/wp\/v2\/product\/60790","targetHints":{"allow":["GET"]}}],"collection":[{"href":"https:\/\/bigbuy.tupique.com\/es\/wp-json\/wp\/v2\/product"}],"about":[{"href":"https:\/\/bigbuy.tupique.com\/es\/wp-json\/wp\/v2\/types\/product"}],"replies":[{"embeddable":true,"href":"https:\/\/bigbuy.tupique.com\/es\/wp-json\/wp\/v2\/comments?post=60790"}],"wp:featuredmedia":[{"embeddable":true,"href":"https:\/\/bigbuy.tupique.com\/es\/wp-json\/wp\/v2\/media\/60789"}],"wp:attachment":[{"href":"https:\/\/bigbuy.tupique.com\/es\/wp-json\/wp\/v2\/media?parent=60790"}],"wp:term":[{"taxonomy":"product_brand","embeddable":true,"href":"https:\/\/bigbuy.tupique.com\/es\/wp-json\/wp\/v2\/product_brand?post=60790"},{"taxonomy":"product_cat","embeddable":true,"href":"https:\/\/bigbuy.tupique.com\/es\/wp-json\/wp\/v2\/product_cat?post=60790"},{"taxonomy":"product_tag","embeddable":true,"href":"https:\/\/bigbuy.tupique.com\/es\/wp-json\/wp\/v2\/product_tag?post=60790"}],"curies":[{"name":"wp","href":"https:\/\/api.w.org\/{rel}","templated":true}]}}