{"id":60729,"date":"2026-04-01T15:34:59","date_gmt":"2026-04-01T14:34:59","guid":{"rendered":"https:\/\/bigbuy.tupique.com\/produto\/superautomatic-coffee-maker-philips-ep3343-50\/"},"modified":"2026-04-15T17:56:22","modified_gmt":"2026-04-15T16:56:22","slug":"superautomatic-coffee-maker-philips-ep3343-50","status":"publish","type":"product","link":"https:\/\/bigbuy.tupique.com\/es\/produto\/superautomatic-coffee-maker-philips-ep3343-50\/","title":{"rendered":"Cafeti\u00e8re superautomatique Philips EP3343\/50"},"content":{"rendered":"<p>Si vous recherchez des \u00e9lectrom\u00e9nagers pour votre maison aux meilleurs prix, ne manquez pas <b>Cafeti\u00e8re superautomatique Philips EP3343\/50<\/b> et une large s\u00e9lection de petits \u00e9lectrom\u00e9nagers de qualit\u00e9 !<\/p>\n<p>La <b>Philips EP3343\/50<\/b> est une <b>cafeti\u00e8re super-automatique<\/b> con\u00e7ue pour ceux qui recherchent le confort, la personnalisation et la qualit\u00e9 dans la pr\u00e9paration quotidienne du caf\u00e9 \u00e0 la maison. Cette machine se distingue par son <b>design moderne disponible en blanc et noir<\/b>, qui s\u2019adapte facilement \u00e0 diff\u00e9rents styles de cuisine. \u00c9quip\u00e9e d\u2019un <b>moulin int\u00e9gr\u00e9<\/b>, elle permet d\u2019utiliser du caf\u00e9 en grains fra\u00eechement moulu pour un go\u00fbt optimal \u00e0 chaque tasse, en conservant la fra\u00eecheur et les ar\u00f4mes des meilleurs grains. Elle accepte \u00e9galement le <b>caf\u00e9 moulu<\/b>, offrant de la polyvalence pour ceux qui pr\u00e9f\u00e8rent cette option. Son <b>r\u00e9servoir de lait<\/b> facilite la pr\u00e9paration de boissons comme les cappuccinos ou les lattes, garantissant automatiquement une mousse cr\u00e9meuse et de qualit\u00e9 professionnelle. Le <b>panneau de contr\u00f4le avec \u00e9cran int\u00e9gr\u00e9<\/b> offre une exp\u00e9rience intuitive et accessible, permettant d\u2019ajuster l\u2019intensit\u00e9, la quantit\u00e9 et la temp\u00e9rature selon les pr\u00e9f\u00e9rences de chacun, le tout en quelques touches. La fonction <b>ECO<\/b> contribue \u00e0 une meilleure efficacit\u00e9 \u00e9nerg\u00e9tique, aidant \u00e0 r\u00e9duire la consommation sans sacrifier les performances ni la rapidit\u00e9 de pr\u00e9paration du caf\u00e9. Cette cafeti\u00e8re Philips r\u00e9pond efficacement aux exigences quotidiennes et satisfait aussi bien les amateurs d\u2019espresso que ceux qui appr\u00e9cient une vari\u00e9t\u00e9 de boissons lact\u00e9es, se positionnant comme une solution compl\u00e8te de milieu-haut de gamme dans son segment pour ceux qui valorisent la fonctionnalit\u00e9, la facilit\u00e9 d\u2019utilisation et l\u2019adaptabilit\u00e9.<\/p>\n<ul>\n<li>Pression: 15 bar<\/li>\n<li>puissance: 230 W<\/li>\n<li>Capacit\u00e9: 1,8 L<\/li>\n<li>Couleur:\n<ul>\n<li>Blanc<\/li>\n<li>Noir<\/li>\n<\/ul>\n<\/li>\n<li>Type:\n<ul>\n<li>Cafeti\u00e8re superautomatique<\/li>\n<li>Cafeti\u00e8re express<\/li>\n<li>Machine \u00e0 espresso<\/li>\n<\/ul>\n<\/li>\n<li>Produit \u00e0 brancher: Oui<\/li>\n<li>Bloc d\u2019Alimentation: r\u00e9seau \u00e9lectrique<\/li>\n<li>Caract\u00e9ristiques:\n<ul>\n<li>Filtre \u00e0 eau<\/li>\n<li>Broyeur int\u00e9gr\u00e9<\/li>\n<li>\u00c9cran integr\u00e9<\/li>\n<li>Commande tactile<\/li>\n<li>12 modes<\/li>\n<li>ECO<\/li>\n<li>Temp\u00e9rature r\u00e9glable<\/li>\n<\/ul>\n<\/li>\n<li>Classification \u00e9nerg\u00e9tique: A<\/li>\n<li>Fr\u00e9quence: 50 Hz<\/li>\n<li>Inclut:\n<ul>\n<li>Ecran<\/li>\n<li>Mousseur \u00e0 Lait<\/li>\n<\/ul>\n<\/li>\n<li>Type de commande: Tactile<\/li>\n<li>Contient: Cuill\u00e8re<\/li>\n<li>Tension d&#8217;entr\u00e9e AC: 230 V<\/li>\n<li>Niveaux de temp\u00e9rature: 3 niveaux<\/li>\n<\/ul>","protected":false},"excerpt":{"rendered":"<p>Si vous recherchez des \u00e9lectrom\u00e9nagers pour votre maison aux meilleurs prix, ne manquez pas Cafeti\u00e8re superautomatique Philips EP3343\/50 et une large s\u00e9lection de petits \u00e9lectrom\u00e9nagers de qualit\u00e9 ! La Philips EP3343\/50 est une cafeti\u00e8re super-automatique con\u00e7ue pour ceux qui recherchent le confort, la personnalisation et la qualit\u00e9 dans la pr\u00e9paration quotidienne du caf\u00e9 \u00e0 la [&hellip;]<\/p>\n","protected":false},"featured_media":60728,"comment_status":"open","ping_status":"closed","template":"","meta":[],"product_brand":[315],"product_cat":[725,60,77],"product_tag":[56],"class_list":{"0":"post-60729","1":"product","2":"type-product","3":"status-publish","4":"has-post-thumbnail","6":"product_brand-brandp_571","7":"product_cat-cafetieres","8":"product_cat-cuisine-gourmet","9":"product_cat-petit-electromenager","10":"product_tag-tag_930","12":"first","13":"instock","14":"taxable","15":"shipping-taxable","16":"purchasable","17":"product-type-simple"},"_links":{"self":[{"href":"https:\/\/bigbuy.tupique.com\/es\/wp-json\/wp\/v2\/product\/60729","targetHints":{"allow":["GET"]}}],"collection":[{"href":"https:\/\/bigbuy.tupique.com\/es\/wp-json\/wp\/v2\/product"}],"about":[{"href":"https:\/\/bigbuy.tupique.com\/es\/wp-json\/wp\/v2\/types\/product"}],"replies":[{"embeddable":true,"href":"https:\/\/bigbuy.tupique.com\/es\/wp-json\/wp\/v2\/comments?post=60729"}],"wp:featuredmedia":[{"embeddable":true,"href":"https:\/\/bigbuy.tupique.com\/es\/wp-json\/wp\/v2\/media\/60728"}],"wp:attachment":[{"href":"https:\/\/bigbuy.tupique.com\/es\/wp-json\/wp\/v2\/media?parent=60729"}],"wp:term":[{"taxonomy":"product_brand","embeddable":true,"href":"https:\/\/bigbuy.tupique.com\/es\/wp-json\/wp\/v2\/product_brand?post=60729"},{"taxonomy":"product_cat","embeddable":true,"href":"https:\/\/bigbuy.tupique.com\/es\/wp-json\/wp\/v2\/product_cat?post=60729"},{"taxonomy":"product_tag","embeddable":true,"href":"https:\/\/bigbuy.tupique.com\/es\/wp-json\/wp\/v2\/product_tag?post=60729"}],"curies":[{"name":"wp","href":"https:\/\/api.w.org\/{rel}","templated":true}]}}