{"id":60662,"date":"2026-04-01T15:31:01","date_gmt":"2026-04-01T14:31:01","guid":{"rendered":"https:\/\/bigbuy.tupique.com\/produto\/gaming-chair-phoenix-monarch-black-2\/"},"modified":"2026-04-15T12:07:44","modified_gmt":"2026-04-15T11:07:44","slug":"gaming-chair-phoenix-monarch-black-2","status":"publish","type":"product","link":"https:\/\/bigbuy.tupique.com\/es\/produto\/gaming-chair-phoenix-monarch-black-2\/","title":{"rendered":"Chaise de jeu Phoenix MONARCH Noir"},"content":{"rendered":"<p>Vous voulez donner une touche d&#8217;originalit\u00e9 \u00e0 votre maison ? Vous y arriverez gr\u00e2ce au <b>Chaise de jeu Phoenix MONARCH Noir<\/b>.<\/p>\n<ul>\n<li>Couleur: Noir<\/li>\n<li>Caract\u00e9ristiques:\n<ul>\n<li>Avec accoudoirs<\/li>\n<li>Inclinable<\/li>\n<\/ul>\n<\/li>\n<li>Poids Max. support\u00e9: 150 kg<\/li>\n<li>roues: 5 roues<\/li>\n<li>Type: Chaise de jeu<\/li>\n<\/ul>","protected":false},"excerpt":{"rendered":"<p>Vous voulez donner une touche d&#8217;originalit\u00e9 \u00e0 votre maison ? Vous y arriverez gr\u00e2ce au Chaise de jeu Phoenix MONARCH Noir. Couleur: Noir Caract\u00e9ristiques: Avec accoudoirs Inclinable Poids Max. support\u00e9: 150 kg roues: 5 roues Type: Chaise de jeu<\/p>","protected":false},"featured_media":188851,"comment_status":"open","ping_status":"closed","template":"","meta":[],"product_brand":[1542],"product_cat":[739,65,737],"product_tag":[572,104],"class_list":{"0":"post-60662","1":"product","2":"type-product","3":"status-publish","4":"has-post-thumbnail","6":"product_brand-brandp_5546","7":"product_cat-accessoires-gaming","8":"product_cat-informatique-electronique","9":"product_cat-informatique-gaming","10":"product_tag-tag_29","11":"product_tag-tag_1279","13":"first","14":"instock","15":"taxable","16":"shipping-taxable","17":"purchasable","18":"product-type-simple"},"_links":{"self":[{"href":"https:\/\/bigbuy.tupique.com\/es\/wp-json\/wp\/v2\/product\/60662","targetHints":{"allow":["GET"]}}],"collection":[{"href":"https:\/\/bigbuy.tupique.com\/es\/wp-json\/wp\/v2\/product"}],"about":[{"href":"https:\/\/bigbuy.tupique.com\/es\/wp-json\/wp\/v2\/types\/product"}],"replies":[{"embeddable":true,"href":"https:\/\/bigbuy.tupique.com\/es\/wp-json\/wp\/v2\/comments?post=60662"}],"wp:featuredmedia":[{"embeddable":true,"href":"https:\/\/bigbuy.tupique.com\/es\/wp-json\/wp\/v2\/media\/188851"}],"wp:attachment":[{"href":"https:\/\/bigbuy.tupique.com\/es\/wp-json\/wp\/v2\/media?parent=60662"}],"wp:term":[{"taxonomy":"product_brand","embeddable":true,"href":"https:\/\/bigbuy.tupique.com\/es\/wp-json\/wp\/v2\/product_brand?post=60662"},{"taxonomy":"product_cat","embeddable":true,"href":"https:\/\/bigbuy.tupique.com\/es\/wp-json\/wp\/v2\/product_cat?post=60662"},{"taxonomy":"product_tag","embeddable":true,"href":"https:\/\/bigbuy.tupique.com\/es\/wp-json\/wp\/v2\/product_tag?post=60662"}],"curies":[{"name":"wp","href":"https:\/\/api.w.org\/{rel}","templated":true}]}}