{"id":60660,"date":"2026-04-01T15:30:59","date_gmt":"2026-04-01T14:30:59","guid":{"rendered":"https:\/\/bigbuy.tupique.com\/produto\/induction-hot-plate-siemens-ag-eh631bdb6e-592-cm\/"},"modified":"2026-04-15T00:48:53","modified_gmt":"2026-04-14T23:48:53","slug":"induction-hot-plate-siemens-ag-eh631bdb6e-592-cm","status":"publish","type":"product","link":"https:\/\/bigbuy.tupique.com\/es\/produto\/induction-hot-plate-siemens-ag-eh631bdb6e-592-cm\/","title":{"rendered":"Plaque \u00e0 Induction Siemens AG EH631BDB6E 59,2 cm"},"content":{"rendered":"<p>Si vous pensez r\u00e9nover votre cuisine, achetez <b>Plaque \u00e0 Induction Siemens AG EH631BDB6E 59,2 cm<\/b> et d\u00b4autres <b>produits Siemens AG<\/b> !<\/p>\n<ul>\n<li>puissance: 7400 W<\/li>\n<li>Produit \u00e0 brancher: Oui<\/li>\n<li>Type de prise: Prise EU<\/li>\n<li>Type:\n<ul>\n<li>Plaque \u00e0 Induction<\/li>\n<li>C\u00e9ramique<\/li>\n<li>Int\u00e9gr\u00e9<\/li>\n<\/ul>\n<\/li>\n<li>Bloc d\u2019Alimentation: r\u00e9seau \u00e9lectrique<\/li>\n<li>Couleur: Noir<\/li>\n<li>Largeur: 59,2 cm<\/li>\n<li>Caract\u00e9ristiques:\n<ul>\n<li>\u00c9cran integr\u00e9<\/li>\n<li>Commande tactile<\/li>\n<\/ul>\n<\/li>\n<li>Type d&#8217;installation: Int\u00e9grable<\/li>\n<li>Niveaux de puissance: 17<\/li>\n<li>Zones de cuisson: 3<\/li>\n<li>Forme: Rectangulaire<\/li>\n<li>Technologie: LED<\/li>\n<li>Inclut: Ecran<\/li>\n<li>Type de commande: Tactile<\/li>\n<\/ul>","protected":false},"excerpt":{"rendered":"<p>Si vous pensez r\u00e9nover votre cuisine, achetez Plaque \u00e0 Induction Siemens AG EH631BDB6E 59,2 cm et d\u00b4autres produits Siemens AG ! puissance: 7400 W Produit \u00e0 brancher: Oui Type de prise: Prise EU Type: Plaque \u00e0 Induction C\u00e9ramique Int\u00e9gr\u00e9 Bloc d\u2019Alimentation: r\u00e9seau \u00e9lectrique Couleur: Noir Largeur: 59,2 cm Caract\u00e9ristiques: \u00c9cran integr\u00e9 Commande tactile Type d&#8217;installation: [&hellip;]<\/p>\n","protected":false},"featured_media":60659,"comment_status":"open","ping_status":"closed","template":"","meta":[],"product_brand":[851],"product_cat":[60,77,78],"product_tag":[55,56],"class_list":{"0":"post-60660","1":"product","2":"type-product","3":"status-publish","4":"has-post-thumbnail","6":"product_brand-brandp_930","7":"product_cat-cuisine-gourmet","8":"product_cat-petit-electromenager","9":"product_cat-plaques-de-cuisson","10":"product_tag-tag_926","11":"product_tag-tag_930","13":"first","14":"instock","15":"taxable","16":"shipping-taxable","17":"purchasable","18":"product-type-simple"},"_links":{"self":[{"href":"https:\/\/bigbuy.tupique.com\/es\/wp-json\/wp\/v2\/product\/60660","targetHints":{"allow":["GET"]}}],"collection":[{"href":"https:\/\/bigbuy.tupique.com\/es\/wp-json\/wp\/v2\/product"}],"about":[{"href":"https:\/\/bigbuy.tupique.com\/es\/wp-json\/wp\/v2\/types\/product"}],"replies":[{"embeddable":true,"href":"https:\/\/bigbuy.tupique.com\/es\/wp-json\/wp\/v2\/comments?post=60660"}],"wp:featuredmedia":[{"embeddable":true,"href":"https:\/\/bigbuy.tupique.com\/es\/wp-json\/wp\/v2\/media\/60659"}],"wp:attachment":[{"href":"https:\/\/bigbuy.tupique.com\/es\/wp-json\/wp\/v2\/media?parent=60660"}],"wp:term":[{"taxonomy":"product_brand","embeddable":true,"href":"https:\/\/bigbuy.tupique.com\/es\/wp-json\/wp\/v2\/product_brand?post=60660"},{"taxonomy":"product_cat","embeddable":true,"href":"https:\/\/bigbuy.tupique.com\/es\/wp-json\/wp\/v2\/product_cat?post=60660"},{"taxonomy":"product_tag","embeddable":true,"href":"https:\/\/bigbuy.tupique.com\/es\/wp-json\/wp\/v2\/product_tag?post=60660"}],"curies":[{"name":"wp","href":"https:\/\/api.w.org\/{rel}","templated":true}]}}