{"id":60656,"date":"2026-04-01T15:30:54","date_gmt":"2026-04-01T14:30:54","guid":{"rendered":"https:\/\/bigbuy.tupique.com\/produto\/conventional-hood-mepamsa-pro-3400691846-black\/"},"modified":"2026-04-15T00:47:01","modified_gmt":"2026-04-14T23:47:01","slug":"conventional-hood-mepamsa-pro-3400691846-black","status":"publish","type":"product","link":"https:\/\/bigbuy.tupique.com\/es\/produto\/conventional-hood-mepamsa-pro-3400691846-black\/","title":{"rendered":"Hotte standard Mepamsa PRO 3400691846 Noir"},"content":{"rendered":"<p>Si vous pensez r\u00e9nover votre cuisine, achetez <b>Hotte standard Mepamsa PRO 3400691846 Noir<\/b> et d\u00b4autres <b>produits Mepamsa<\/b> !<\/p>\n<ul>\n<li>Produit \u00e0 brancher: Oui<\/li>\n<li>Type de prise: Prise EU<\/li>\n<li>Type: Hotte standard<\/li>\n<li>Couleur: Noir<\/li>\n<li>Largeur: 80 cm<\/li>\n<li>Caract\u00e9ristiques:\n<ul>\n<li>Verrouillage pour enfants<\/li>\n<li>\u00c9cran integr\u00e9<\/li>\n<li>Commande tactile<\/li>\n<li>9 niveaux<\/li>\n<\/ul>\n<\/li>\n<li>puissance: 7400 W<\/li>\n<li>Mat\u00e9riel: Plastique<\/li>\n<\/ul>","protected":false},"excerpt":{"rendered":"<p>Si vous pensez r\u00e9nover votre cuisine, achetez Hotte standard Mepamsa PRO 3400691846 Noir et d\u00b4autres produits Mepamsa ! Produit \u00e0 brancher: Oui Type de prise: Prise EU Type: Hotte standard Couleur: Noir Largeur: 80 cm Caract\u00e9ristiques: Verrouillage pour enfants \u00c9cran integr\u00e9 Commande tactile 9 niveaux puissance: 7400 W Mat\u00e9riel: Plastique<\/p>","protected":false},"featured_media":60655,"comment_status":"open","ping_status":"closed","template":"","meta":[],"product_brand":[1540],"product_cat":[60,61,62],"product_tag":[56],"class_list":{"0":"post-60656","1":"product","2":"type-product","3":"status-publish","4":"has-post-thumbnail","6":"product_brand-brandp_1292","7":"product_cat-cuisine-gourmet","8":"product_cat-equipement-de-cuisine","9":"product_cat-hottes-de-cuisine","10":"product_tag-tag_930","12":"first","13":"instock","14":"taxable","15":"shipping-taxable","16":"purchasable","17":"product-type-simple"},"_links":{"self":[{"href":"https:\/\/bigbuy.tupique.com\/es\/wp-json\/wp\/v2\/product\/60656","targetHints":{"allow":["GET"]}}],"collection":[{"href":"https:\/\/bigbuy.tupique.com\/es\/wp-json\/wp\/v2\/product"}],"about":[{"href":"https:\/\/bigbuy.tupique.com\/es\/wp-json\/wp\/v2\/types\/product"}],"replies":[{"embeddable":true,"href":"https:\/\/bigbuy.tupique.com\/es\/wp-json\/wp\/v2\/comments?post=60656"}],"wp:featuredmedia":[{"embeddable":true,"href":"https:\/\/bigbuy.tupique.com\/es\/wp-json\/wp\/v2\/media\/60655"}],"wp:attachment":[{"href":"https:\/\/bigbuy.tupique.com\/es\/wp-json\/wp\/v2\/media?parent=60656"}],"wp:term":[{"taxonomy":"product_brand","embeddable":true,"href":"https:\/\/bigbuy.tupique.com\/es\/wp-json\/wp\/v2\/product_brand?post=60656"},{"taxonomy":"product_cat","embeddable":true,"href":"https:\/\/bigbuy.tupique.com\/es\/wp-json\/wp\/v2\/product_cat?post=60656"},{"taxonomy":"product_tag","embeddable":true,"href":"https:\/\/bigbuy.tupique.com\/es\/wp-json\/wp\/v2\/product_tag?post=60656"}],"curies":[{"name":"wp","href":"https:\/\/api.w.org\/{rel}","templated":true}]}}