{"id":60499,"date":"2026-04-01T15:25:59","date_gmt":"2026-04-01T14:25:59","guid":{"rendered":"https:\/\/bigbuy.tupique.com\/produto\/washing-machine-sharp-esnfl914cwna-9-kg\/"},"modified":"2026-05-11T19:56:35","modified_gmt":"2026-05-11T17:56:35","slug":"washing-machine-sharp-esnfl914cwna-9-kg","status":"publish","type":"product","link":"https:\/\/bigbuy.tupique.com\/es\/produto\/washing-machine-sharp-esnfl914cwna-9-kg\/","title":{"rendered":"Machine \u00e0 laver Sharp ESNFL914CWNA 9 kg"},"content":{"rendered":"<p>Si vous recherchez des \u00e9lectrom\u00e9nagers pour votre maison aux meilleurs prix, ne manquez pas <b>Machine \u00e0 laver Sharp ESNFL914CWNA 9 kg<\/b> et une large s\u00e9lection de petits \u00e9lectrom\u00e9nagers de qualit\u00e9 !<\/p>\n<p>La <b>machine \u00e0 laver<\/b> <b>Sharp ESNFL914CWNA<\/b> est une solution efficace et polyvalente pour l\u2019entretien du linge \u00e0 domicile, combinant une <b>classe \u00e9nerg\u00e9tique A<\/b> pour une consommation \u00e9lectrique optimis\u00e9e et une <b>capacit\u00e9 de 9 kg<\/b> adapt\u00e9e aussi bien aux familles qu\u2019aux utilisateurs ayant de grands volumes de lavage. Son syst\u00e8me de <b>chargement frontal<\/b> facilite l\u2019introduction et le retrait du linge, tandis que son <b>design disponible en blanc et noir<\/b> s\u2019int\u00e8gre facilement \u00e0 diff\u00e9rents styles d\u2019int\u00e9rieur. L\u2019int\u00e9gration d\u2019un <b>\u00e9cran digital<\/b> offre une exp\u00e9rience utilisateur intuitive, simplifiant la s\u00e9lection des programmes et le suivi du cycle en temps r\u00e9el. Cette machine \u00e0 laver dispose d\u2019une <b>fonction vapeur<\/b> qui aide \u00e0 \u00e9liminer les plis et am\u00e9liore l\u2019hygi\u00e8ne des textiles, particuli\u00e8rement utile pour les personnes allergiques ou les familles avec de jeunes enfants. La compatibilit\u00e9 avec la <b>langue espagnole<\/b> garantit une utilisation simple et accessible pour tous. De plus, sa vitesse d\u2019essorage maximale de <b>1400 tr\/min<\/b> permet au linge de ressortir moins humide, r\u00e9duisant ainsi le temps de s\u00e9chage et augmentant l\u2019efficacit\u00e9 globale du lavage. En r\u00e9sum\u00e9, la Sharp ESNFL914CWNA r\u00e9pond aux attentes de ceux qui recherchent une technologie moderne, une efficacit\u00e9 \u00e9nerg\u00e9tique et une grande capacit\u00e9 dans un appareil con\u00e7u pour un usage quotidien et intensif.<\/p>\n<ul>\n<li>Langue: Espagnol<\/li>\n<li>Type de charge: Frontal<\/li>\n<li>Capacit\u00e9: 9 kg<\/li>\n<li>Couleur:\n<ul>\n<li>Blanc<\/li>\n<li>Noir<\/li>\n<\/ul>\n<\/li>\n<li>vitesse: 1400 rpm<\/li>\n<li>Type d&#8217;installation: Sous le plan de travail<\/li>\n<li>Produit \u00e0 brancher: Oui<\/li>\n<li>Type de prise: Prise EU<\/li>\n<li>Bloc d\u2019Alimentation: r\u00e9seau \u00e9lectrique<\/li>\n<li>Niveau sonore: 79 dB<\/li>\n<li>Caract\u00e9ristiques: \u00c9cran integr\u00e9<\/li>\n<li>Classification \u00e9nerg\u00e9tique: A<\/li>\n<li>Programmes: Rapide<\/li>\n<\/ul>","protected":false},"excerpt":{"rendered":"<p><span class=\"unit-info\">54.1100 &euro; \/ 1 kg<\/span><\/p>","protected":false},"featured_media":60496,"comment_status":"open","ping_status":"closed","template":"","meta":[],"product_brand":[1088],"product_cat":[239,240,751],"product_tag":[104],"class_list":{"0":"post-60499","1":"product","2":"type-product","3":"status-publish","4":"has-post-thumbnail","6":"product_brand-brandp_3340","7":"product_cat-maison-jardin","8":"product_cat-nettoyage-aspirateur-et-repassage","9":"product_cat-seche-linge-fers-a-repasser-sechoirs","10":"product_tag-tag_1279","12":"first","13":"instock","14":"taxable","15":"shipping-taxable","16":"purchasable","17":"product-type-simple"},"_links":{"self":[{"href":"https:\/\/bigbuy.tupique.com\/es\/wp-json\/wp\/v2\/product\/60499","targetHints":{"allow":["GET"]}}],"collection":[{"href":"https:\/\/bigbuy.tupique.com\/es\/wp-json\/wp\/v2\/product"}],"about":[{"href":"https:\/\/bigbuy.tupique.com\/es\/wp-json\/wp\/v2\/types\/product"}],"replies":[{"embeddable":true,"href":"https:\/\/bigbuy.tupique.com\/es\/wp-json\/wp\/v2\/comments?post=60499"}],"wp:featuredmedia":[{"embeddable":true,"href":"https:\/\/bigbuy.tupique.com\/es\/wp-json\/wp\/v2\/media\/60496"}],"wp:attachment":[{"href":"https:\/\/bigbuy.tupique.com\/es\/wp-json\/wp\/v2\/media?parent=60499"}],"wp:term":[{"taxonomy":"product_brand","embeddable":true,"href":"https:\/\/bigbuy.tupique.com\/es\/wp-json\/wp\/v2\/product_brand?post=60499"},{"taxonomy":"product_cat","embeddable":true,"href":"https:\/\/bigbuy.tupique.com\/es\/wp-json\/wp\/v2\/product_cat?post=60499"},{"taxonomy":"product_tag","embeddable":true,"href":"https:\/\/bigbuy.tupique.com\/es\/wp-json\/wp\/v2\/product_tag?post=60499"}],"curies":[{"name":"wp","href":"https:\/\/api.w.org\/{rel}","templated":true}]}}