{"id":60489,"date":"2026-04-01T15:25:47","date_gmt":"2026-04-01T14:25:47","guid":{"rendered":"https:\/\/bigbuy.tupique.com\/produto\/microwave-with-grill-panasonic-nndf38pbepg-black-1000-w-23-l\/"},"modified":"2026-04-15T02:19:10","modified_gmt":"2026-04-15T01:19:10","slug":"microwave-with-grill-panasonic-nndf38pbepg-black-1000-w-23-l","status":"publish","type":"product","link":"https:\/\/bigbuy.tupique.com\/es\/produto\/microwave-with-grill-panasonic-nndf38pbepg-black-1000-w-23-l\/","title":{"rendered":"Micro-ondes avec Gril Panasonic NNDF38PBEPG Noir 1000 W 23 L"},"content":{"rendered":"<p>Si vous recherchez des \u00e9lectrom\u00e9nagers pour votre maison aux meilleurs prix, ne manquez pas <b>Micro-ondes avec Gril Panasonic NNDF38PBEPG Noir 1000 W 23 L<\/b> et une large s\u00e9lection de petits \u00e9lectrom\u00e9nagers de qualit\u00e9 !<\/p>\n<p>Le <b>micro-ondes avec grill Panasonic NNDF38PBEPG<\/b> est une solution polyvalente pour un usage quotidien en cuisine, combinant une <b>puissance de 1000 W<\/b> avec une <b>capacit\u00e9 int\u00e9rieure de 23 litres<\/b>, adapt\u00e9e pour r\u00e9chauffer et cuire des plats moyens rapidement et efficacement. Son design en <b>noir<\/b> et son style pose libre facilitent son int\u00e9gration dans tout espace, tandis que le syst\u00e8me de <b>commande par boutons et molette<\/b> offre une manipulation intuitive et pr\u00e9cise des fonctions. Ce mod\u00e8le int\u00e8gre un <b>\u00e9cran digital<\/b> qui facilite la visualisation des temps et r\u00e9glages, contribuant \u00e0 une utilisation claire et confortable. La pr\u00e9sence d\u2019une <b>grille grill<\/b> ajoute une fonctionnalit\u00e9, permettant de gratiner et dorer les aliments, \u00e9largissant les possibilit\u00e9s de pr\u00e9paration au-del\u00e0 du simple r\u00e9chauffage. Aliment\u00e9 en <b>230 V<\/b> avec un contr\u00f4le basique, il constitue une option pratique et fiable, id\u00e9ale pour les utilisateurs recherchant la simplicit\u00e9 avec des performances adapt\u00e9es \u00e0 un usage quotidien. Dans l\u2019ensemble, le Panasonic NNDF38PBEPG offre un \u00e9quilibre entre capacit\u00e9, puissance et utilit\u00e9, convenant aux foyers ayant besoin d\u2019un micro-ondes fonctionnel et durable avec des fonctionnalit\u00e9s classiques mais compl\u00e8tes.<\/p>\n<ul>\n<li>Produit \u00e0 brancher: Oui<\/li>\n<li>Type de prise: Prise EU<\/li>\n<li>Type: Micro-ondes avec Gril<\/li>\n<li>Bloc d\u2019Alimentation: r\u00e9seau \u00e9lectrique<\/li>\n<li>Couleur: Noir<\/li>\n<li>Caract\u00e9ristiques: \u00c9cran integr\u00e9<\/li>\n<li>Type d&#8217;installation: Auto-assemblage<\/li>\n<li>puissance: 1000 W<\/li>\n<li>Type de commande:\n<ul>\n<li>Boutons<\/li>\n<li>Boutons, rotatif<\/li>\n<\/ul>\n<\/li>\n<li>Capacit\u00e9: 23 L<\/li>\n<li>Tension: 230 V<\/li>\n<\/ul>","protected":false},"excerpt":{"rendered":"<p><span class=\"unit-info\">17.0430 &euro; \/ 1 l<\/span><\/p>","protected":false},"featured_media":60488,"comment_status":"open","ping_status":"closed","template":"","meta":[],"product_brand":[1226],"product_cat":[60,727,77],"product_tag":[55,104,56],"class_list":{"0":"post-60489","1":"product","2":"type-product","3":"status-publish","4":"has-post-thumbnail","6":"product_brand-brandp_944","7":"product_cat-cuisine-gourmet","8":"product_cat-micro-ondes","9":"product_cat-petit-electromenager","10":"product_tag-tag_926","11":"product_tag-tag_1279","12":"product_tag-tag_930","14":"first","15":"instock","16":"taxable","17":"shipping-taxable","18":"purchasable","19":"product-type-simple"},"_links":{"self":[{"href":"https:\/\/bigbuy.tupique.com\/es\/wp-json\/wp\/v2\/product\/60489","targetHints":{"allow":["GET"]}}],"collection":[{"href":"https:\/\/bigbuy.tupique.com\/es\/wp-json\/wp\/v2\/product"}],"about":[{"href":"https:\/\/bigbuy.tupique.com\/es\/wp-json\/wp\/v2\/types\/product"}],"replies":[{"embeddable":true,"href":"https:\/\/bigbuy.tupique.com\/es\/wp-json\/wp\/v2\/comments?post=60489"}],"wp:featuredmedia":[{"embeddable":true,"href":"https:\/\/bigbuy.tupique.com\/es\/wp-json\/wp\/v2\/media\/60488"}],"wp:attachment":[{"href":"https:\/\/bigbuy.tupique.com\/es\/wp-json\/wp\/v2\/media?parent=60489"}],"wp:term":[{"taxonomy":"product_brand","embeddable":true,"href":"https:\/\/bigbuy.tupique.com\/es\/wp-json\/wp\/v2\/product_brand?post=60489"},{"taxonomy":"product_cat","embeddable":true,"href":"https:\/\/bigbuy.tupique.com\/es\/wp-json\/wp\/v2\/product_cat?post=60489"},{"taxonomy":"product_tag","embeddable":true,"href":"https:\/\/bigbuy.tupique.com\/es\/wp-json\/wp\/v2\/product_tag?post=60489"}],"curies":[{"name":"wp","href":"https:\/\/api.w.org\/{rel}","templated":true}]}}