{"id":60487,"date":"2026-04-01T15:25:46","date_gmt":"2026-04-01T14:25:46","guid":{"rendered":"https:\/\/bigbuy.tupique.com\/produto\/microwave-with-grill-panasonic-nndf37pwepg-white-1000-w-23-l\/"},"modified":"2026-04-15T02:19:09","modified_gmt":"2026-04-15T01:19:09","slug":"microwave-with-grill-panasonic-nndf37pwepg-white-1000-w-23-l","status":"publish","type":"product","link":"https:\/\/bigbuy.tupique.com\/es\/produto\/microwave-with-grill-panasonic-nndf37pwepg-white-1000-w-23-l\/","title":{"rendered":"Micro-ondes avec Gril Panasonic NNDF37PWEPG Blanc 1000 W 23 L"},"content":{"rendered":"<p>Si vous recherchez des \u00e9lectrom\u00e9nagers pour votre maison aux meilleurs prix, ne manquez pas <b>Micro-ondes avec Gril Panasonic NNDF37PWEPG Blanc 1000 W 23 L<\/b> et une large s\u00e9lection de petits \u00e9lectrom\u00e9nagers de qualit\u00e9 !<\/p>\n<p>Le <b>micro-ondes avec grill NNDF37PWEPG<\/b> de Panasonic est un appareil con\u00e7u pour offrir polyvalence et efficacit\u00e9 en cuisine. \u00c9quip\u00e9 d\u2019une <b>puissance totale de 1000 W<\/b> aussi bien en mode micro-ondes qu\u2019en fonction grill, il permet de cuire et gratiner les aliments avec des r\u00e9sultats optimaux. Sa <b>capacit\u00e9 int\u00e9rieure de 23 litres<\/b> convient aux familles ou utilisateurs pr\u00e9parant des plats de taille moyenne, facilitant la cuisson des r\u00e9cipients et plats courants sans contrainte. Ce mod\u00e8le se distingue par son <b>type de commande rotative<\/b>, qui simplifie la s\u00e9lection des modes et dur\u00e9es de fa\u00e7on intuitive. Il propose <b>six niveaux de puissance<\/b>, permettant d\u2019ajuster pr\u00e9cis\u00e9ment la chaleur selon le type d\u2019aliment ou le r\u00e9sultat souhait\u00e9, incluant une fonction sp\u00e9cifique de d\u00e9cong\u00e9lation, id\u00e9ale pour pr\u00e9parer rapidement et en toute s\u00e9curit\u00e9. La pr\u00e9sence d\u2019un <b>\u00e9cran int\u00e9gr\u00e9<\/b> am\u00e9liore la visualisation et le contr\u00f4le du processus de cuisson, offrant plus de confort et de transparence au quotidien. Le <b>design blanc<\/b> et son format <b>pose libre<\/b> facilitent son int\u00e9gration dans tout style de cuisine, sans besoin d\u2019encastrement, augmentant la flexibilit\u00e9 d\u2019installation. De plus, l\u2019int\u00e9gration d\u2019un <b>moteur inverter<\/b> assure une r\u00e9partition plus homog\u00e8ne de la chaleur et une consommation \u00e9nerg\u00e9tique r\u00e9duite, optimisant temps et qualit\u00e9 de cuisson. La <b>grille grill<\/b> permet de toaster et gratiner les aliments avec des r\u00e9sultats professionnels, tout en conservant la simplicit\u00e9 caract\u00e9ristique de cet appareil. Le micro-ondes fonctionne sous une tension standard de <b>230 V<\/b>, garantissant la compatibilit\u00e9 avec les installations \u00e9lectriques domestiques courantes en Europe. En r\u00e9sum\u00e9, le Panasonic NNDF37PWEPG combine fonctions essentielles et technologies modernes, constituant une option pratique et efficace pour ceux qui recherchent un micro-ondes avec grill r\u00e9pondant aux besoins quotidiens sans complication.<\/p>\n<ul>\n<li>Produit \u00e0 brancher: Oui<\/li>\n<li>Type de prise: Prise EU<\/li>\n<li>Type: Micro-ondes avec Gril<\/li>\n<li>Bloc d\u2019Alimentation: r\u00e9seau \u00e9lectrique<\/li>\n<li>Couleur: Blanc<\/li>\n<li>Caract\u00e9ristiques:\n<ul>\n<li>Fonction de d\u00e9givrage<\/li>\n<li>\u00c9cran integr\u00e9<\/li>\n<\/ul>\n<\/li>\n<li>Type d&#8217;installation: Auto-assemblage<\/li>\n<li>puissance: 1000 W<\/li>\n<li>Type de commande: Plaque Tournante<\/li>\n<li>Capacit\u00e9: 23 L<\/li>\n<li>Mati\u00e8re:\n<ul>\n<li>verre<\/li>\n<li>Acier inoxydable<\/li>\n<li>Plastique<\/li>\n<\/ul>\n<\/li>\n<li>Fonctions:\n<ul>\n<li>Minuterie<\/li>\n<li>Cuisiner \u00e0 la vapeur<\/li>\n<li>Grill<\/li>\n<li>Fonction de d\u00e9givrage<\/li>\n<li>Programmes automatiques<\/li>\n<\/ul>\n<\/li>\n<li>Tension: 230 V<\/li>\n<li>Classification \u00e9nerg\u00e9tique: A++<\/li>\n<li>Temp\u00e9rature max.: 240 \u00baC<\/li>\n<\/ul>","protected":false},"excerpt":{"rendered":"<p><span class=\"unit-info\">16.3474 &euro; \/ 1 l<\/span><\/p>","protected":false},"featured_media":60486,"comment_status":"open","ping_status":"closed","template":"","meta":[],"product_brand":[1226],"product_cat":[60,727,77],"product_tag":[55,56],"class_list":{"0":"post-60487","1":"product","2":"type-product","3":"status-publish","4":"has-post-thumbnail","6":"product_brand-brandp_944","7":"product_cat-cuisine-gourmet","8":"product_cat-micro-ondes","9":"product_cat-petit-electromenager","10":"product_tag-tag_926","11":"product_tag-tag_930","13":"first","14":"instock","15":"taxable","16":"shipping-taxable","17":"purchasable","18":"product-type-simple"},"_links":{"self":[{"href":"https:\/\/bigbuy.tupique.com\/es\/wp-json\/wp\/v2\/product\/60487","targetHints":{"allow":["GET"]}}],"collection":[{"href":"https:\/\/bigbuy.tupique.com\/es\/wp-json\/wp\/v2\/product"}],"about":[{"href":"https:\/\/bigbuy.tupique.com\/es\/wp-json\/wp\/v2\/types\/product"}],"replies":[{"embeddable":true,"href":"https:\/\/bigbuy.tupique.com\/es\/wp-json\/wp\/v2\/comments?post=60487"}],"wp:featuredmedia":[{"embeddable":true,"href":"https:\/\/bigbuy.tupique.com\/es\/wp-json\/wp\/v2\/media\/60486"}],"wp:attachment":[{"href":"https:\/\/bigbuy.tupique.com\/es\/wp-json\/wp\/v2\/media?parent=60487"}],"wp:term":[{"taxonomy":"product_brand","embeddable":true,"href":"https:\/\/bigbuy.tupique.com\/es\/wp-json\/wp\/v2\/product_brand?post=60487"},{"taxonomy":"product_cat","embeddable":true,"href":"https:\/\/bigbuy.tupique.com\/es\/wp-json\/wp\/v2\/product_cat?post=60487"},{"taxonomy":"product_tag","embeddable":true,"href":"https:\/\/bigbuy.tupique.com\/es\/wp-json\/wp\/v2\/product_tag?post=60487"}],"curies":[{"name":"wp","href":"https:\/\/api.w.org\/{rel}","templated":true}]}}