{"id":60468,"date":"2026-04-01T15:25:22","date_gmt":"2026-04-01T14:25:22","guid":{"rendered":"https:\/\/bigbuy.tupique.com\/produto\/washer-dryer-lg-f4dr6010agm-10kg-6kg-black\/"},"modified":"2026-05-11T19:56:34","modified_gmt":"2026-05-11T17:56:34","slug":"washer-dryer-lg-f4dr6010agm-10kg-6kg-black","status":"publish","type":"product","link":"https:\/\/bigbuy.tupique.com\/es\/produto\/washer-dryer-lg-f4dr6010agm-10kg-6kg-black\/","title":{"rendered":"Laveuse &#8211; S\u00e9cheuse LG F4DR6010AGM 10kg \/ 6kg Noir"},"content":{"rendered":"<p>Si vous pensez r\u00e9nover votre cuisine, achetez <b>Laveuse &#8211; S\u00e9cheuse LG F4DR6010AGM 10kg \/ 6kg Noir<\/b> et d\u00b4autres <b>produits LG<\/b> !<\/p>\n<p>La <b>lave-linge s\u00e9chant LG F4DR6010AGM<\/b> allie efficacit\u00e9 et capacit\u00e9 pour r\u00e9pondre aux besoins exigeants des foyers en mati\u00e8re de soin du linge. Ce mod\u00e8le offre une <b>capacit\u00e9 de lavage de 10 kg<\/b> et une <b>capacit\u00e9 de s\u00e9chage de 6 kg<\/b>, permettant de traiter de gros volumes en un seul cycle, id\u00e9al pour les familles nombreuses ou pour r\u00e9duire la fr\u00e9quence des lavages. Il est \u00e9quip\u00e9 d\u2019un <b>moteur inverter<\/b>, technologie qui am\u00e9liore nettement l\u2019efficacit\u00e9 \u00e9nerg\u00e9tique et les performances, assurant un fonctionnement plus silencieux et une meilleure durabilit\u00e9. Sa <b>vitesse d\u2019essorage maximale de 1400 tr\/min<\/b> favorise un s\u00e9chage plus rapide, ce qui permet d\u2019\u00e9conomiser temps et \u00e9nergie. Concernant l\u2019efficacit\u00e9 \u00e9nerg\u00e9tique, la <b>classe A en lavage<\/b> garantit une consommation ma\u00eetris\u00e9e, tandis que la cat\u00e9gorie g\u00e9n\u00e9rale <b>D en lavage et s\u00e9chage<\/b> repr\u00e9sente un bon compromis pour un lave-linge s\u00e9chant combin\u00e9. Cet appareil est con\u00e7u pour une installation sous plan de travail, facilitant son int\u00e9gration dans des espaces compacts, et se d\u00e9cline en deux couleurs, <b>blanc et noir<\/b>, pour s\u2019adapter \u00e0 diff\u00e9rents styles d\u00e9coratifs. Parmi ses fonctionnalit\u00e9s suppl\u00e9mentaires figurent un <b>verrouillage enfant<\/b>, qui pr\u00e9vient les accidents ou modifications pendant le cycle, ainsi qu\u2019un <b>\u00e9cran int\u00e9gr\u00e9<\/b> pour une utilisation intuitive et confortable des fonctions. Avec une largeur standard de <b>60 cm<\/b>, il convient \u00e0 la plupart des espaces domestiques. En r\u00e9sum\u00e9, le LG F4DR6010AGM offre une solution polyvalente et pratique pour ceux qui souhaitent combiner lavage et s\u00e9chage dans un seul appareil sans sacrifier les performances ni l\u2019efficacit\u00e9. Ce produit repr\u00e9sente un \u00e9quilibre pertinent entre fonctionnalit\u00e9 et technologie accessible dans la gamme moyenne des lave-linge s\u00e9chants pour usage domestique.<\/p>\n<ul>\n<li>Couleur:\n<ul>\n<li>Noir<\/li>\n<li>Blanc<\/li>\n<\/ul>\n<\/li>\n<li>Largeur: 60 cm<\/li>\n<li>Langue: Espagnol<\/li>\n<li>vitesse: 1400 rpm<\/li>\n<li>Capacit\u00e9:\n<ul>\n<li>10kg \/ 6kg<\/li>\n<li>6 Kg<\/li>\n<\/ul>\n<\/li>\n<li>Classification \u00e9nerg\u00e9tique:\n<ul>\n<li>A<\/li>\n<li>D<\/li>\n<\/ul>\n<\/li>\n<li>Type d&#8217;installation: Sous le plan de travail<\/li>\n<li>Produit \u00e0 brancher: Oui<\/li>\n<li>Type de prise: Prise EU<\/li>\n<li>Bloc d\u2019Alimentation: r\u00e9seau \u00e9lectrique<\/li>\n<li>Tension: 220 V<\/li>\n<\/ul>","protected":false},"excerpt":{"rendered":"<p>Si vous pensez r\u00e9nover votre cuisine, achetez Laveuse &#8211; S\u00e9cheuse LG F4DR6010AGM 10kg \/ 6kg Noir et d\u00b4autres produits LG ! La lave-linge s\u00e9chant LG F4DR6010AGM allie efficacit\u00e9 et capacit\u00e9 pour r\u00e9pondre aux besoins exigeants des foyers en mati\u00e8re de soin du linge. Ce mod\u00e8le offre une capacit\u00e9 de lavage de 10 kg et une [&hellip;]<\/p>\n","protected":false},"featured_media":60466,"comment_status":"open","ping_status":"closed","template":"","meta":[],"product_brand":[662],"product_cat":[239,240,751],"product_tag":[104],"class_list":{"0":"post-60468","1":"product","2":"type-product","3":"status-publish","4":"has-post-thumbnail","6":"product_brand-brandp_559","7":"product_cat-maison-jardin","8":"product_cat-nettoyage-aspirateur-et-repassage","9":"product_cat-seche-linge-fers-a-repasser-sechoirs","10":"product_tag-tag_1279","12":"first","13":"instock","14":"taxable","15":"shipping-taxable","16":"purchasable","17":"product-type-simple"},"_links":{"self":[{"href":"https:\/\/bigbuy.tupique.com\/es\/wp-json\/wp\/v2\/product\/60468","targetHints":{"allow":["GET"]}}],"collection":[{"href":"https:\/\/bigbuy.tupique.com\/es\/wp-json\/wp\/v2\/product"}],"about":[{"href":"https:\/\/bigbuy.tupique.com\/es\/wp-json\/wp\/v2\/types\/product"}],"replies":[{"embeddable":true,"href":"https:\/\/bigbuy.tupique.com\/es\/wp-json\/wp\/v2\/comments?post=60468"}],"wp:featuredmedia":[{"embeddable":true,"href":"https:\/\/bigbuy.tupique.com\/es\/wp-json\/wp\/v2\/media\/60466"}],"wp:attachment":[{"href":"https:\/\/bigbuy.tupique.com\/es\/wp-json\/wp\/v2\/media?parent=60468"}],"wp:term":[{"taxonomy":"product_brand","embeddable":true,"href":"https:\/\/bigbuy.tupique.com\/es\/wp-json\/wp\/v2\/product_brand?post=60468"},{"taxonomy":"product_cat","embeddable":true,"href":"https:\/\/bigbuy.tupique.com\/es\/wp-json\/wp\/v2\/product_cat?post=60468"},{"taxonomy":"product_tag","embeddable":true,"href":"https:\/\/bigbuy.tupique.com\/es\/wp-json\/wp\/v2\/product_tag?post=60468"}],"curies":[{"name":"wp","href":"https:\/\/api.w.org\/{rel}","templated":true}]}}