{"id":60431,"date":"2026-04-01T15:24:36","date_gmt":"2026-04-01T14:24:36","guid":{"rendered":"https:\/\/bigbuy.tupique.com\/produto\/induction-hot-plate-lg-cbiz2435b-60-cm-7400-w\/"},"modified":"2026-04-15T01:26:29","modified_gmt":"2026-04-15T00:26:29","slug":"induction-hot-plate-lg-cbiz2435b-60-cm-7400-w","status":"publish","type":"product","link":"https:\/\/bigbuy.tupique.com\/es\/produto\/induction-hot-plate-lg-cbiz2435b-60-cm-7400-w\/","title":{"rendered":"Plaque \u00e0 Induction LG CBIZ2435B 60 cm 7400 W"},"content":{"rendered":"<p>Si vous pensez r\u00e9nover votre cuisine, achetez <b>Plaque \u00e0 Induction LG CBIZ2435B 60 cm 7400 W<\/b> et d\u00b4autres <b>produits LG<\/b> !<\/p>\n<p>La <b>plaque \u00e0 induction LG CBIZ2435B<\/b> est un appareil con\u00e7u pour offrir une performance \u00e9lev\u00e9e en cuisine, alliant efficacit\u00e9 \u00e9nerg\u00e9tique et fonctionnalit\u00e9s modernes. Elle dispose de <b>quatre zones de cuisson<\/b>, permettant d\u2019utiliser plusieurs r\u00e9cipients simultan\u00e9ment pour pr\u00e9parer diff\u00e9rents plats, tandis que sa <b>puissance maximale totale de 7400 W<\/b> garantit un chauffage rapide et uniforme. Sa surface de <b>couleur noire<\/b> et une <b>largeur d\u2019environ 59 cm<\/b> la rendent compatible avec la plupart des plans de travail standards, facilitant son int\u00e9gration dans les cuisines contemporaines. Le syst\u00e8me de commande tactile permet un r\u00e9glage pr\u00e9cis de la temp\u00e9rature, offrant <b>15 niveaux de puissance<\/b> pour ajuster la chaleur selon les besoins de chaque pr\u00e9paration. Elle inclut \u00e9galement des fonctions pratiques telles que le <b>minuteur<\/b>, qui permet de programmer le temps de cuisson pour un contr\u00f4le optimal, et le <b>verrouillage enfant<\/b>, essentiel pour garantir la s\u00e9curit\u00e9 familiale en \u00e9vitant les activations accidentelles. La pr\u00e9sence d\u2019un <b>\u00e9cran int\u00e9gr\u00e9<\/b> offre une lecture claire et directe des r\u00e9glages s\u00e9lectionn\u00e9s, am\u00e9liorant l\u2019exp\u00e9rience utilisateur et la manipulation de l\u2019appareil. Cette plaque \u00e0 induction, qui allie design \u00e9l\u00e9gant et technologie performante, est une solution adapt\u00e9e pour ceux qui recherchent un produit fonctionnel et s\u00fbr facilitant la pr\u00e9paration quotidienne des repas, tout en conservant un contr\u00f4le total sur chaque \u00e9tape sans renoncer au confort et \u00e0 la modernit\u00e9.<\/p>\n<ul>\n<li>Produit \u00e0 brancher: Oui<\/li>\n<li>Type de prise: Prise EU<\/li>\n<li>Type:\n<ul>\n<li>Plaque \u00e0 Induction<\/li>\n<li>Int\u00e9gr\u00e9<\/li>\n<\/ul>\n<\/li>\n<li>Bloc d\u2019Alimentation: r\u00e9seau \u00e9lectrique<\/li>\n<li>Couleur: Noir<\/li>\n<li>Largeur:\n<ul>\n<li>60 cm<\/li>\n<li>59 cm<\/li>\n<\/ul>\n<\/li>\n<li>Caract\u00e9ristiques:\n<ul>\n<li>Minuterie<\/li>\n<li>Verrouillage pour enfants<\/li>\n<li>\u00c9cran integr\u00e9<\/li>\n<li>Commande tactile<\/li>\n<\/ul>\n<\/li>\n<li>Connectivit\u00e9: Wi-Fi<\/li>\n<li>Type d&#8217;installation: Int\u00e9grable<\/li>\n<li>puissance: 7400 W<\/li>\n<li>Niveaux de puissance: 15<\/li>\n<li>Zones de cuisson: 4<\/li>\n<li>Profondeur de compartiment d&#8217;installation: 48 cm<\/li>\n<li>Fonctions: Minuterie<\/li>\n<li>Forme: Rectangulaire<\/li>\n<li>Technologie: LED<\/li>\n<li>Fr\u00e9quence d&#8217;entr\u00e9e AC: 50-60 Hz<\/li>\n<li>Inclut: Ecran<\/li>\n<li>Type de commande: Tactile<\/li>\n<li>Tension: 220-240 V<\/li>\n<li>Long: 52 cm<\/li>\n<\/ul>","protected":false},"excerpt":{"rendered":"<p>Si vous pensez r\u00e9nover votre cuisine, achetez Plaque \u00e0 Induction LG CBIZ2435B 60 cm 7400 W et d\u00b4autres produits LG ! La plaque \u00e0 induction LG CBIZ2435B est un appareil con\u00e7u pour offrir une performance \u00e9lev\u00e9e en cuisine, alliant efficacit\u00e9 \u00e9nerg\u00e9tique et fonctionnalit\u00e9s modernes. Elle dispose de quatre zones de cuisson, permettant d\u2019utiliser plusieurs r\u00e9cipients [&hellip;]<\/p>\n","protected":false},"featured_media":60429,"comment_status":"open","ping_status":"closed","template":"","meta":[],"product_brand":[662],"product_cat":[60,77,78],"product_tag":[55,56],"class_list":{"0":"post-60431","1":"product","2":"type-product","3":"status-publish","4":"has-post-thumbnail","6":"product_brand-brandp_559","7":"product_cat-cuisine-gourmet","8":"product_cat-petit-electromenager","9":"product_cat-plaques-de-cuisson","10":"product_tag-tag_926","11":"product_tag-tag_930","13":"first","14":"instock","15":"taxable","16":"shipping-taxable","17":"purchasable","18":"product-type-simple"},"_links":{"self":[{"href":"https:\/\/bigbuy.tupique.com\/es\/wp-json\/wp\/v2\/product\/60431","targetHints":{"allow":["GET"]}}],"collection":[{"href":"https:\/\/bigbuy.tupique.com\/es\/wp-json\/wp\/v2\/product"}],"about":[{"href":"https:\/\/bigbuy.tupique.com\/es\/wp-json\/wp\/v2\/types\/product"}],"replies":[{"embeddable":true,"href":"https:\/\/bigbuy.tupique.com\/es\/wp-json\/wp\/v2\/comments?post=60431"}],"wp:featuredmedia":[{"embeddable":true,"href":"https:\/\/bigbuy.tupique.com\/es\/wp-json\/wp\/v2\/media\/60429"}],"wp:attachment":[{"href":"https:\/\/bigbuy.tupique.com\/es\/wp-json\/wp\/v2\/media?parent=60431"}],"wp:term":[{"taxonomy":"product_brand","embeddable":true,"href":"https:\/\/bigbuy.tupique.com\/es\/wp-json\/wp\/v2\/product_brand?post=60431"},{"taxonomy":"product_cat","embeddable":true,"href":"https:\/\/bigbuy.tupique.com\/es\/wp-json\/wp\/v2\/product_cat?post=60431"},{"taxonomy":"product_tag","embeddable":true,"href":"https:\/\/bigbuy.tupique.com\/es\/wp-json\/wp\/v2\/product_tag?post=60431"}],"curies":[{"name":"wp","href":"https:\/\/api.w.org\/{rel}","templated":true}]}}