{"id":60383,"date":"2026-04-01T15:20:27","date_gmt":"2026-04-01T14:20:27","guid":{"rendered":"https:\/\/bigbuy.tupique.com\/produto\/dryer-lg-rh90v9av3n-9-kg\/"},"modified":"2026-04-16T20:51:34","modified_gmt":"2026-04-16T19:51:34","slug":"dryer-lg-rh90v9av3n-9-kg","status":"publish","type":"product","link":"https:\/\/bigbuy.tupique.com\/es\/produto\/dryer-lg-rh90v9av3n-9-kg\/","title":{"rendered":"S\u00e9cheuse LG RH90V9AV3N 9 kg"},"content":{"rendered":"<p>Si vous pensez r\u00e9nover votre cuisine, achetez <b>S\u00e9cheuse LG RH90V9AV3N 9 kg<\/b> et d\u00b4autres <b>produits LG<\/b> !<\/p>\n<p>La <b>s\u00e9cheuse \u00e0 condensation LG RH90V9AV3N<\/b> est un appareil con\u00e7u pour offrir un s\u00e9chage efficace et d\u00e9licat, id\u00e9al pour les utilisateurs recherchant performance et \u00e9conomie d\u2019\u00e9nergie dans un appareil domestique compact. Elle dispose d\u2019un <b>syst\u00e8me de s\u00e9chage par pompe \u00e0 chaleur<\/b>, qui permet de s\u00e9cher les v\u00eatements \u00e0 des temp\u00e9ratures plus basses, \u00e9vitant ainsi d\u2019endommager les tissus et optimisant la consommation \u00e9lectrique, contribuant \u00e0 sa <b>classe d\u2019efficacit\u00e9 \u00e9nerg\u00e9tique C<\/b>. Elle pr\u00e9sente une <b>capacit\u00e9 de s\u00e9chage de 9 kg<\/b>, adapt\u00e9e aux familles de taille moyenne, et un <b>niveau sonore de 62 dB<\/b>, ce qui la place dans une gamme relativement silencieuse pour sa cat\u00e9gorie. Elle int\u00e8gre un moteur inverter, reconnu pour sa durabilit\u00e9 et son fonctionnement efficace, ainsi qu\u2019un \u00e9cran int\u00e9gr\u00e9 facilitant la s\u00e9lection et le suivi des cycles et r\u00e9glages. Son design mise sur une esth\u00e9tique sobre et polyvalente, avec une pr\u00e9dominance du <b>blanc<\/b> et des d\u00e9tails en noir et transparent, pens\u00e9e pour s\u2019int\u00e9grer facilement dans diff\u00e9rents espaces domestiques. Ses dimensions avec une <b>largeur de 60 cm<\/b> la rendent adaptable aux installations standards. Ce mod\u00e8le combine fonctionnalit\u00e9 avanc\u00e9e et technologie de s\u00e9chage d\u00e9licat pour ceux qui privil\u00e9gient le soin du linge avec une consommation ma\u00eetris\u00e9e, s\u2019imposant comme une solution pratique et moderne dans la gamme des s\u00e8che-linge \u00e0 condensation.<\/p>\n<ul>\n<li>Type de charge: Frontal<\/li>\n<li>Couleur:\n<ul>\n<li>Blanc<\/li>\n<li>Noir<\/li>\n<li>Transparent<\/li>\n<\/ul>\n<\/li>\n<li>Classification \u00e9nerg\u00e9tique:\n<ul>\n<li>A+++<\/li>\n<li>C<\/li>\n<li>A<\/li>\n<\/ul>\n<\/li>\n<li>Produit \u00e0 brancher: Oui<\/li>\n<li>Type de prise: Prise EU<\/li>\n<li>Connectivit\u00e9: Wi-Fi<\/li>\n<li>Langue: Espagnol<\/li>\n<li>Capacit\u00e9: 9 kg<\/li>\n<li>Type:\n<ul>\n<li>Pompe \u00e0 chaleur<\/li>\n<li>S\u00e9cheuse<\/li>\n<\/ul>\n<\/li>\n<li>Bloc d\u2019Alimentation: r\u00e9seau \u00e9lectrique<\/li>\n<li>Profondeur: 660 mm<\/li>\n<li>\u00c9lev\u00e9: 85 cm<\/li>\n<li>Caract\u00e9ristiques: \u00c9cran integr\u00e9<\/li>\n<li>Largeur: 60 cm<\/li>\n<li>Niveau sonore: 62 dB<\/li>\n<li>Mati\u00e8re: Acier<\/li>\n<li>Technologie: LED<\/li>\n<li>Type de commande: Plaque Tournante<\/li>\n<\/ul>","protected":false},"excerpt":{"rendered":"<p><span class=\"unit-info\">106.6656 &euro; \/ 1 kg<\/span><\/p>","protected":false},"featured_media":60381,"comment_status":"open","ping_status":"closed","template":"","meta":[],"product_brand":[662],"product_cat":[239,240,751],"product_tag":[],"class_list":{"0":"post-60383","1":"product","2":"type-product","3":"status-publish","4":"has-post-thumbnail","6":"product_brand-brandp_559","7":"product_cat-maison-jardin","8":"product_cat-nettoyage-aspirateur-et-repassage","9":"product_cat-seche-linge-fers-a-repasser-sechoirs","11":"first","12":"instock","13":"taxable","14":"shipping-taxable","15":"purchasable","16":"product-type-simple"},"_links":{"self":[{"href":"https:\/\/bigbuy.tupique.com\/es\/wp-json\/wp\/v2\/product\/60383","targetHints":{"allow":["GET"]}}],"collection":[{"href":"https:\/\/bigbuy.tupique.com\/es\/wp-json\/wp\/v2\/product"}],"about":[{"href":"https:\/\/bigbuy.tupique.com\/es\/wp-json\/wp\/v2\/types\/product"}],"replies":[{"embeddable":true,"href":"https:\/\/bigbuy.tupique.com\/es\/wp-json\/wp\/v2\/comments?post=60383"}],"wp:featuredmedia":[{"embeddable":true,"href":"https:\/\/bigbuy.tupique.com\/es\/wp-json\/wp\/v2\/media\/60381"}],"wp:attachment":[{"href":"https:\/\/bigbuy.tupique.com\/es\/wp-json\/wp\/v2\/media?parent=60383"}],"wp:term":[{"taxonomy":"product_brand","embeddable":true,"href":"https:\/\/bigbuy.tupique.com\/es\/wp-json\/wp\/v2\/product_brand?post=60383"},{"taxonomy":"product_cat","embeddable":true,"href":"https:\/\/bigbuy.tupique.com\/es\/wp-json\/wp\/v2\/product_cat?post=60383"},{"taxonomy":"product_tag","embeddable":true,"href":"https:\/\/bigbuy.tupique.com\/es\/wp-json\/wp\/v2\/product_tag?post=60383"}],"curies":[{"name":"wp","href":"https:\/\/api.w.org\/{rel}","templated":true}]}}