{"id":60333,"date":"2026-04-01T15:19:21","date_gmt":"2026-04-01T14:19:21","guid":{"rendered":"https:\/\/bigbuy.tupique.com\/produto\/freezer-lg-black-324-l\/"},"modified":"2026-04-15T07:03:25","modified_gmt":"2026-04-15T06:03:25","slug":"freezer-lg-black-324-l","status":"publish","type":"product","link":"https:\/\/bigbuy.tupique.com\/es\/produto\/freezer-lg-black-324-l\/","title":{"rendered":"Cong\u00e9lateur LG Noir 324 L"},"content":{"rendered":"<p>Si vous pensez r\u00e9nover votre cuisine, achetez <b>Cong\u00e9lateur LG Noir 324 L<\/b> et d\u00b4autres <b>produits LG<\/b> !<\/p>\n<ul>\n<li>Type:\n<ul>\n<li>Vertical<\/li>\n<li>Cong\u00e9lateur<\/li>\n<\/ul>\n<\/li>\n<li>Caract\u00e9ristiques:\n<ul>\n<li>Lumi\u00e8re int\u00e9rieure<\/li>\n<li>\u00c9cran integr\u00e9<\/li>\n<li>Verrouillage pour enfants<\/li>\n<li>Commande tactile<\/li>\n<\/ul>\n<\/li>\n<li>Largeur: 59,5 cm<\/li>\n<li>Fonctions: No Frost<\/li>\n<li>Produit \u00e0 brancher: Oui<\/li>\n<li>Type de prise: Prise EU<\/li>\n<li>Bloc d\u2019Alimentation: r\u00e9seau \u00e9lectrique<\/li>\n<li>Couleur: Noir<\/li>\n<li>Connectivit\u00e9: Wi-Fi<\/li>\n<li>Classification \u00e9nerg\u00e9tique: D<\/li>\n<li>Dimensions approx.: 186 x 60 cm<\/li>\n<li>Technologie: LED<\/li>\n<li>Niveau sonore: 37 dB<\/li>\n<li>Capacit\u00e9: 324 L<\/li>\n<li>\u00c9lev\u00e9: 186 cm<\/li>\n<\/ul>","protected":false},"excerpt":{"rendered":"<p><span class=\"unit-info\">4.4938 &euro; \/ 1 l<\/span><\/p>","protected":false},"featured_media":60332,"comment_status":"open","ping_status":"closed","template":"","meta":[],"product_brand":[662],"product_cat":[60,77,226],"product_tag":[],"class_list":{"0":"post-60333","1":"product","2":"type-product","3":"status-publish","4":"has-post-thumbnail","6":"product_brand-brandp_559","7":"product_cat-cuisine-gourmet","8":"product_cat-petit-electromenager","9":"product_cat-refrigerateurs-et-congelateurs","11":"first","12":"instock","13":"taxable","14":"shipping-taxable","15":"purchasable","16":"product-type-simple"},"_links":{"self":[{"href":"https:\/\/bigbuy.tupique.com\/es\/wp-json\/wp\/v2\/product\/60333","targetHints":{"allow":["GET"]}}],"collection":[{"href":"https:\/\/bigbuy.tupique.com\/es\/wp-json\/wp\/v2\/product"}],"about":[{"href":"https:\/\/bigbuy.tupique.com\/es\/wp-json\/wp\/v2\/types\/product"}],"replies":[{"embeddable":true,"href":"https:\/\/bigbuy.tupique.com\/es\/wp-json\/wp\/v2\/comments?post=60333"}],"wp:featuredmedia":[{"embeddable":true,"href":"https:\/\/bigbuy.tupique.com\/es\/wp-json\/wp\/v2\/media\/60332"}],"wp:attachment":[{"href":"https:\/\/bigbuy.tupique.com\/es\/wp-json\/wp\/v2\/media?parent=60333"}],"wp:term":[{"taxonomy":"product_brand","embeddable":true,"href":"https:\/\/bigbuy.tupique.com\/es\/wp-json\/wp\/v2\/product_brand?post=60333"},{"taxonomy":"product_cat","embeddable":true,"href":"https:\/\/bigbuy.tupique.com\/es\/wp-json\/wp\/v2\/product_cat?post=60333"},{"taxonomy":"product_tag","embeddable":true,"href":"https:\/\/bigbuy.tupique.com\/es\/wp-json\/wp\/v2\/product_tag?post=60333"}],"curies":[{"name":"wp","href":"https:\/\/api.w.org\/{rel}","templated":true}]}}