{"id":60292,"date":"2026-04-01T15:16:44","date_gmt":"2026-04-01T14:16:44","guid":{"rendered":"https:\/\/bigbuy.tupique.com\/produto\/freezer-tensai\/"},"modified":"2026-05-11T19:56:39","modified_gmt":"2026-05-11T17:56:39","slug":"freezer-tensai","status":"publish","type":"product","link":"https:\/\/bigbuy.tupique.com\/es\/produto\/freezer-tensai\/","title":{"rendered":"Cong\u00e9lateur Tensai"},"content":{"rendered":"<p>Si vous pensez r\u00e9nover votre cuisine, achetez <b>Cong\u00e9lateur Tensai<\/b> et d\u00b4autres <b>produits Tensai<\/b> !<\/p>\n<p>Le <b>cong\u00e9lateur<\/b> Tensai est une solution robuste et efficace pour la conservation des aliments, con\u00e7ue pour ceux qui ont besoin d&#8217;une grande capacit\u00e9 et d&#8217;une performance fiable, aussi bien en milieu domestique que professionnel. Propos\u00e9 en <b>blanc<\/b>, ce mod\u00e8le affiche un design sobre qui s\u2019int\u00e8gre facilement dans tout espace, alliant esth\u00e9tique et fonctionnalit\u00e9. Dot\u00e9 d\u2019une excellente <b>classe \u00e9nerg\u00e9tique B<\/b>, il assure une utilisation efficace de l\u2019\u00e9lectricit\u00e9, contribuant ainsi aux \u00e9conomies d\u2019\u00e9nergie sur le long terme. Il fonctionne sur <b>secteur<\/b> avec une <b>prise standard EU<\/b>, ce qui facilite son installation dans toute cuisine ou zone de stockage \u00e9quip\u00e9e de prises conventionnelles. Son vaste espace int\u00e9rieur, d\u2019une capacit\u00e9 d\u2019environ 355 litres, permet d\u2019organiser de grands volumes d\u2019aliments surgel\u00e9s, id\u00e9al pour les familles nombreuses, les commerces ou la restauration. La qualit\u00e9 des finitions et la simplicit\u00e9 d\u2019utilisation, associ\u00e9es \u00e0 la s\u00e9curit\u00e9 de sa conception robuste, font de ce cong\u00e9lateur un choix pratique et durable. En r\u00e9sum\u00e9, il s\u2019agit d\u2019une option adapt\u00e9e pour ceux qui recherchent fiabilit\u00e9 et stockage efficace pour la conservation des produits surgel\u00e9s.<\/p>\n<ul>\n<li>Produit \u00e0 brancher: Oui<\/li>\n<li>Type de prise: Prise EU<\/li>\n<li>Type: Cong\u00e9lateur<\/li>\n<li>Bloc d\u2019Alimentation: r\u00e9seau \u00e9lectrique<\/li>\n<li>Couleur: Blanc<\/li>\n<li>Classification \u00e9nerg\u00e9tique: B<\/li>\n<li>Type d&#8217;installation: Auto-assemblage<\/li>\n<li>\u00c9lev\u00e9: 86 cm<\/li>\n<li>Capacit\u00e9: 355 L<\/li>\n<\/ul>","protected":false},"excerpt":{"rendered":"<p><span class=\"unit-info\">1.6366 &euro; \/ 1 l<\/span><\/p>","protected":false},"featured_media":60291,"comment_status":"open","ping_status":"closed","template":"","meta":[],"product_brand":[1546],"product_cat":[60,77,226],"product_tag":[],"class_list":{"0":"post-60292","1":"product","2":"type-product","3":"status-publish","4":"has-post-thumbnail","6":"product_brand-brandp_1202","7":"product_cat-cuisine-gourmet","8":"product_cat-petit-electromenager","9":"product_cat-refrigerateurs-et-congelateurs","11":"first","12":"instock","13":"taxable","14":"shipping-taxable","15":"purchasable","16":"product-type-simple"},"_links":{"self":[{"href":"https:\/\/bigbuy.tupique.com\/es\/wp-json\/wp\/v2\/product\/60292","targetHints":{"allow":["GET"]}}],"collection":[{"href":"https:\/\/bigbuy.tupique.com\/es\/wp-json\/wp\/v2\/product"}],"about":[{"href":"https:\/\/bigbuy.tupique.com\/es\/wp-json\/wp\/v2\/types\/product"}],"replies":[{"embeddable":true,"href":"https:\/\/bigbuy.tupique.com\/es\/wp-json\/wp\/v2\/comments?post=60292"}],"wp:featuredmedia":[{"embeddable":true,"href":"https:\/\/bigbuy.tupique.com\/es\/wp-json\/wp\/v2\/media\/60291"}],"wp:attachment":[{"href":"https:\/\/bigbuy.tupique.com\/es\/wp-json\/wp\/v2\/media?parent=60292"}],"wp:term":[{"taxonomy":"product_brand","embeddable":true,"href":"https:\/\/bigbuy.tupique.com\/es\/wp-json\/wp\/v2\/product_brand?post=60292"},{"taxonomy":"product_cat","embeddable":true,"href":"https:\/\/bigbuy.tupique.com\/es\/wp-json\/wp\/v2\/product_cat?post=60292"},{"taxonomy":"product_tag","embeddable":true,"href":"https:\/\/bigbuy.tupique.com\/es\/wp-json\/wp\/v2\/product_tag?post=60292"}],"curies":[{"name":"wp","href":"https:\/\/api.w.org\/{rel}","templated":true}]}}