{"id":60274,"date":"2026-04-01T15:16:20","date_gmt":"2026-04-01T14:16:20","guid":{"rendered":"https:\/\/bigbuy.tupique.com\/produto\/food-processor-kitchenaid-5ksm125eer-red-300-w-48-l\/"},"modified":"2026-04-15T18:03:45","modified_gmt":"2026-04-15T17:03:45","slug":"food-processor-kitchenaid-5ksm125eer-red-300-w-48-l","status":"publish","type":"product","link":"https:\/\/bigbuy.tupique.com\/es\/produto\/food-processor-kitchenaid-5ksm125eer-red-300-w-48-l\/","title":{"rendered":"Robot culinaire KitchenAid 5KSM125EER Rouge 300 W 4,8 L"},"content":{"rendered":"<p>Si vous recherchez des \u00e9lectrom\u00e9nagers pour votre maison aux meilleurs prix, ne manquez pas <b>Robot culinaire KitchenAid 5KSM125EER Rouge 300 W 4,8 L<\/b> et une large s\u00e9lection de petits \u00e9lectrom\u00e9nagers de qualit\u00e9 !<\/p>\n<p>Le <b>robot de cuisine 5KSM125EER<\/b> de <b>KitchenAid<\/b> est un alli\u00e9 polyvalent et puissant pour tout amateur de cuisine recherchant fonctionnalit\u00e9 et durabilit\u00e9 en un seul appareil. Con\u00e7u avec un moteur de <b>300 W<\/b>, il offre la puissance n\u00e9cessaire pour g\u00e9rer une grande vari\u00e9t\u00e9 de pr\u00e9parations, des m\u00e9langes l\u00e9gers aux p\u00e2tes \u00e9paisses. Il dispose d\u2019une <b>capacit\u00e9 de 4,8 litres<\/b>, id\u00e9ale pour cuisiner des portions familiales ou des recettes pour occasions sp\u00e9ciales. Sa structure est en <b>acier inoxydable<\/b>, garantissant r\u00e9sistance \u00e0 l\u2019usage fr\u00e9quent et une esth\u00e9tique \u00e9l\u00e9gante en <b>rouge<\/b>, apportant une touche moderne et dynamique \u00e0 la cuisine. Parmi ses accessoires phares figurent des fouets pour m\u00e9langer les ingr\u00e9dients de fa\u00e7on homog\u00e8ne et des crochets p\u00e9trisseurs facilitant le travail des p\u00e2tes, ainsi que plusieurs vitesses permettant d\u2019ajuster le rythme selon la recette et le type de pr\u00e9paration. Il fonctionne avec une alimentation de type <b>C<\/b> \u00e0 une fr\u00e9quence de <b>50-60 Hz<\/b>, conforme aux normes \u00e9lectriques courantes. Ce mod\u00e8le se distingue par son design robuste et sa qualit\u00e9 de fabrication, caract\u00e9ristiques de KitchenAid, marque reconnue pour l\u2019innovation et la long\u00e9vit\u00e9 de ses produits culinaires. En r\u00e9sum\u00e9, ce robot de cuisine offre un \u00e9quilibre optimal entre puissance, capacit\u00e9 et accessoires, simplifiant et acc\u00e9l\u00e9rant les t\u00e2ches culinaires quotidiennes, devenant un outil indispensable pour ceux qui appr\u00e9cient pr\u00e9cision et polyvalence dans leurs pr\u00e9parations.<\/p>\n<ul>\n<li>Produit \u00e0 brancher: Oui<\/li>\n<li>Type de prise:\n<ul>\n<li>Prise EU<\/li>\n<li>Type C<\/li>\n<\/ul>\n<\/li>\n<li>Bloc d\u2019Alimentation: r\u00e9seau \u00e9lectrique<\/li>\n<li>Type: Fouet<\/li>\n<li>Couleur: Rouge<\/li>\n<li>Mati\u00e8re: Acier inoxydable<\/li>\n<li>Caract\u00e9ristiques: Diff\u00e9rentes vitesses<\/li>\n<li>Fr\u00e9quence: 50 &#8211; 60 Hz<\/li>\n<li>Inclut:\n<ul>\n<li>Tiges de m\u00e9lange<\/li>\n<li>Tiges de p\u00e9trissage<\/li>\n<\/ul>\n<\/li>\n<li>Tension: 220-240 V<\/li>\n<li>puissance: 300 W<\/li>\n<li>\u00c9cran integr\u00e9: Non<\/li>\n<li>Capacit\u00e9: 4,8 L<\/li>\n<li>Vitesse: 10 vitesses<\/li>\n<\/ul>","protected":false},"excerpt":{"rendered":"<p>Si vous recherchez des \u00e9lectrom\u00e9nagers pour votre maison aux meilleurs prix, ne manquez pas Robot culinaire KitchenAid 5KSM125EER Rouge 300 W 4,8 L et une large s\u00e9lection de petits \u00e9lectrom\u00e9nagers de qualit\u00e9 ! Le robot de cuisine 5KSM125EER de KitchenAid est un alli\u00e9 polyvalent et puissant pour tout amateur de cuisine recherchant fonctionnalit\u00e9 et durabilit\u00e9 [&hellip;]<\/p>\n","protected":false},"featured_media":60273,"comment_status":"open","ping_status":"closed","template":"","meta":[],"product_brand":[1572],"product_cat":[60,77,724],"product_tag":[55,56],"class_list":{"0":"post-60274","1":"product","2":"type-product","3":"status-publish","4":"has-post-thumbnail","6":"product_brand-brandp_5419","7":"product_cat-cuisine-gourmet","8":"product_cat-petit-electromenager","9":"product_cat-robots-de-cuisine","10":"product_tag-tag_926","11":"product_tag-tag_930","13":"first","14":"instock","15":"taxable","16":"shipping-taxable","17":"purchasable","18":"product-type-simple"},"_links":{"self":[{"href":"https:\/\/bigbuy.tupique.com\/es\/wp-json\/wp\/v2\/product\/60274","targetHints":{"allow":["GET"]}}],"collection":[{"href":"https:\/\/bigbuy.tupique.com\/es\/wp-json\/wp\/v2\/product"}],"about":[{"href":"https:\/\/bigbuy.tupique.com\/es\/wp-json\/wp\/v2\/types\/product"}],"replies":[{"embeddable":true,"href":"https:\/\/bigbuy.tupique.com\/es\/wp-json\/wp\/v2\/comments?post=60274"}],"wp:featuredmedia":[{"embeddable":true,"href":"https:\/\/bigbuy.tupique.com\/es\/wp-json\/wp\/v2\/media\/60273"}],"wp:attachment":[{"href":"https:\/\/bigbuy.tupique.com\/es\/wp-json\/wp\/v2\/media?parent=60274"}],"wp:term":[{"taxonomy":"product_brand","embeddable":true,"href":"https:\/\/bigbuy.tupique.com\/es\/wp-json\/wp\/v2\/product_brand?post=60274"},{"taxonomy":"product_cat","embeddable":true,"href":"https:\/\/bigbuy.tupique.com\/es\/wp-json\/wp\/v2\/product_cat?post=60274"},{"taxonomy":"product_tag","embeddable":true,"href":"https:\/\/bigbuy.tupique.com\/es\/wp-json\/wp\/v2\/product_tag?post=60274"}],"curies":[{"name":"wp","href":"https:\/\/api.w.org\/{rel}","templated":true}]}}