{"id":60204,"date":"2026-04-01T15:14:45","date_gmt":"2026-04-01T14:14:45","guid":{"rendered":"https:\/\/bigbuy.tupique.com\/produto\/gaming-chair-nacon-pcch-700\/"},"modified":"2026-04-15T01:25:47","modified_gmt":"2026-04-15T00:25:47","slug":"gaming-chair-nacon-pcch-700","status":"publish","type":"product","link":"https:\/\/bigbuy.tupique.com\/es\/produto\/gaming-chair-nacon-pcch-700\/","title":{"rendered":"Chaise de jeu Nacon PCCH-700"},"content":{"rendered":"<p>Vous voulez donner une touche d&#8217;originalit\u00e9 \u00e0 votre maison ? Vous y arriverez gr\u00e2ce au <b>Chaise de jeu Nacon PCCH-700<\/b>.<\/p>\n<ul>\n<li>Caract\u00e9ristiques:\n<ul>\n<li>Avec accoudoirs<\/li>\n<li>R\u00e9glable<\/li>\n<li>Appui-t\u00eate<\/li>\n<\/ul>\n<\/li>\n<li>roues: 5 roues<\/li>\n<\/ul>","protected":false},"excerpt":{"rendered":"<p>Vous voulez donner une touche d&#8217;originalit\u00e9 \u00e0 votre maison ? Vous y arriverez gr\u00e2ce au Chaise de jeu Nacon PCCH-700. Caract\u00e9ristiques: Avec accoudoirs R\u00e9glable Appui-t\u00eate roues: 5 roues<\/p>","protected":false},"featured_media":60203,"comment_status":"open","ping_status":"closed","template":"","meta":[],"product_brand":[1594],"product_cat":[739,65,737],"product_tag":[572],"class_list":{"0":"post-60204","1":"product","2":"type-product","3":"status-publish","4":"has-post-thumbnail","6":"product_brand-brandp_4882","7":"product_cat-accessoires-gaming","8":"product_cat-informatique-electronique","9":"product_cat-informatique-gaming","10":"product_tag-tag_29","12":"first","13":"instock","14":"taxable","15":"shipping-taxable","16":"purchasable","17":"product-type-simple"},"_links":{"self":[{"href":"https:\/\/bigbuy.tupique.com\/es\/wp-json\/wp\/v2\/product\/60204","targetHints":{"allow":["GET"]}}],"collection":[{"href":"https:\/\/bigbuy.tupique.com\/es\/wp-json\/wp\/v2\/product"}],"about":[{"href":"https:\/\/bigbuy.tupique.com\/es\/wp-json\/wp\/v2\/types\/product"}],"replies":[{"embeddable":true,"href":"https:\/\/bigbuy.tupique.com\/es\/wp-json\/wp\/v2\/comments?post=60204"}],"wp:featuredmedia":[{"embeddable":true,"href":"https:\/\/bigbuy.tupique.com\/es\/wp-json\/wp\/v2\/media\/60203"}],"wp:attachment":[{"href":"https:\/\/bigbuy.tupique.com\/es\/wp-json\/wp\/v2\/media?parent=60204"}],"wp:term":[{"taxonomy":"product_brand","embeddable":true,"href":"https:\/\/bigbuy.tupique.com\/es\/wp-json\/wp\/v2\/product_brand?post=60204"},{"taxonomy":"product_cat","embeddable":true,"href":"https:\/\/bigbuy.tupique.com\/es\/wp-json\/wp\/v2\/product_cat?post=60204"},{"taxonomy":"product_tag","embeddable":true,"href":"https:\/\/bigbuy.tupique.com\/es\/wp-json\/wp\/v2\/product_tag?post=60204"}],"curies":[{"name":"wp","href":"https:\/\/api.w.org\/{rel}","templated":true}]}}