{"id":60163,"date":"2026-04-01T15:12:04","date_gmt":"2026-04-01T14:12:04","guid":{"rendered":"https:\/\/bigbuy.tupique.com\/produto\/washing-machine-hotpoint-ariston-ns824wksptn-595-cm-1200-rpm-8-kg\/"},"modified":"2026-05-11T19:56:31","modified_gmt":"2026-05-11T17:56:31","slug":"washing-machine-hotpoint-ariston-ns824wksptn-595-cm-1200-rpm-8-kg","status":"publish","type":"product","link":"https:\/\/bigbuy.tupique.com\/es\/produto\/washing-machine-hotpoint-ariston-ns824wksptn-595-cm-1200-rpm-8-kg\/","title":{"rendered":"Machine \u00e0 laver Hotpoint-Ariston NS824WKSPTN 59,5 cm 1200 rpm 8 kg"},"content":{"rendered":"<p>Si vous recherchez des \u00e9lectrom\u00e9nagers pour votre maison aux meilleurs prix, ne manquez pas <b>Machine \u00e0 laver Hotpoint-Ariston NS824WKSPTN 59,5 cm 1200 rpm 8 kg<\/b> et une large s\u00e9lection de petits \u00e9lectrom\u00e9nagers de qualit\u00e9 !<\/p>\n<ul>\n<li>Couleur: Blanc<\/li>\n<li>vitesse: 1200 rpm<\/li>\n<li>Type: Ind\u00e9pendant<\/li>\n<li>Capacit\u00e9: 8 kg<\/li>\n<li>Largeur: 59,5 cm<\/li>\n<li>Classification \u00e9nerg\u00e9tique: C<\/li>\n<li>Langue: Espagnol<\/li>\n<li>Bloc d\u2019Alimentation: r\u00e9seau \u00e9lectrique<\/li>\n<li>Mat\u00e9riel: Acier inoxydable<\/li>\n<li>Caract\u00e9ristiques: \u00c9cran integr\u00e9<\/li>\n<li>Tension:\n<ul>\n<li>220 V<\/li>\n<li>220-240 V<\/li>\n<\/ul>\n<\/li>\n<li>Fr\u00e9quence: 50 Hz<\/li>\n<li>Longueur du c\u00e2ble: 1,2 m<\/li>\n<li>Type de commande: Plaque Tournante<\/li>\n<li>Pieds: Ajustables<\/li>\n<li>Amp\u00e9rage: 10 A<\/li>\n<\/ul>","protected":false},"excerpt":{"rendered":"<p><span class=\"unit-info\">68.6238 &euro; \/ 1 kg<\/span><\/p>","protected":false},"featured_media":60161,"comment_status":"open","ping_status":"closed","template":"","meta":[],"product_brand":[1592],"product_cat":[239,240,751],"product_tag":[],"class_list":{"0":"post-60163","1":"product","2":"type-product","3":"status-publish","4":"has-post-thumbnail","6":"product_brand-brandp_1691","7":"product_cat-maison-jardin","8":"product_cat-nettoyage-aspirateur-et-repassage","9":"product_cat-seche-linge-fers-a-repasser-sechoirs","11":"first","12":"instock","13":"taxable","14":"shipping-taxable","15":"purchasable","16":"product-type-simple"},"_links":{"self":[{"href":"https:\/\/bigbuy.tupique.com\/es\/wp-json\/wp\/v2\/product\/60163","targetHints":{"allow":["GET"]}}],"collection":[{"href":"https:\/\/bigbuy.tupique.com\/es\/wp-json\/wp\/v2\/product"}],"about":[{"href":"https:\/\/bigbuy.tupique.com\/es\/wp-json\/wp\/v2\/types\/product"}],"replies":[{"embeddable":true,"href":"https:\/\/bigbuy.tupique.com\/es\/wp-json\/wp\/v2\/comments?post=60163"}],"wp:featuredmedia":[{"embeddable":true,"href":"https:\/\/bigbuy.tupique.com\/es\/wp-json\/wp\/v2\/media\/60161"}],"wp:attachment":[{"href":"https:\/\/bigbuy.tupique.com\/es\/wp-json\/wp\/v2\/media?parent=60163"}],"wp:term":[{"taxonomy":"product_brand","embeddable":true,"href":"https:\/\/bigbuy.tupique.com\/es\/wp-json\/wp\/v2\/product_brand?post=60163"},{"taxonomy":"product_cat","embeddable":true,"href":"https:\/\/bigbuy.tupique.com\/es\/wp-json\/wp\/v2\/product_cat?post=60163"},{"taxonomy":"product_tag","embeddable":true,"href":"https:\/\/bigbuy.tupique.com\/es\/wp-json\/wp\/v2\/product_tag?post=60163"}],"curies":[{"name":"wp","href":"https:\/\/api.w.org\/{rel}","templated":true}]}}