{"id":60133,"date":"2026-04-01T15:11:31","date_gmt":"2026-04-01T14:11:31","guid":{"rendered":"https:\/\/bigbuy.tupique.com\/produto\/freezer-bosch-gsn36vifp-stainless-steel-185-x-60-cm\/"},"modified":"2026-04-14T23:38:40","modified_gmt":"2026-04-14T22:38:40","slug":"freezer-bosch-gsn36vifp-stainless-steel-185-x-60-cm","status":"publish","type":"product","link":"https:\/\/bigbuy.tupique.com\/es\/produto\/freezer-bosch-gsn36vifp-stainless-steel-185-x-60-cm\/","title":{"rendered":"Cong\u00e9lateur BOSCH GSN36VIFP  Acier inoxydable (185 x 60 cm)"},"content":{"rendered":"<p>Si vous pensez r\u00e9nover votre cuisine, achetez <b>Cong\u00e9lateur BOSCH GSN36VIFP  Acier inoxydable (185 x 60 cm)<\/b> et d\u00b4autres <b>produits BOSCH<\/b> !<\/p>\n<ul>\n<li>Classification \u00e9nerg\u00e9tique: F<\/li>\n<li>Couleur: Acier<\/li>\n<li>Dimensions approx.: 185 x 60 cm<\/li>\n<li>Bloc d\u2019Alimentation: r\u00e9seau \u00e9lectrique<\/li>\n<li>Capacit\u00e9: 248 L<\/li>\n<li>Produit \u00e0 brancher: Oui<\/li>\n<li>Type de prise: Prise EU<\/li>\n<\/ul>","protected":false},"excerpt":{"rendered":"<p><span class=\"unit-info\">4.3387 &euro; \/ 1 l<\/span><\/p>","protected":false},"featured_media":60130,"comment_status":"open","ping_status":"closed","template":"","meta":[],"product_brand":[162],"product_cat":[60,77,226],"product_tag":[],"class_list":{"0":"post-60133","1":"product","2":"type-product","3":"status-publish","4":"has-post-thumbnail","6":"product_brand-brandp_959","7":"product_cat-cuisine-gourmet","8":"product_cat-petit-electromenager","9":"product_cat-refrigerateurs-et-congelateurs","11":"first","12":"instock","13":"taxable","14":"shipping-taxable","15":"purchasable","16":"product-type-simple"},"_links":{"self":[{"href":"https:\/\/bigbuy.tupique.com\/es\/wp-json\/wp\/v2\/product\/60133","targetHints":{"allow":["GET"]}}],"collection":[{"href":"https:\/\/bigbuy.tupique.com\/es\/wp-json\/wp\/v2\/product"}],"about":[{"href":"https:\/\/bigbuy.tupique.com\/es\/wp-json\/wp\/v2\/types\/product"}],"replies":[{"embeddable":true,"href":"https:\/\/bigbuy.tupique.com\/es\/wp-json\/wp\/v2\/comments?post=60133"}],"wp:featuredmedia":[{"embeddable":true,"href":"https:\/\/bigbuy.tupique.com\/es\/wp-json\/wp\/v2\/media\/60130"}],"wp:attachment":[{"href":"https:\/\/bigbuy.tupique.com\/es\/wp-json\/wp\/v2\/media?parent=60133"}],"wp:term":[{"taxonomy":"product_brand","embeddable":true,"href":"https:\/\/bigbuy.tupique.com\/es\/wp-json\/wp\/v2\/product_brand?post=60133"},{"taxonomy":"product_cat","embeddable":true,"href":"https:\/\/bigbuy.tupique.com\/es\/wp-json\/wp\/v2\/product_cat?post=60133"},{"taxonomy":"product_tag","embeddable":true,"href":"https:\/\/bigbuy.tupique.com\/es\/wp-json\/wp\/v2\/product_tag?post=60133"}],"curies":[{"name":"wp","href":"https:\/\/api.w.org\/{rel}","templated":true}]}}