{"id":60075,"date":"2026-04-01T15:08:46","date_gmt":"2026-04-01T14:08:46","guid":{"rendered":"https:\/\/bigbuy.tupique.com\/produto\/air-conditioning-lg-lgsoft18-set-white-a-5000-w-4500-fg-h\/"},"modified":"2026-05-11T19:57:26","modified_gmt":"2026-05-11T17:57:26","slug":"air-conditioning-lg-lgsoft18-set-white-a-5000-w-4500-fg-h","status":"publish","type":"product","link":"https:\/\/bigbuy.tupique.com\/es\/produto\/air-conditioning-lg-lgsoft18-set-white-a-5000-w-4500-fg-h\/","title":{"rendered":"Air Conditionn\u00e9 LG LGSOFT18.SET Blanc A++ 5000 W 4500 fg\/h"},"content":{"rendered":"<p>Si vous \u00eates \u00e0 la recherche de nouvelles tendances sur le march\u00e9, nous vous pr\u00e9sentons <b>Air Conditionn\u00e9 LG LGSOFT18.SET Blanc A++ 5000 W 4500 fg\/h<\/b> !<\/p>\n<ul>\n<li>Couleur: Blanc<\/li>\n<li>Mati\u00e8re: Plastique<\/li>\n<li>Caract\u00e9ristiques:\n<ul>\n<li>Portable<\/li>\n<li>Arr\u00eat Automatique<\/li>\n<li>Minuterie<\/li>\n<li>\u00c9cran LED<\/li>\n<li>Syst\u00e8me de ventilation<\/li>\n<li>Interrupteur marche\/arr\u00eat<\/li>\n<li>Contr\u00f4le vocal<\/li>\n<li>Connectivit\u00e9 des applications mobiles<\/li>\n<li>Garantie<\/li>\n<li>T\u00e9moin de fonctionnement LED<\/li>\n<li>Facilit\u00e9 d&#8217;utilisation<\/li>\n<li>Amazon Alexa, Google Assistant<\/li>\n<\/ul>\n<\/li>\n<li>Connectivit\u00e9: Wi-Fi<\/li>\n<li>Classification \u00e9nerg\u00e9tique: A++<\/li>\n<li>puissance: 5000 W<\/li>\n<li>Technologie: Split Inverter 1&#215;1<\/li>\n<li>Gaz: R32<\/li>\n<li>Niveau sonore: 41 dB<\/li>\n<li>R\u00e9frig\u00e9rant: R-410<\/li>\n<li>Port\u00e9e: 35 m\u00b2<\/li>\n<li>Puissance frigorifique: 4500 fg\/h<\/li>\n<\/ul>","protected":false},"excerpt":{"rendered":"<p>Si vous \u00eates \u00e0 la recherche de nouvelles tendances sur le march\u00e9, nous vous pr\u00e9sentons Air Conditionn\u00e9 LG LGSOFT18.SET Blanc A++ 5000 W 4500 fg\/h ! Couleur: Blanc Mati\u00e8re: Plastique Caract\u00e9ristiques: Portable Arr\u00eat Automatique Minuterie \u00c9cran LED Syst\u00e8me de ventilation Interrupteur marche\/arr\u00eat Contr\u00f4le vocal Connectivit\u00e9 des applications mobiles Garantie T\u00e9moin de fonctionnement LED Facilit\u00e9 d&#8217;utilisation [&hellip;]<\/p>\n","protected":false},"featured_media":60074,"comment_status":"open","ping_status":"closed","template":"","meta":[],"product_brand":[662],"product_cat":[732,1334,239],"product_tag":[721,210],"class_list":{"0":"post-60075","1":"product","2":"type-product","3":"status-publish","4":"has-post-thumbnail","6":"product_brand-brandp_559","7":"product_cat-climatisation-et-chauffage","8":"product_cat-climatiseurs-et-ventilateurs","9":"product_cat-maison-jardin","10":"product_tag-tag_124","11":"product_tag-tag_25","13":"first","14":"instock","15":"taxable","16":"shipping-taxable","17":"purchasable","18":"product-type-simple"},"_links":{"self":[{"href":"https:\/\/bigbuy.tupique.com\/es\/wp-json\/wp\/v2\/product\/60075","targetHints":{"allow":["GET"]}}],"collection":[{"href":"https:\/\/bigbuy.tupique.com\/es\/wp-json\/wp\/v2\/product"}],"about":[{"href":"https:\/\/bigbuy.tupique.com\/es\/wp-json\/wp\/v2\/types\/product"}],"replies":[{"embeddable":true,"href":"https:\/\/bigbuy.tupique.com\/es\/wp-json\/wp\/v2\/comments?post=60075"}],"wp:featuredmedia":[{"embeddable":true,"href":"https:\/\/bigbuy.tupique.com\/es\/wp-json\/wp\/v2\/media\/60074"}],"wp:attachment":[{"href":"https:\/\/bigbuy.tupique.com\/es\/wp-json\/wp\/v2\/media?parent=60075"}],"wp:term":[{"taxonomy":"product_brand","embeddable":true,"href":"https:\/\/bigbuy.tupique.com\/es\/wp-json\/wp\/v2\/product_brand?post=60075"},{"taxonomy":"product_cat","embeddable":true,"href":"https:\/\/bigbuy.tupique.com\/es\/wp-json\/wp\/v2\/product_cat?post=60075"},{"taxonomy":"product_tag","embeddable":true,"href":"https:\/\/bigbuy.tupique.com\/es\/wp-json\/wp\/v2\/product_tag?post=60075"}],"curies":[{"name":"wp","href":"https:\/\/api.w.org\/{rel}","templated":true}]}}