{"id":59965,"date":"2026-04-01T15:06:22","date_gmt":"2026-04-01T14:06:22","guid":{"rendered":"https:\/\/bigbuy.tupique.com\/produto\/soundbar-lg-s90tr-deusllk-black-670-w\/"},"modified":"2026-05-11T19:56:43","modified_gmt":"2026-05-11T17:56:43","slug":"soundbar-lg-s90tr-deusllk-black-670-w","status":"publish","type":"product","link":"https:\/\/bigbuy.tupique.com\/es\/produto\/soundbar-lg-s90tr-deusllk-black-670-w\/","title":{"rendered":"Barre audio LG S90TR.DEUSLLK Noir 670 W"},"content":{"rendered":"<p>Si vous \u00eates passionn\u00e9 d&#8217;<b>informatique et d&#8217;\u00e9lectronique<\/b>, si vous \u00eates \u00e0 la pointe de la technologie et qu&#8217;aucun d\u00e9tail ne vous \u00e9chappe, achetez <b>Barre audio LG S90TR.DEUSLLK Noir 670 W<\/b> au meilleur prix.<\/p>\n<p>La <b>barre de son LG S90TR.DEUSLLK<\/b> est un syst\u00e8me audio avanc\u00e9 con\u00e7u pour offrir une exp\u00e9rience sonore immersive et de haute qualit\u00e9 dans n\u2019importe quel salon. Cet <b>\u00e9quipement barre de son<\/b> de couleur <b>noir<\/b> int\u00e8gre la connectivit\u00e9 <b>Bluetooth 5.1<\/b> et <b>Wi-Fi<\/b>, facilitant la lecture sans fil depuis des appareils compatibles et permettant son int\u00e9gration dans les r\u00e9seaux domestiques pour une gestion simple et polyvalente. Il prend en charge le <b>eARC<\/b> (Enhanced Audio Return Channel), une technologie qui am\u00e9liore la transmission audio depuis les t\u00e9l\u00e9viseurs compatibles, garantissant un son plus d\u00e9taill\u00e9 et sans perte. Sa configuration de sortie audio est de <b>7.1.3 canaux<\/b>, qui, avec le caisson de basses inclus et la puissance totale estim\u00e9e de <b>670 W RMS<\/b> (350 W pour la barre et 220 W pour le caisson), offre un son enveloppant avec des basses profondes et une haute fid\u00e9lit\u00e9 dans les m\u00e9diums et aigus, id\u00e9al pour films, musique et jeux vid\u00e9o. Cette barre dispose de ports <b>HDMI (1 entr\u00e9e et 1 sortie)<\/b> pour une connexion directe et optimis\u00e9e avec les appareils audiovisuels, ainsi qu\u2019un port USB, \u00e9largissant les options de lecture et la compatibilit\u00e9 avec plusieurs formats num\u00e9riques. L\u2019\u00e9galiseur int\u00e9gr\u00e9 permet d\u2019ajuster le profil sonore selon les pr\u00e9f\u00e9rences personnelles ou le type de contenu, am\u00e9liorant l\u2019exp\u00e9rience auditive dans diff\u00e9rents environnements. Le design \u00e9l\u00e9gant en noir contribue \u00e0 une int\u00e9gration discr\u00e8te et moderne dans tout espace. En r\u00e9sum\u00e9, la <b>barre de son LG S90TR.DEUSLLK<\/b> combine technologie avanc\u00e9e, puissance et connectivit\u00e9 compl\u00e8te, offrant une solution id\u00e9ale pour ceux qui souhaitent am\u00e9liorer la qualit\u00e9 audio de leur divertissement \u00e0 domicile sans complications techniques.<\/p>\n<ul>\n<li>Type:\n<ul>\n<li>Haut-parleur<\/li>\n<li>Barre audio<\/li>\n<li>Subwoofer<\/li>\n<li>Wireless<\/li>\n<\/ul>\n<\/li>\n<li>Produit \u00e0 brancher: Oui<\/li>\n<li>Type de prise: Prise EU<\/li>\n<li>Bloc d\u2019Alimentation: r\u00e9seau \u00e9lectrique<\/li>\n<li>Couleur: Noir<\/li>\n<li>Caract\u00e9ristiques:\n<ul>\n<li>Port USB<\/li>\n<li>Equalizer<\/li>\n<li>Garantie<\/li>\n<li>Guide d&#8217;installation inclus<\/li>\n<li>Apple AirPlay 2<\/li>\n<li>SimpLink<\/li>\n<li>Canal de retour audio (ARC)<\/li>\n<\/ul>\n<\/li>\n<li>Connexions:\n<ul>\n<li>HDMI<\/li>\n<li>USB<\/li>\n<li>Optique<\/li>\n<\/ul>\n<\/li>\n<li>Connectivit\u00e9:\n<ul>\n<li>Bluetooth<\/li>\n<li>Wi-Fi<\/li>\n<li>Bluetooth 5.1<\/li>\n<li>eARC<\/li>\n<\/ul>\n<\/li>\n<li>puissance: 670 W<\/li>\n<li>Inclut:\n<ul>\n<li>Subwoofer<\/li>\n<li>T\u00e9l\u00e9commande<\/li>\n<li>HDMI 2.0<\/li>\n<\/ul>\n<\/li>\n<li>Radio FM: Non<\/li>\n<li>Puissance RMS: 220 W<\/li>\n<li>Piles incluses: Oui<\/li>\n<li>Compatible: Android, iOS<\/li>\n<li>consommation d&#8217;\u00e9nergie: 40 W<\/li>\n<li>Technologie: HDR10<\/li>\n<li>Chromecast: Oui<\/li>\n<li>Imp\u00e9dance: 3 \u03a9<\/li>\n<li>Audio: DTS Digital Surround,DTS-HD HR,DTS-HD Master Audio,DTS:X,Dolby Atmos,Dolby Digital,Dolby Digital Plus,Dolby TrueHD<\/li>\n<\/ul>","protected":false},"excerpt":{"rendered":"<p>Si vous \u00eates passionn\u00e9 d&#8217;informatique et d&#8217;\u00e9lectronique, si vous \u00eates \u00e0 la pointe de la technologie et qu&#8217;aucun d\u00e9tail ne vous \u00e9chappe, achetez Barre audio LG S90TR.DEUSLLK Noir 670 W au meilleur prix. La barre de son LG S90TR.DEUSLLK est un syst\u00e8me audio avanc\u00e9 con\u00e7u pour offrir une exp\u00e9rience sonore immersive et de haute qualit\u00e9 [&hellip;]<\/p>\n","protected":false},"featured_media":59954,"comment_status":"open","ping_status":"closed","template":"","meta":[],"product_brand":[662],"product_cat":[1278,755,65],"product_tag":[106],"class_list":{"0":"post-59965","1":"product","2":"type-product","3":"status-publish","4":"has-post-thumbnail","6":"product_brand-brandp_559","7":"product_cat-barres-de-son","8":"product_cat-electronique-son","9":"product_cat-informatique-electronique","10":"product_tag-tag_1295","12":"first","13":"instock","14":"taxable","15":"shipping-taxable","16":"purchasable","17":"product-type-simple"},"_links":{"self":[{"href":"https:\/\/bigbuy.tupique.com\/es\/wp-json\/wp\/v2\/product\/59965","targetHints":{"allow":["GET"]}}],"collection":[{"href":"https:\/\/bigbuy.tupique.com\/es\/wp-json\/wp\/v2\/product"}],"about":[{"href":"https:\/\/bigbuy.tupique.com\/es\/wp-json\/wp\/v2\/types\/product"}],"replies":[{"embeddable":true,"href":"https:\/\/bigbuy.tupique.com\/es\/wp-json\/wp\/v2\/comments?post=59965"}],"wp:featuredmedia":[{"embeddable":true,"href":"https:\/\/bigbuy.tupique.com\/es\/wp-json\/wp\/v2\/media\/59954"}],"wp:attachment":[{"href":"https:\/\/bigbuy.tupique.com\/es\/wp-json\/wp\/v2\/media?parent=59965"}],"wp:term":[{"taxonomy":"product_brand","embeddable":true,"href":"https:\/\/bigbuy.tupique.com\/es\/wp-json\/wp\/v2\/product_brand?post=59965"},{"taxonomy":"product_cat","embeddable":true,"href":"https:\/\/bigbuy.tupique.com\/es\/wp-json\/wp\/v2\/product_cat?post=59965"},{"taxonomy":"product_tag","embeddable":true,"href":"https:\/\/bigbuy.tupique.com\/es\/wp-json\/wp\/v2\/product_tag?post=59965"}],"curies":[{"name":"wp","href":"https:\/\/api.w.org\/{rel}","templated":true}]}}