{"id":59873,"date":"2026-04-01T15:02:28","date_gmt":"2026-04-01T14:02:28","guid":{"rendered":"https:\/\/bigbuy.tupique.com\/produto\/conventional-hood-siemens-ag-lr97cbs20-black-white\/"},"modified":"2026-04-15T22:52:13","modified_gmt":"2026-04-15T21:52:13","slug":"conventional-hood-siemens-ag-lr97cbs20-black-white","status":"publish","type":"product","link":"https:\/\/bigbuy.tupique.com\/es\/produto\/conventional-hood-siemens-ag-lr97cbs20-black-white\/","title":{"rendered":"Hotte standard Siemens AG LR97CBS20 Noir\/Blanc"},"content":{"rendered":"<p>Si vous pensez r\u00e9nover votre cuisine, achetez <b>Hotte standard Siemens AG LR97CBS20 Noir\/Blanc<\/b> et d\u00b4autres <b>produits Siemens AG<\/b> !<\/p>\n<ul>\n<li>Type de prise: Prise EU<\/li>\n<li>Capacit\u00e9 d\u2019extraction: 760 m3\/h<\/li>\n<li>Produit \u00e0 brancher: Oui<\/li>\n<li>Type:\n<ul>\n<li>Hotte standard<\/li>\n<li>De toit<\/li>\n<li>Int\u00e9gr\u00e9<\/li>\n<\/ul>\n<\/li>\n<li>Couleur:\n<ul>\n<li>Noir<\/li>\n<li>Noir\/Blanc<\/li>\n<li>Blanc<\/li>\n<\/ul>\n<\/li>\n<li>Bloc d\u2019Alimentation: r\u00e9seau \u00e9lectrique<\/li>\n<li>Largeur: 90 cm<\/li>\n<li>Classification \u00e9nerg\u00e9tique: A<\/li>\n<li>puissance: 174 W<\/li>\n<li>Type d&#8217;ampoule: LED<\/li>\n<li>Niveau sonore:\n<ul>\n<li>41 dB<\/li>\n<li>56 dB<\/li>\n<\/ul>\n<\/li>\n<li>Filtre:\n<ul>\n<li>Acier inoxydable<\/li>\n<li>Lavable<\/li>\n<\/ul>\n<\/li>\n<li>Profondeur: 50 cm<\/li>\n<li>Fr\u00e9quence: 50 &#8211; 60 Hz<\/li>\n<li>Inclut: T\u00e9l\u00e9commande<\/li>\n<li>Longueur du c\u00e2ble: 1,3 m<\/li>\n<li>Tension: 220-240 V<\/li>\n<li>Vitesse: 3 vitesses<\/li>\n<\/ul>\n<p><\/p>\n<p>Siemens iQ500 LR97CBS20. Puissance d&#8217;extraction maximum: 760 m\u00b3\/h, Type d&#8217;extraction: Conduit \/ Recirculation, Classe d&#8217;efficacit\u00e9 dynamique du fluide: A. Type: Int\u00e9gr\u00e9 au plafond, Couleur du produit: Noir, Blanc, Puissance de l&#8217;ampoule: 3 W. Type de filtre \u00e0 graisse: Acier inoxydable. Classe d&#8217;efficacit\u00e9 \u00e9nerg\u00e9tique: A, Puissance du moteur: 174 W, Consommation annuelle d&#8217;\u00e9nergie: 31,8 kWh. Largeur: 900 mm, Profondeur: 500 mm, Poids: 29 kg<\/p>\n<p><\/p>\n<ul>\n<li>Puissance d&#8217;extraction maximum: 760 m\u00b3\/h<\/li>\n<li>Type d&#8217;extraction: Conduit \/ Recirculation<\/li>\n<li>Classe d&#8217;efficacit\u00e9 dynamique du fluide: A<\/li>\n<li>Classe d&#8217;efficacit\u00e9 de l&#8217;\u00e9clairage: A<\/li>\n<li>Classe d&#8217;efficacit\u00e9 du filtrage de la graisse: E<\/li>\n<li>Nombre de vitesses: 3<\/li>\n<li>Niveau sonore: 56 dB<\/li>\n<li>La puissance maximale de recirculation: 560 m\u00b3\/h<\/li>\n<li>Vitesse intensive: Oui<\/li>\n<li>Niveau de son (vitesse lente): 41 dB<\/li>\n<li>Niveau de son (vitesse rapide): 56 dB<\/li>\n<li>Niveau sonore (vitesse intensive): 68 dB<\/li>\n<li>Niveau sonore (mode recyclage): 63 dB<\/li>\n<li>Distance minimale d&#8217;une plaque \u00e9lectrique: 65 cm<\/li>\n<li>Distance minimale d&#8217;une plaque \u00e0 gaz: 65 cm<\/li>\n<li>Type: Int\u00e9gr\u00e9 au plafond<\/li>\n<li>Couleur du produit: Noir, Blanc<\/li>\n<li>Puissance de l&#8217;ampoule: 3 W<\/li>\n<li>Nombre d&#8217;ampoules: 4 ampoule(s)<\/li>\n<li>Type d&#8217;ampoule: LED<\/li>\n<li>\u00c9clairement: 726 lux<\/li>\n<li>\u00c9clairage variable: Oui<\/li>\n<li>Longueur du c\u00e2ble: 1,3 m<\/li>\n<li>Diam\u00e8tre du conduit d&#8217;\u00e9vacuation: 15 cm<\/li>\n<li>Type de filtre \u00e0 graisse: Acier inoxydable<\/li>\n<li>Filtre \u00e9tanche de lave-vaisselle: Oui<\/li>\n<li>Filtre lavable: Oui<\/li>\n<li>Classe d&#8217;efficacit\u00e9 \u00e9nerg\u00e9tique: A<\/li>\n<li>Puissance du moteur: 174 W<\/li>\n<li>Consommation annuelle d&#8217;\u00e9nergie: 31,8 kWh<\/li>\n<li>Charge connect\u00e9e: 160 W<\/li>\n<li>Tension d&#8217;entr\u00e9e AC: 220 &#8211; 240 V<\/li>\n<li>Fr\u00e9quence d&#8217;entr\u00e9e AC: 50 &#8211; 60 Hz<\/li>\n<li>Largeur: 900 mm<\/li>\n<li>Profondeur: 500 mm<\/li>\n<li>Poids: 29 kg<\/li>\n<li>Largeur de compartiment d&#8217;installation: 88,8 cm<\/li>\n<li>Profondeur de compartiment d&#8217;installation: 48,7 cm<\/li>\n<li>Hauteur de compartiment d&#8217;installation: 29,9 cm<\/li>\n<li>T\u00e9l\u00e9commande: Oui<\/li>\n<\/ul>","protected":false},"excerpt":{"rendered":"<p>Si vous pensez r\u00e9nover votre cuisine, achetez Hotte standard Siemens AG LR97CBS20 Noir\/Blanc et d\u00b4autres produits Siemens AG ! Type de prise: Prise EU Capacit\u00e9 d\u2019extraction: 760 m3\/h Produit \u00e0 brancher: Oui Type: Hotte standard De toit Int\u00e9gr\u00e9 Couleur: Noir Noir\/Blanc Blanc Bloc d\u2019Alimentation: r\u00e9seau \u00e9lectrique Largeur: 90 cm Classification \u00e9nerg\u00e9tique: A puissance: 174 W [&hellip;]<\/p>\n","protected":false},"featured_media":59870,"comment_status":"open","ping_status":"closed","template":"","meta":[],"product_brand":[851],"product_cat":[60,61,62],"product_tag":[56],"class_list":{"0":"post-59873","1":"product","2":"type-product","3":"status-publish","4":"has-post-thumbnail","6":"product_brand-brandp_930","7":"product_cat-cuisine-gourmet","8":"product_cat-equipement-de-cuisine","9":"product_cat-hottes-de-cuisine","10":"product_tag-tag_930","12":"first","13":"instock","14":"taxable","15":"shipping-taxable","16":"purchasable","17":"product-type-simple"},"_links":{"self":[{"href":"https:\/\/bigbuy.tupique.com\/es\/wp-json\/wp\/v2\/product\/59873","targetHints":{"allow":["GET"]}}],"collection":[{"href":"https:\/\/bigbuy.tupique.com\/es\/wp-json\/wp\/v2\/product"}],"about":[{"href":"https:\/\/bigbuy.tupique.com\/es\/wp-json\/wp\/v2\/types\/product"}],"replies":[{"embeddable":true,"href":"https:\/\/bigbuy.tupique.com\/es\/wp-json\/wp\/v2\/comments?post=59873"}],"wp:featuredmedia":[{"embeddable":true,"href":"https:\/\/bigbuy.tupique.com\/es\/wp-json\/wp\/v2\/media\/59870"}],"wp:attachment":[{"href":"https:\/\/bigbuy.tupique.com\/es\/wp-json\/wp\/v2\/media?parent=59873"}],"wp:term":[{"taxonomy":"product_brand","embeddable":true,"href":"https:\/\/bigbuy.tupique.com\/es\/wp-json\/wp\/v2\/product_brand?post=59873"},{"taxonomy":"product_cat","embeddable":true,"href":"https:\/\/bigbuy.tupique.com\/es\/wp-json\/wp\/v2\/product_cat?post=59873"},{"taxonomy":"product_tag","embeddable":true,"href":"https:\/\/bigbuy.tupique.com\/es\/wp-json\/wp\/v2\/product_tag?post=59873"}],"curies":[{"name":"wp","href":"https:\/\/api.w.org\/{rel}","templated":true}]}}