{"id":59867,"date":"2026-04-01T15:02:20","date_gmt":"2026-04-01T14:02:20","guid":{"rendered":"https:\/\/bigbuy.tupique.com\/produto\/digital-camera-gopro-chdrb-134-rw-black\/"},"modified":"2026-04-15T07:37:51","modified_gmt":"2026-04-15T06:37:51","slug":"digital-camera-gopro-chdrb-134-rw-black","status":"publish","type":"product","link":"https:\/\/bigbuy.tupique.com\/es\/produto\/digital-camera-gopro-chdrb-134-rw-black\/","title":{"rendered":"Appareil Photo Num\u00e9rique GoPro CHDRB-134-RW Noir"},"content":{"rendered":"<p>Si vous \u00eates \u00e0 la recherche de nouvelles tendances sur le march\u00e9, nous vous pr\u00e9sentons <b>Appareil Photo Num\u00e9rique GoPro CHDRB-134-RW Noir<\/b> !<\/p>\n<ul>\n<li>Produit \u00e0 brancher: Oui<\/li>\n<li>Type de prise: Prise EU<\/li>\n<li>Bloc d\u2019Alimentation:\n<ul>\n<li>r\u00e9seau \u00e9lectrique<\/li>\n<li>Batterie<\/li>\n<\/ul>\n<\/li>\n<li>Type: St\u00e9r\u00e9o<\/li>\n<li>Couleur: Noir<\/li>\n<li>Caract\u00e9ristiques:\n<ul>\n<li>Haut-parleurs int\u00e9gr\u00e9s<\/li>\n<li>\u00c9cran LCD<\/li>\n<li>Ecran tactile<\/li>\n<li>R\u00e9sistant \u00e0 la poussi\u00e8re<\/li>\n<li>R\u00e9sistant \u00e0 l&#8217;eau<\/li>\n<li>Microphone int\u00e9gr\u00e9<\/li>\n<li>\u00c9cran integr\u00e9<\/li>\n<li>Mode nuit<\/li>\n<\/ul>\n<\/li>\n<li>Connexions:\n<ul>\n<li>USB-C<\/li>\n<li>Jack 3.5 mm<\/li>\n<li>MicroSD<\/li>\n<\/ul>\n<\/li>\n<li>Connectivit\u00e9:\n<ul>\n<li>Bluetooth<\/li>\n<li>Wi-Fi<\/li>\n<li>GPS<\/li>\n<li>Bluetooth Low Energy<\/li>\n<li>Bluetooth 5.3<\/li>\n<\/ul>\n<\/li>\n<li>Capteur: CMOS<\/li>\n<li>Inclut:\n<ul>\n<li>Batterie au lithium rechargeable<\/li>\n<li>Housse de transport<\/li>\n<\/ul>\n<\/li>\n<li>Non Inclus: Adaptateur AC<\/li>\n<li>Cartes M\u00e9moire Compatibles: MicroSD (TransFlash)<\/li>\n<li>Type de batterie: Batterie au lithium rechargeable<\/li>\n<li>Autonomie approx.: 5 heures<\/li>\n<\/ul>","protected":false},"excerpt":{"rendered":"<p>Si vous \u00eates \u00e0 la recherche de nouvelles tendances sur le march\u00e9, nous vous pr\u00e9sentons Appareil Photo Num\u00e9rique GoPro CHDRB-134-RW Noir ! Produit \u00e0 brancher: Oui Type de prise: Prise EU Bloc d\u2019Alimentation: r\u00e9seau \u00e9lectrique Batterie Type: St\u00e9r\u00e9o Couleur: Noir Caract\u00e9ristiques: Haut-parleurs int\u00e9gr\u00e9s \u00c9cran LCD Ecran tactile R\u00e9sistant \u00e0 la poussi\u00e8re R\u00e9sistant \u00e0 l&#8217;eau Microphone [&hellip;]<\/p>\n","protected":false},"featured_media":59857,"comment_status":"open","ping_status":"closed","template":"","meta":[],"product_brand":[1575],"product_cat":[1064,600,65],"product_tag":[571],"class_list":{"0":"post-59867","1":"product","2":"type-product","3":"status-publish","4":"has-post-thumbnail","6":"product_brand-brandp_1056","7":"product_cat-appareils-photo-compacts","8":"product_cat-electronique-photo-et-video","9":"product_cat-informatique-electronique","10":"product_tag-tag_27","12":"first","13":"instock","14":"taxable","15":"shipping-taxable","16":"purchasable","17":"product-type-simple"},"_links":{"self":[{"href":"https:\/\/bigbuy.tupique.com\/es\/wp-json\/wp\/v2\/product\/59867","targetHints":{"allow":["GET"]}}],"collection":[{"href":"https:\/\/bigbuy.tupique.com\/es\/wp-json\/wp\/v2\/product"}],"about":[{"href":"https:\/\/bigbuy.tupique.com\/es\/wp-json\/wp\/v2\/types\/product"}],"replies":[{"embeddable":true,"href":"https:\/\/bigbuy.tupique.com\/es\/wp-json\/wp\/v2\/comments?post=59867"}],"wp:featuredmedia":[{"embeddable":true,"href":"https:\/\/bigbuy.tupique.com\/es\/wp-json\/wp\/v2\/media\/59857"}],"wp:attachment":[{"href":"https:\/\/bigbuy.tupique.com\/es\/wp-json\/wp\/v2\/media?parent=59867"}],"wp:term":[{"taxonomy":"product_brand","embeddable":true,"href":"https:\/\/bigbuy.tupique.com\/es\/wp-json\/wp\/v2\/product_brand?post=59867"},{"taxonomy":"product_cat","embeddable":true,"href":"https:\/\/bigbuy.tupique.com\/es\/wp-json\/wp\/v2\/product_cat?post=59867"},{"taxonomy":"product_tag","embeddable":true,"href":"https:\/\/bigbuy.tupique.com\/es\/wp-json\/wp\/v2\/product_tag?post=59867"}],"curies":[{"name":"wp","href":"https:\/\/api.w.org\/{rel}","templated":true}]}}