{"id":59833,"date":"2026-04-01T15:01:30","date_gmt":"2026-04-01T14:01:30","guid":{"rendered":"https:\/\/bigbuy.tupique.com\/produto\/conventional-hood-teka-dhp118760-steel\/"},"modified":"2026-04-15T01:25:40","modified_gmt":"2026-04-15T00:25:40","slug":"conventional-hood-teka-dhp118760-steel","status":"publish","type":"product","link":"https:\/\/bigbuy.tupique.com\/es\/produto\/conventional-hood-teka-dhp118760-steel\/","title":{"rendered":"Hotte standard Teka DHP118760 Acier"},"content":{"rendered":"<p>Si vous pensez r\u00e9nover votre cuisine, achetez <b>Hotte standard Teka DHP118760 Acier<\/b> et d\u00b4autres <b>produits Teka<\/b> !<\/p>\n<p>La <b>hotte classique DHP118760<\/b> de la marque reconnue <b>Teka<\/b> est un extracteur d\u2019air con\u00e7u pour une installation <b>murale<\/b> qui allie efficacit\u00e9 \u00e9nerg\u00e9tique et fonctionnalit\u00e9. Avec une <b>largeur de 110 cm<\/b>, ce mod\u00e8le couvre largement les grandes surfaces de cuisson, id\u00e9al pour les cuisines spacieuses. Elle se distingue par sa <b>classe \u00e9nerg\u00e9tique A+++<\/b>, la meilleure en efficacit\u00e9, garantissant un fonctionnement \u00e9conomique et \u00e9cologique. Cette hotte int\u00e8gre un <b>\u00e9cran LED int\u00e9gr\u00e9<\/b> facilitant le contr\u00f4le et la visualisation des r\u00e9glages, ainsi qu\u2019une connectivit\u00e9 <b>Wi-Fi<\/b> pour une commande \u00e0 distance pratique. Elle est \u00e9quip\u00e9e de <b>trois filtres \u00e0 graisse<\/b> en <b>acier inoxydable<\/b>, durables et faciles \u00e0 nettoyer, compatibles lave-vaisselle, simplifiant l\u2019entretien et assurant un rendement optimal sur le long terme. Trois <b>vitesses d\u2019extraction<\/b> sont disponibles pour ajuster la ventilation selon les besoins, avec un niveau sonore minimal de <b>46 d\u00e9cibels<\/b> en basse vitesse, offrant une ambiance de cuisine silencieuse et agr\u00e9able. Sa <b>capacit\u00e9 maximale d\u2019extraction de 393 m\u00b3\/h<\/b> assure une ventilation rapide et efficace, \u00e9liminant fum\u00e9es et odeurs. Elle fonctionne \u00e0 une fr\u00e9quence standard de <b>50 Hz<\/b> et pr\u00e9sente une finition en <b>acier inoxydable<\/b> au design moderne et robuste, facile \u00e0 int\u00e9grer dans divers styles de cuisine. En r\u00e9sum\u00e9, la hotte Teka DHP118760 est une solution fiable et technologique pour l\u2019extraction des fum\u00e9es, combinant connectivit\u00e9 avanc\u00e9e, efficacit\u00e9 \u00e9nerg\u00e9tique et mat\u00e9riaux de qualit\u00e9 pour un rendement optimal et un entretien simple.<\/p>\n<ul>\n<li>Produit \u00e0 brancher: Oui<\/li>\n<li>Type de prise: Prise EU<\/li>\n<li>Type:\n<ul>\n<li>Hotte standard<\/li>\n<li>Mural<\/li>\n<\/ul>\n<\/li>\n<li>Bloc d\u2019Alimentation: r\u00e9seau \u00e9lectrique<\/li>\n<li>Filtres: 3<\/li>\n<li>Filtre:\n<ul>\n<li>Acier inoxydable<\/li>\n<li>Lavable<\/li>\n<\/ul>\n<\/li>\n<li>Niveau sonore:\n<ul>\n<li>46 dB<\/li>\n<li>55 dB<\/li>\n<\/ul>\n<\/li>\n<li>Moteur: 1<\/li>\n<li>Type d&#8217;ampoule: LED<\/li>\n<li>puissance: 220 W<\/li>\n<li>Classification \u00e9nerg\u00e9tique: A+++<\/li>\n<li>Connectivit\u00e9: Wi-Fi<\/li>\n<li>Caract\u00e9ristiques:\n<ul>\n<li>\u00c9cran integr\u00e9<\/li>\n<li>Commande tactile<\/li>\n<\/ul>\n<\/li>\n<li>Largeur: 110 cm<\/li>\n<li>Couleur: Acier<\/li>\n<li>Capacit\u00e9 d\u2019extraction: 883 m3\/h<\/li>\n<li>Fr\u00e9quence: 50 Hz<\/li>\n<li>Vitesse: 3 vitesses<\/li>\n<li>Tension d&#8217;entr\u00e9e AC: 230 V<\/li>\n<\/ul>","protected":false},"excerpt":{"rendered":"<p>Si vous pensez r\u00e9nover votre cuisine, achetez Hotte standard Teka DHP118760 Acier et d\u00b4autres produits Teka ! La hotte classique DHP118760 de la marque reconnue Teka est un extracteur d\u2019air con\u00e7u pour une installation murale qui allie efficacit\u00e9 \u00e9nerg\u00e9tique et fonctionnalit\u00e9. Avec une largeur de 110 cm, ce mod\u00e8le couvre largement les grandes surfaces de [&hellip;]<\/p>\n","protected":false},"featured_media":59828,"comment_status":"open","ping_status":"closed","template":"","meta":[],"product_brand":[667],"product_cat":[60,61,62],"product_tag":[56],"class_list":{"0":"post-59833","1":"product","2":"type-product","3":"status-publish","4":"has-post-thumbnail","6":"product_brand-brandp_1172","7":"product_cat-cuisine-gourmet","8":"product_cat-equipement-de-cuisine","9":"product_cat-hottes-de-cuisine","10":"product_tag-tag_930","12":"first","13":"instock","14":"taxable","15":"shipping-taxable","16":"purchasable","17":"product-type-simple"},"_links":{"self":[{"href":"https:\/\/bigbuy.tupique.com\/es\/wp-json\/wp\/v2\/product\/59833","targetHints":{"allow":["GET"]}}],"collection":[{"href":"https:\/\/bigbuy.tupique.com\/es\/wp-json\/wp\/v2\/product"}],"about":[{"href":"https:\/\/bigbuy.tupique.com\/es\/wp-json\/wp\/v2\/types\/product"}],"replies":[{"embeddable":true,"href":"https:\/\/bigbuy.tupique.com\/es\/wp-json\/wp\/v2\/comments?post=59833"}],"wp:featuredmedia":[{"embeddable":true,"href":"https:\/\/bigbuy.tupique.com\/es\/wp-json\/wp\/v2\/media\/59828"}],"wp:attachment":[{"href":"https:\/\/bigbuy.tupique.com\/es\/wp-json\/wp\/v2\/media?parent=59833"}],"wp:term":[{"taxonomy":"product_brand","embeddable":true,"href":"https:\/\/bigbuy.tupique.com\/es\/wp-json\/wp\/v2\/product_brand?post=59833"},{"taxonomy":"product_cat","embeddable":true,"href":"https:\/\/bigbuy.tupique.com\/es\/wp-json\/wp\/v2\/product_cat?post=59833"},{"taxonomy":"product_tag","embeddable":true,"href":"https:\/\/bigbuy.tupique.com\/es\/wp-json\/wp\/v2\/product_tag?post=59833"}],"curies":[{"name":"wp","href":"https:\/\/api.w.org\/{rel}","templated":true}]}}