{"id":59824,"date":"2026-04-01T15:01:17","date_gmt":"2026-04-01T14:01:17","guid":{"rendered":"https:\/\/bigbuy.tupique.com\/produto\/pyrolytic-oven-sharp-k71l66bnh-78-l\/"},"modified":"2026-04-15T00:49:25","modified_gmt":"2026-04-14T23:49:25","slug":"pyrolytic-oven-sharp-k71l66bnh-78-l","status":"publish","type":"product","link":"https:\/\/bigbuy.tupique.com\/es\/produto\/pyrolytic-oven-sharp-k71l66bnh-78-l\/","title":{"rendered":"Four \u00e0 pyrolyse Sharp K71L66BNH 78 L"},"content":{"rendered":"<p>Si vous pensez r\u00e9nover votre cuisine, achetez <b>Four \u00e0 pyrolyse Sharp K71L66BNH 78 L<\/b> et d\u00b4autres <b>produits Sharp<\/b> !<\/p>\n<ul>\n<li>Produit \u00e0 brancher: Oui<\/li>\n<li>Type de prise: Prise EU<\/li>\n<li>Type de four: Four \u00e0 pyrolyse<\/li>\n<li>Couleur: Noir<\/li>\n<li>Caract\u00e9ristiques:\n<ul>\n<li>Lumi\u00e8re int\u00e9rieure<\/li>\n<li>Anti-trace<\/li>\n<li>\u00c9cran integr\u00e9<\/li>\n<li>Facile \u00e0 nettoyer<\/li>\n<\/ul>\n<\/li>\n<li>Classification \u00e9nerg\u00e9tique: A<\/li>\n<li>Bloc d\u2019Alimentation: r\u00e9seau \u00e9lectrique<\/li>\n<li>Type de commande: Boutons, rotatif<\/li>\n<li>Inclut: Plateau<\/li>\n<li>Capacit\u00e9: 78 L<\/li>\n<\/ul>","protected":false},"excerpt":{"rendered":"<p><span class=\"unit-info\">8.1409 &euro; \/ 1 l<\/span><\/p>","protected":false},"featured_media":59823,"comment_status":"open","ping_status":"closed","template":"","meta":[],"product_brand":[1088],"product_cat":[60,747,77],"product_tag":[55],"class_list":{"0":"post-59824","1":"product","2":"type-product","3":"status-publish","4":"has-post-thumbnail","6":"product_brand-brandp_3340","7":"product_cat-cuisine-gourmet","8":"product_cat-fours","9":"product_cat-petit-electromenager","10":"product_tag-tag_926","12":"first","13":"instock","14":"taxable","15":"shipping-taxable","16":"purchasable","17":"product-type-simple"},"_links":{"self":[{"href":"https:\/\/bigbuy.tupique.com\/es\/wp-json\/wp\/v2\/product\/59824","targetHints":{"allow":["GET"]}}],"collection":[{"href":"https:\/\/bigbuy.tupique.com\/es\/wp-json\/wp\/v2\/product"}],"about":[{"href":"https:\/\/bigbuy.tupique.com\/es\/wp-json\/wp\/v2\/types\/product"}],"replies":[{"embeddable":true,"href":"https:\/\/bigbuy.tupique.com\/es\/wp-json\/wp\/v2\/comments?post=59824"}],"wp:featuredmedia":[{"embeddable":true,"href":"https:\/\/bigbuy.tupique.com\/es\/wp-json\/wp\/v2\/media\/59823"}],"wp:attachment":[{"href":"https:\/\/bigbuy.tupique.com\/es\/wp-json\/wp\/v2\/media?parent=59824"}],"wp:term":[{"taxonomy":"product_brand","embeddable":true,"href":"https:\/\/bigbuy.tupique.com\/es\/wp-json\/wp\/v2\/product_brand?post=59824"},{"taxonomy":"product_cat","embeddable":true,"href":"https:\/\/bigbuy.tupique.com\/es\/wp-json\/wp\/v2\/product_cat?post=59824"},{"taxonomy":"product_tag","embeddable":true,"href":"https:\/\/bigbuy.tupique.com\/es\/wp-json\/wp\/v2\/product_tag?post=59824"}],"curies":[{"name":"wp","href":"https:\/\/api.w.org\/{rel}","templated":true}]}}