{"id":59772,"date":"2026-04-01T14:59:58","date_gmt":"2026-04-01T13:59:58","guid":{"rendered":"https:\/\/bigbuy.tupique.com\/produto\/induction-hot-plate-teka-izc93320mst-90-cm\/"},"modified":"2026-04-15T19:40:34","modified_gmt":"2026-04-15T18:40:34","slug":"induction-hot-plate-teka-izc93320mst-90-cm","status":"publish","type":"product","link":"https:\/\/bigbuy.tupique.com\/es\/produto\/induction-hot-plate-teka-izc93320mst-90-cm\/","title":{"rendered":"Plaque \u00e0 Induction Teka IZC93320MST (90 cm)"},"content":{"rendered":"<p>Si vous pensez r\u00e9nover votre cuisine, achetez <b>Plaque \u00e0 Induction Teka IZC93320MST (90 cm)<\/b> et d\u00b4autres <b>produits Teka<\/b> !<\/p>\n<ul>\n<li>Couleur: Noir<\/li>\n<li>Largeur: 90 cm<\/li>\n<li>puissance:\n<ul>\n<li>1600 W<\/li>\n<li>3600 W<\/li>\n<li>3000 W<\/li>\n<li>7200 W<\/li>\n<\/ul>\n<\/li>\n<li>Zones de cuisson: 3<\/li>\n<li>Mat\u00e9riel:\n<ul>\n<li>Verre c\u00e9ramique<\/li>\n<li>Bois<\/li>\n<\/ul>\n<\/li>\n<li>Fonctions:\n<ul>\n<li>Minuterie<\/li>\n<li>Fonction garder au chaud<\/li>\n<\/ul>\n<\/li>\n<li>Produit \u00e0 brancher: Oui<\/li>\n<li>Type de prise: Prise EU<\/li>\n<li>Caract\u00e9ristiques:\n<ul>\n<li>Verrouillage pour enfants<\/li>\n<li>Commande tactile<\/li>\n<li>9 niveaux<\/li>\n<\/ul>\n<\/li>\n<li>Type:\n<ul>\n<li>Plaque \u00e0 Induction<\/li>\n<li>Int\u00e9gr\u00e9<\/li>\n<\/ul>\n<\/li>\n<li>Forme: Rond<\/li>\n<li>Bloc d\u2019Alimentation: \u00c9lectrique<\/li>\n<li>Type de commande: Tactile<\/li>\n<li>Tension: 220-240 V<\/li>\n<li>Produit fragile: Oui<\/li>\n<\/ul>","protected":false},"excerpt":{"rendered":"<p>Si vous pensez r\u00e9nover votre cuisine, achetez Plaque \u00e0 Induction Teka IZC93320MST (90 cm) et d\u00b4autres produits Teka ! Couleur: Noir Largeur: 90 cm puissance: 1600 W 3600 W 3000 W 7200 W Zones de cuisson: 3 Mat\u00e9riel: Verre c\u00e9ramique Bois Fonctions: Minuterie Fonction garder au chaud Produit \u00e0 brancher: Oui Type de prise: Prise [&hellip;]<\/p>\n","protected":false},"featured_media":59771,"comment_status":"open","ping_status":"closed","template":"","meta":[],"product_brand":[667],"product_cat":[60,77,78],"product_tag":[55,56],"class_list":{"0":"post-59772","1":"product","2":"type-product","3":"status-publish","4":"has-post-thumbnail","6":"product_brand-brandp_1172","7":"product_cat-cuisine-gourmet","8":"product_cat-petit-electromenager","9":"product_cat-plaques-de-cuisson","10":"product_tag-tag_926","11":"product_tag-tag_930","13":"first","14":"instock","15":"taxable","16":"shipping-taxable","17":"purchasable","18":"product-type-simple"},"_links":{"self":[{"href":"https:\/\/bigbuy.tupique.com\/es\/wp-json\/wp\/v2\/product\/59772","targetHints":{"allow":["GET"]}}],"collection":[{"href":"https:\/\/bigbuy.tupique.com\/es\/wp-json\/wp\/v2\/product"}],"about":[{"href":"https:\/\/bigbuy.tupique.com\/es\/wp-json\/wp\/v2\/types\/product"}],"replies":[{"embeddable":true,"href":"https:\/\/bigbuy.tupique.com\/es\/wp-json\/wp\/v2\/comments?post=59772"}],"wp:featuredmedia":[{"embeddable":true,"href":"https:\/\/bigbuy.tupique.com\/es\/wp-json\/wp\/v2\/media\/59771"}],"wp:attachment":[{"href":"https:\/\/bigbuy.tupique.com\/es\/wp-json\/wp\/v2\/media?parent=59772"}],"wp:term":[{"taxonomy":"product_brand","embeddable":true,"href":"https:\/\/bigbuy.tupique.com\/es\/wp-json\/wp\/v2\/product_brand?post=59772"},{"taxonomy":"product_cat","embeddable":true,"href":"https:\/\/bigbuy.tupique.com\/es\/wp-json\/wp\/v2\/product_cat?post=59772"},{"taxonomy":"product_tag","embeddable":true,"href":"https:\/\/bigbuy.tupique.com\/es\/wp-json\/wp\/v2\/product_tag?post=59772"}],"curies":[{"name":"wp","href":"https:\/\/api.w.org\/{rel}","templated":true}]}}