{"id":59685,"date":"2026-04-01T14:55:14","date_gmt":"2026-04-01T13:55:14","guid":{"rendered":"https:\/\/bigbuy.tupique.com\/produto\/induction-hot-plate-siemens-ag-eh775ldc1e-70-cm-quickstart-fryingsensor\/"},"modified":"2026-04-15T19:41:24","modified_gmt":"2026-04-15T18:41:24","slug":"induction-hot-plate-siemens-ag-eh775ldc1e-70-cm-quickstart-fryingsensor","status":"publish","type":"product","link":"https:\/\/bigbuy.tupique.com\/es\/produto\/induction-hot-plate-siemens-ag-eh775ldc1e-70-cm-quickstart-fryingsensor\/","title":{"rendered":"Plaque \u00e0 Induction Siemens AG EH775LDC1E 70 cm QuickStart FryingSensor"},"content":{"rendered":"<p>Si vous pensez r\u00e9nover votre cuisine, achetez <b>Plaque \u00e0 Induction Siemens AG EH775LDC1E 70 cm QuickStart FryingSensor<\/b> et d\u00b4autres <b>produits Siemens AG<\/b> !<\/p>\n<ul>\n<li>Couleur: Noir<\/li>\n<li>Caract\u00e9ristiques:\n<ul>\n<li>Verrouillage pour enfants<\/li>\n<li>\u00c9cran integr\u00e9<\/li>\n<li>Commande tactile<\/li>\n<li>Verrou de s\u00e9curit\u00e9<\/li>\n<\/ul>\n<\/li>\n<li>Zones de cuisson: 3<\/li>\n<li>Chronom\u00e8tre: Oui<\/li>\n<li>Dimensions approx.: 70 cm<\/li>\n<li>Produit \u00e0 brancher: Oui<\/li>\n<li>Type de prise: Prise EU<\/li>\n<li>Fonctions: Minuterie<\/li>\n<li>Type:\n<ul>\n<li>Plaque \u00e0 Induction<\/li>\n<li>Int\u00e9gr\u00e9<\/li>\n<\/ul>\n<\/li>\n<li>Taille: 70 cm<\/li>\n<li>Type de commande: Tactile<\/li>\n<li>Contr\u00f4le: Bouton<\/li>\n<\/ul>","protected":false},"excerpt":{"rendered":"<p><span class=\"unit-info\">1325.7000 &euro; \/ 1 m<\/span><\/p>","protected":false},"featured_media":59684,"comment_status":"open","ping_status":"closed","template":"","meta":[],"product_brand":[851],"product_cat":[60,77,78],"product_tag":[55,56],"class_list":{"0":"post-59685","1":"product","2":"type-product","3":"status-publish","4":"has-post-thumbnail","6":"product_brand-brandp_930","7":"product_cat-cuisine-gourmet","8":"product_cat-petit-electromenager","9":"product_cat-plaques-de-cuisson","10":"product_tag-tag_926","11":"product_tag-tag_930","13":"first","14":"instock","15":"taxable","16":"shipping-taxable","17":"purchasable","18":"product-type-simple"},"_links":{"self":[{"href":"https:\/\/bigbuy.tupique.com\/es\/wp-json\/wp\/v2\/product\/59685","targetHints":{"allow":["GET"]}}],"collection":[{"href":"https:\/\/bigbuy.tupique.com\/es\/wp-json\/wp\/v2\/product"}],"about":[{"href":"https:\/\/bigbuy.tupique.com\/es\/wp-json\/wp\/v2\/types\/product"}],"replies":[{"embeddable":true,"href":"https:\/\/bigbuy.tupique.com\/es\/wp-json\/wp\/v2\/comments?post=59685"}],"wp:featuredmedia":[{"embeddable":true,"href":"https:\/\/bigbuy.tupique.com\/es\/wp-json\/wp\/v2\/media\/59684"}],"wp:attachment":[{"href":"https:\/\/bigbuy.tupique.com\/es\/wp-json\/wp\/v2\/media?parent=59685"}],"wp:term":[{"taxonomy":"product_brand","embeddable":true,"href":"https:\/\/bigbuy.tupique.com\/es\/wp-json\/wp\/v2\/product_brand?post=59685"},{"taxonomy":"product_cat","embeddable":true,"href":"https:\/\/bigbuy.tupique.com\/es\/wp-json\/wp\/v2\/product_cat?post=59685"},{"taxonomy":"product_tag","embeddable":true,"href":"https:\/\/bigbuy.tupique.com\/es\/wp-json\/wp\/v2\/product_tag?post=59685"}],"curies":[{"name":"wp","href":"https:\/\/api.w.org\/{rel}","templated":true}]}}