{"id":59588,"date":"2026-04-01T14:51:31","date_gmt":"2026-04-01T13:51:31","guid":{"rendered":"https:\/\/bigbuy.tupique.com\/produto\/air-conditioning-hisense-2amw52cf912-3027-fg-h-2236-fg-h\/"},"modified":"2026-05-11T19:56:28","modified_gmt":"2026-05-11T17:56:28","slug":"air-conditioning-hisense-2amw52cf912-3027-fg-h-2236-fg-h","status":"publish","type":"product","link":"https:\/\/bigbuy.tupique.com\/es\/produto\/air-conditioning-hisense-2amw52cf912-3027-fg-h-2236-fg-h\/","title":{"rendered":"Air Conditionn\u00e9 Hisense 2AMW52CF912 3027 fg\/h 2236 fg\/h"},"content":{"rendered":"<p>Si vous recherchez des \u00e9lectrom\u00e9nagers pour votre maison aux meilleurs prix, ne manquez pas <b>Air Conditionn\u00e9 Hisense 2AMW52CF912 3027 fg\/h 2236 fg\/h<\/b> et une large s\u00e9lection de petits \u00e9lectrom\u00e9nagers de qualit\u00e9 !<\/p>\n<ul>\n<li>Technologie: Inverter<\/li>\n<li>Puissance frigorifique:\n<ul>\n<li>3027 fg\/h<\/li>\n<li>2236 fg\/h<\/li>\n<\/ul>\n<\/li>\n<li>R\u00e9frig\u00e9rant: R-410<\/li>\n<\/ul>","protected":false},"excerpt":{"rendered":"<p>Si vous recherchez des \u00e9lectrom\u00e9nagers pour votre maison aux meilleurs prix, ne manquez pas Air Conditionn\u00e9 Hisense 2AMW52CF912 3027 fg\/h 2236 fg\/h et une large s\u00e9lection de petits \u00e9lectrom\u00e9nagers de qualit\u00e9 ! Technologie: Inverter Puissance frigorifique: 3027 fg\/h 2236 fg\/h R\u00e9frig\u00e9rant: R-410<\/p>","protected":false},"featured_media":59587,"comment_status":"open","ping_status":"closed","template":"","meta":[],"product_brand":[1341],"product_cat":[732,1334,239],"product_tag":[721,210],"class_list":{"0":"post-59588","1":"product","2":"type-product","3":"status-publish","4":"has-post-thumbnail","6":"product_brand-brandp_612","7":"product_cat-climatisation-et-chauffage","8":"product_cat-climatiseurs-et-ventilateurs","9":"product_cat-maison-jardin","10":"product_tag-tag_124","11":"product_tag-tag_25","13":"first","14":"instock","15":"taxable","16":"shipping-taxable","17":"purchasable","18":"product-type-simple"},"_links":{"self":[{"href":"https:\/\/bigbuy.tupique.com\/es\/wp-json\/wp\/v2\/product\/59588","targetHints":{"allow":["GET"]}}],"collection":[{"href":"https:\/\/bigbuy.tupique.com\/es\/wp-json\/wp\/v2\/product"}],"about":[{"href":"https:\/\/bigbuy.tupique.com\/es\/wp-json\/wp\/v2\/types\/product"}],"replies":[{"embeddable":true,"href":"https:\/\/bigbuy.tupique.com\/es\/wp-json\/wp\/v2\/comments?post=59588"}],"wp:featuredmedia":[{"embeddable":true,"href":"https:\/\/bigbuy.tupique.com\/es\/wp-json\/wp\/v2\/media\/59587"}],"wp:attachment":[{"href":"https:\/\/bigbuy.tupique.com\/es\/wp-json\/wp\/v2\/media?parent=59588"}],"wp:term":[{"taxonomy":"product_brand","embeddable":true,"href":"https:\/\/bigbuy.tupique.com\/es\/wp-json\/wp\/v2\/product_brand?post=59588"},{"taxonomy":"product_cat","embeddable":true,"href":"https:\/\/bigbuy.tupique.com\/es\/wp-json\/wp\/v2\/product_cat?post=59588"},{"taxonomy":"product_tag","embeddable":true,"href":"https:\/\/bigbuy.tupique.com\/es\/wp-json\/wp\/v2\/product_tag?post=59588"}],"curies":[{"name":"wp","href":"https:\/\/api.w.org\/{rel}","templated":true}]}}