{"id":59518,"date":"2026-04-01T14:49:48","date_gmt":"2026-04-01T13:49:48","guid":{"rendered":"https:\/\/bigbuy.tupique.com\/produto\/headphones-samsung-buds3-pro-white\/"},"modified":"2026-04-15T02:56:15","modified_gmt":"2026-04-15T01:56:15","slug":"headphones-samsung-buds3-pro-white","status":"publish","type":"product","link":"https:\/\/bigbuy.tupique.com\/es\/produto\/headphones-samsung-buds3-pro-white\/","title":{"rendered":"Casque Samsung BUDS3 PRO Blanc"},"content":{"rendered":"<p>Si vous \u00eates passionn\u00e9 d&#8217;<b>informatique et d&#8217;\u00e9lectronique<\/b>, si vous \u00eates \u00e0 la pointe de la technologie et qu&#8217;aucun d\u00e9tail ne vous \u00e9chappe, achetez <b>Casque Samsung BUDS3 PRO Blanc<\/b> au meilleur prix.<\/p>\n<ul>\n<li>Type:\n<ul>\n<li>Casque<\/li>\n<li>Casques avec Microphone<\/li>\n<li>\u00c9couteurs in Ear<\/li>\n<\/ul>\n<\/li>\n<li>Couleur: Blanc<\/li>\n<li>Caract\u00e9ristiques:\n<ul>\n<li>Microphone int\u00e9gr\u00e9<\/li>\n<li>Sans fil<\/li>\n<li>Chargement rapide<\/li>\n<li>\u00c9tui<\/li>\n<li>R\u00e9duction du bruit<\/li>\n<li>R\u00e9tro-\u00e9clair\u00e9<\/li>\n<li>Chargeur sans fil<\/li>\n<\/ul>\n<\/li>\n<li>Connectivit\u00e9: Bluetooth<\/li>\n<li>Type de commande: Tactile<\/li>\n<li>Utilisation recommand\u00e9e: Appels et musique<\/li>\n<li>Connexions:\n<ul>\n<li>USB<\/li>\n<li>USB-C<\/li>\n<\/ul>\n<\/li>\n<li>Type de casque: Internet intra-auriculaires<\/li>\n<li>Fonctions: Acc\u00e9l\u00e9rom\u00e8tre<\/li>\n<li>Technologie: True Wireless Stereo (TWS)<\/li>\n<li>Batterie: Oui<\/li>\n<li>Casque: Binaural<\/li>\n<\/ul>","protected":false},"excerpt":{"rendered":"<p>Si vous \u00eates passionn\u00e9 d&#8217;informatique et d&#8217;\u00e9lectronique, si vous \u00eates \u00e0 la pointe de la technologie et qu&#8217;aucun d\u00e9tail ne vous \u00e9chappe, achetez Casque Samsung BUDS3 PRO Blanc au meilleur prix. Type: Casque Casques avec Microphone \u00c9couteurs in Ear Couleur: Blanc Caract\u00e9ristiques: Microphone int\u00e9gr\u00e9 Sans fil Chargement rapide \u00c9tui R\u00e9duction du bruit R\u00e9tro-\u00e9clair\u00e9 Chargeur sans [&hellip;]<\/p>\n","protected":false},"featured_media":59517,"comment_status":"open","ping_status":"closed","template":"","meta":[],"product_brand":[183],"product_cat":[65,581,594],"product_tag":[213,566,106],"class_list":{"0":"post-59518","1":"product","2":"type-product","3":"status-publish","4":"has-post-thumbnail","6":"product_brand-brandp_576","7":"product_cat-informatique-electronique","8":"product_cat-informatique-peripheriques-et-consommables","9":"product_cat-micros-et-ecouteurs","10":"product_tag-tag_933","11":"product_tag-tag_547","12":"product_tag-tag_1295","14":"first","15":"instock","16":"taxable","17":"shipping-taxable","18":"purchasable","19":"product-type-simple"},"_links":{"self":[{"href":"https:\/\/bigbuy.tupique.com\/es\/wp-json\/wp\/v2\/product\/59518","targetHints":{"allow":["GET"]}}],"collection":[{"href":"https:\/\/bigbuy.tupique.com\/es\/wp-json\/wp\/v2\/product"}],"about":[{"href":"https:\/\/bigbuy.tupique.com\/es\/wp-json\/wp\/v2\/types\/product"}],"replies":[{"embeddable":true,"href":"https:\/\/bigbuy.tupique.com\/es\/wp-json\/wp\/v2\/comments?post=59518"}],"wp:featuredmedia":[{"embeddable":true,"href":"https:\/\/bigbuy.tupique.com\/es\/wp-json\/wp\/v2\/media\/59517"}],"wp:attachment":[{"href":"https:\/\/bigbuy.tupique.com\/es\/wp-json\/wp\/v2\/media?parent=59518"}],"wp:term":[{"taxonomy":"product_brand","embeddable":true,"href":"https:\/\/bigbuy.tupique.com\/es\/wp-json\/wp\/v2\/product_brand?post=59518"},{"taxonomy":"product_cat","embeddable":true,"href":"https:\/\/bigbuy.tupique.com\/es\/wp-json\/wp\/v2\/product_cat?post=59518"},{"taxonomy":"product_tag","embeddable":true,"href":"https:\/\/bigbuy.tupique.com\/es\/wp-json\/wp\/v2\/product_tag?post=59518"}],"curies":[{"name":"wp","href":"https:\/\/api.w.org\/{rel}","templated":true}]}}