{"id":59516,"date":"2026-04-01T14:49:47","date_gmt":"2026-04-01T13:49:47","guid":{"rendered":"https:\/\/bigbuy.tupique.com\/produto\/smartwatch-polar-vantage-v3\/"},"modified":"2026-05-11T19:56:42","modified_gmt":"2026-05-11T17:56:42","slug":"smartwatch-polar-vantage-v3","status":"publish","type":"product","link":"https:\/\/bigbuy.tupique.com\/es\/produto\/smartwatch-polar-vantage-v3\/","title":{"rendered":"Montre intelligente Polar VANTAGE V3"},"content":{"rendered":"<p>Si vous \u00eates passionn\u00e9 d&#8217;<b>informatique et d&#8217;\u00e9lectronique<\/b>, si vous \u00eates \u00e0 la pointe de la technologie et qu&#8217;aucun d\u00e9tail ne vous \u00e9chappe, achetez <b>Montre intelligente Polar VANTAGE V3<\/b> au meilleur prix.<\/p>\n<p>Le <b>Polar VANTAGE V3<\/b> est une <b>smartwatch<\/b> con\u00e7ue pour les utilisateurs n\u00e9cessitant un appareil avanc\u00e9 pour le suivi de leur activit\u00e9 physique et de leur sant\u00e9. Cette montre intelligente int\u00e8gre la connectivit\u00e9 <b>Bluetooth<\/b> et <b>GPS<\/b>, permettant la synchronisation avec le t\u00e9l\u00e9phone et l\u2019enregistrement pr\u00e9cis des itin\u00e9raires lors d\u2019entra\u00eenements en ext\u00e9rieur, facilitant une analyse d\u00e9taill\u00e9e des performances. Le bracelet est en <b>silicone noir<\/b>, un mat\u00e9riau offrant confort et durabilit\u00e9 pour un usage continu, avec un design discret et polyvalent qui s\u2019adapte \u00e0 diff\u00e9rents styles. L\u2019appareil dispose d\u2019un \u00e9cran tactile r\u00e9tro\u00e9clair\u00e9 qui facilite l\u2019acc\u00e8s intuitif \u00e0 toutes ses fonctions m\u00eame en faible luminosit\u00e9. Sur le plan technique, le Polar VANTAGE V3 est \u00e9quip\u00e9 d\u2019un capteur de fr\u00e9quence cardiaque int\u00e9gr\u00e9, essentiel pour surveiller la sant\u00e9 cardiovasculaire et ajuster les entra\u00eenements de mani\u00e8re personnalis\u00e9e. Son port USB assure une charge simple et rapide, tandis que sa puissance de 3 W garantit un syst\u00e8me efficace et stable. Ce mod\u00e8le est id\u00e9al pour les sportifs et les personnes actives qui recherchent pr\u00e9cision dans la mesure des donn\u00e9es physiques et confort au quotidien. En r\u00e9sum\u00e9, le Polar VANTAGE V3 offre un \u00e9quilibre entre technologie avanc\u00e9e et design fonctionnel, se positionnant comme un outil fiable pour le suivi sportif et le bien-\u00eatre personnel.<\/p>\n<ul>\n<li>Type de montre: Montre intelligente<\/li>\n<li>Produit \u00e0 brancher: Oui<\/li>\n<li>Type de prise: Prise EU<\/li>\n<li>Bloc d\u2019Alimentation: r\u00e9seau \u00e9lectrique<\/li>\n<li>Caract\u00e9ristiques:\n<ul>\n<li>Ecran tactile<\/li>\n<li>Port USB<\/li>\n<li>R\u00e9tro-\u00e9clair\u00e9<\/li>\n<\/ul>\n<\/li>\n<li>Fonctions: Moniteur de Sommeil<\/li>\n<li>Connectivit\u00e9:\n<ul>\n<li>Bluetooth<\/li>\n<li>GPS<\/li>\n<\/ul>\n<\/li>\n<li>Ecran: 1,39&#8243;<\/li>\n<li>Mat\u00e9riau du bracelet: Silicone<\/li>\n<li>Couleur du bracelet: Noir<\/li>\n<li>Podom\u00e8tre: Oui<\/li>\n<li>puissance: 3 W<\/li>\n<li>Forme: Carr\u00e9<\/li>\n<li>Inclut: Batterie<\/li>\n<\/ul>","protected":false},"excerpt":{"rendered":"<p>Si vous \u00eates passionn\u00e9 d&#8217;informatique et d&#8217;\u00e9lectronique, si vous \u00eates \u00e0 la pointe de la technologie et qu&#8217;aucun d\u00e9tail ne vous \u00e9chappe, achetez Montre intelligente Polar VANTAGE V3 au meilleur prix. Le Polar VANTAGE V3 est une smartwatch con\u00e7ue pour les utilisateurs n\u00e9cessitant un appareil avanc\u00e9 pour le suivi de leur activit\u00e9 physique et de [&hellip;]<\/p>\n","protected":false},"featured_media":59515,"comment_status":"open","ping_status":"closed","template":"","meta":[],"product_brand":[178],"product_cat":[575,65,748],"product_tag":[103,566,106],"class_list":{"0":"post-59516","1":"product","2":"type-product","3":"status-publish","4":"has-post-thumbnail","6":"product_brand-brandp_5019","7":"product_cat-electronique-telephonie-et-tablettes","8":"product_cat-informatique-electronique","9":"product_cat-smartwatches","10":"product_tag-tag_1261","11":"product_tag-tag_547","12":"product_tag-tag_1295","14":"first","15":"instock","16":"taxable","17":"shipping-taxable","18":"purchasable","19":"product-type-simple"},"_links":{"self":[{"href":"https:\/\/bigbuy.tupique.com\/es\/wp-json\/wp\/v2\/product\/59516","targetHints":{"allow":["GET"]}}],"collection":[{"href":"https:\/\/bigbuy.tupique.com\/es\/wp-json\/wp\/v2\/product"}],"about":[{"href":"https:\/\/bigbuy.tupique.com\/es\/wp-json\/wp\/v2\/types\/product"}],"replies":[{"embeddable":true,"href":"https:\/\/bigbuy.tupique.com\/es\/wp-json\/wp\/v2\/comments?post=59516"}],"wp:featuredmedia":[{"embeddable":true,"href":"https:\/\/bigbuy.tupique.com\/es\/wp-json\/wp\/v2\/media\/59515"}],"wp:attachment":[{"href":"https:\/\/bigbuy.tupique.com\/es\/wp-json\/wp\/v2\/media?parent=59516"}],"wp:term":[{"taxonomy":"product_brand","embeddable":true,"href":"https:\/\/bigbuy.tupique.com\/es\/wp-json\/wp\/v2\/product_brand?post=59516"},{"taxonomy":"product_cat","embeddable":true,"href":"https:\/\/bigbuy.tupique.com\/es\/wp-json\/wp\/v2\/product_cat?post=59516"},{"taxonomy":"product_tag","embeddable":true,"href":"https:\/\/bigbuy.tupique.com\/es\/wp-json\/wp\/v2\/product_tag?post=59516"}],"curies":[{"name":"wp","href":"https:\/\/api.w.org\/{rel}","templated":true}]}}