{"id":59461,"date":"2026-04-01T14:46:19","date_gmt":"2026-04-01T13:46:19","guid":{"rendered":"https:\/\/bigbuy.tupique.com\/produto\/smart-tv-hisense-85uxkq-4k-ultra-hd-85-qled\/"},"modified":"2026-04-15T01:26:28","modified_gmt":"2026-04-15T00:26:28","slug":"smart-tv-hisense-85uxkq-4k-ultra-hd-85-qled","status":"publish","type":"product","link":"https:\/\/bigbuy.tupique.com\/es\/produto\/smart-tv-hisense-85uxkq-4k-ultra-hd-85-qled\/","title":{"rendered":"TV intelligente Hisense 85UXKQ 4K Ultra HD 85&#8243; QLED"},"content":{"rendered":"<p>Si vous \u00eates passionn\u00e9 d&#8217;<b>informatique et d&#8217;\u00e9lectronique<\/b>, si vous \u00eates \u00e0 la pointe de la technologie et qu&#8217;aucun d\u00e9tail ne vous \u00e9chappe, achetez <b>TV intelligente Hisense 85UXKQ 4K Ultra HD 85&#8243; QLED<\/b> au meilleur prix.<\/p>\n<p>Le <b>85UXKQ<\/b> de Hisense est un <b>Smart TV 85&#8243;<\/b> avanc\u00e9 qui associe une grande diagonale pour une exp\u00e9rience visuelle immersive \u00e0 une technologie d\u2019\u00e9cran de pointe. Il offre une <b>r\u00e9solution 4K Ultra HD de 3840 x 2160 pixels<\/b>, garantissant des images nettes et d\u00e9taill\u00e9es, id\u00e9ale pour le cin\u00e9ma, les jeux vid\u00e9o ou les \u00e9missions en haute d\u00e9finition. Son \u00e9cran <b>MiniLED<\/b> int\u00e8gre un r\u00e9tro\u00e9clairage innovant <b>Full Array Local Dimming<\/b>, qui am\u00e9liore le contraste en att\u00e9nuant localement certaines zones, pour des noirs plus profonds et des couleurs plus vives, surtout dans les sc\u00e8nes sombres ou dynamiques. La matrice <b>VA<\/b> assure un bon contraste et des angles de vision adapt\u00e9s \u00e0 un usage domestique. Ce t\u00e9l\u00e9viseur fonctionne sous le syst\u00e8me d\u2019exploitation <b>VIDAA U, version U7<\/b>, offrant l\u2019acc\u00e8s aux applications populaires et une navigation web int\u00e9gr\u00e9e, facilitant l\u2019utilisation des services de streaming et du contenu en ligne via une interface fluide. La connectivit\u00e9 Wi-Fi permet une connexion internet stable sans c\u00e2bles suppl\u00e9mentaires. Il comprend aussi un \u00e9galiseur et une r\u00e9duction de bruit pour optimiser la qualit\u00e9 audio et produire un son clair et immersif. Son design en <b>noir et anthracite<\/b> propose une esth\u00e9tique sobre et moderne, adapt\u00e9e \u00e0 divers environnements. Il dispose d\u2019un tuner num\u00e9rique compatible avec les principales signaux terrestres et satellites (<b>DVB-C, DVB-S, DVB-S2, DVB-T, DVB-T2<\/b>), garantissant une r\u00e9ception large et polyvalente, tout en restant compatible avec toutes les sources classiques. Ce mod\u00e8le constitue une solution technologique \u00e9quilibr\u00e9e pour les utilisateurs recherchant un t\u00e9l\u00e9viseur intelligent grand format avec une qualit\u00e9 d\u2019image sup\u00e9rieure, des options de connectivit\u00e9 actuelles et un syst\u00e8me d\u2019exploitation simple mais fonctionnel pour enrichir l\u2019exp\u00e9rience audiovisuelle \u00e0 domicile.<\/p>\n<ul>\n<li>Diagonale de l&#8217;\u00e9cran (cm): 215,9 cm<\/li>\n<li>Produit \u00e0 brancher: Oui<\/li>\n<li>Type de prise: Prise EU<\/li>\n<li>Fr\u00e9quence:\n<ul>\n<li>144 Hz<\/li>\n<li>120 Hz<\/li>\n<\/ul>\n<\/li>\n<li>Ecran: 85&#8243;<\/li>\n<li>Technologie:\n<ul>\n<li>QLED<\/li>\n<li>HDR<\/li>\n<\/ul>\n<\/li>\n<li>Connectivit\u00e9:\n<ul>\n<li>Wi-Fi<\/li>\n<li>Bluetooth<\/li>\n<li>Ethernet LAN<\/li>\n<li>eARC<\/li>\n<\/ul>\n<\/li>\n<li>Bloc d\u2019Alimentation: r\u00e9seau \u00e9lectrique<\/li>\n<li>Couleur:\n<ul>\n<li>Noir<\/li>\n<li>Anthracite<\/li>\n<\/ul>\n<\/li>\n<li>TV intelligente: Oui<\/li>\n<li>R\u00e9cepteur:\n<ul>\n<li>Num\u00e9rique<\/li>\n<li>DVB-C,DVB-S,DVB-S2,DVB-T,DVB-T2<\/li>\n<\/ul>\n<\/li>\n<li>Classification \u00e9nerg\u00e9tique: F<\/li>\n<li>R\u00e9solution: 4K Ultra HD<\/li>\n<li>Rapport d&#8217;aspect: 16:9<\/li>\n<li>Connexions:\n<ul>\n<li>USB 2.0<\/li>\n<li>Ethernet LAN<\/li>\n<li>HDMI x 4<\/li>\n<li>RJ45<\/li>\n<li>RF x 2<\/li>\n<li>USB 3.2<\/li>\n<li>CI+<\/li>\n<\/ul>\n<\/li>\n<li>Caract\u00e9ristiques:\n<ul>\n<li>R\u00e9duction du bruit<\/li>\n<li>Navigation web<\/li>\n<li>Equalizer<\/li>\n<li>TV intelligente<\/li>\n<li>Guide \u00e9lectronique des programmes (EPG)<\/li>\n<li>\u00c9cran plat<\/li>\n<\/ul>\n<\/li>\n<li>R\u00e9solution (px): 3840 x 2160 px<\/li>\n<li>Langue: Fran\u00e7ais<\/li>\n<li>Compatible:\n<ul>\n<li>Amazon Alexa<\/li>\n<li>VESA 600 x 400 mm<\/li>\n<\/ul>\n<\/li>\n<li>Inclut: T\u00e9l\u00e9commande<\/li>\n<li>Processeur: Quad Core<\/li>\n<li>Fonctions: Timeshift<\/li>\n<li>Tension: 100 &#8211; 240 V<\/li>\n<li>Certificat: RoHS<\/li>\n<li>Fr\u00e9quence d&#8217;entr\u00e9e AC: 50-60 Hz<\/li>\n<li>Angle: 178\u00ba<\/li>\n<li>Montage: VESA<\/li>\n<\/ul>","protected":false},"excerpt":{"rendered":"<p>Si vous \u00eates passionn\u00e9 d&#8217;informatique et d&#8217;\u00e9lectronique, si vous \u00eates \u00e0 la pointe de la technologie et qu&#8217;aucun d\u00e9tail ne vous \u00e9chappe, achetez TV intelligente Hisense 85UXKQ 4K Ultra HD 85&#8243; QLED au meilleur prix. Le 85UXKQ de Hisense est un Smart TV 85&#8243; avanc\u00e9 qui associe une grande diagonale pour une exp\u00e9rience visuelle immersive [&hellip;]<\/p>\n","protected":false},"featured_media":59458,"comment_status":"open","ping_status":"closed","template":"","meta":[],"product_brand":[1341],"product_cat":[589,65,957],"product_tag":[],"class_list":{"0":"post-59461","1":"product","2":"type-product","3":"status-publish","4":"has-post-thumbnail","6":"product_brand-brandp_612","7":"product_cat-electronique-television","8":"product_cat-informatique-electronique","9":"product_cat-televisions-et-smart-tv","11":"first","12":"instock","13":"taxable","14":"shipping-taxable","15":"purchasable","16":"product-type-simple"},"_links":{"self":[{"href":"https:\/\/bigbuy.tupique.com\/es\/wp-json\/wp\/v2\/product\/59461","targetHints":{"allow":["GET"]}}],"collection":[{"href":"https:\/\/bigbuy.tupique.com\/es\/wp-json\/wp\/v2\/product"}],"about":[{"href":"https:\/\/bigbuy.tupique.com\/es\/wp-json\/wp\/v2\/types\/product"}],"replies":[{"embeddable":true,"href":"https:\/\/bigbuy.tupique.com\/es\/wp-json\/wp\/v2\/comments?post=59461"}],"wp:featuredmedia":[{"embeddable":true,"href":"https:\/\/bigbuy.tupique.com\/es\/wp-json\/wp\/v2\/media\/59458"}],"wp:attachment":[{"href":"https:\/\/bigbuy.tupique.com\/es\/wp-json\/wp\/v2\/media?parent=59461"}],"wp:term":[{"taxonomy":"product_brand","embeddable":true,"href":"https:\/\/bigbuy.tupique.com\/es\/wp-json\/wp\/v2\/product_brand?post=59461"},{"taxonomy":"product_cat","embeddable":true,"href":"https:\/\/bigbuy.tupique.com\/es\/wp-json\/wp\/v2\/product_cat?post=59461"},{"taxonomy":"product_tag","embeddable":true,"href":"https:\/\/bigbuy.tupique.com\/es\/wp-json\/wp\/v2\/product_tag?post=59461"}],"curies":[{"name":"wp","href":"https:\/\/api.w.org\/{rel}","templated":true}]}}