{"id":59440,"date":"2026-04-01T14:45:52","date_gmt":"2026-04-01T13:45:52","guid":{"rendered":"https:\/\/bigbuy.tupique.com\/produto\/sink-with-one-basin-teka-forsquare-50-40-tg-60-cm\/"},"modified":"2026-04-15T00:50:13","modified_gmt":"2026-04-14T23:50:13","slug":"sink-with-one-basin-teka-forsquare-50-40-tg-60-cm","status":"publish","type":"product","link":"https:\/\/bigbuy.tupique.com\/es\/produto\/sink-with-one-basin-teka-forsquare-50-40-tg-60-cm\/","title":{"rendered":"\u00c9vier simple Teka FORSQUARE 50 40 TG (60 cm)"},"content":{"rendered":"<p>Si vous pensez r\u00e9nover votre cuisine, achetez <b>\u00c9vier simple Teka FORSQUARE 50 40 TG (60 cm)<\/b> et d\u00b4autres <b>produits Teka<\/b> !<\/p>\n<ul>\n<li>Couleur: Noir<\/li>\n<li>Largeur:\n<ul>\n<li>60 cm<\/li>\n<li>57 cm<\/li>\n<\/ul>\n<\/li>\n<li>Dimensions approx.: 50 x 50 cm<\/li>\n<li>Mati\u00e8re: Acier inoxydable<\/li>\n<li>Forme: Rectangulaire<\/li>\n<li>Type d&#8217;installation: Sur le plan de travail<\/li>\n<\/ul>\n<p><\/p>\n<p>Teka Forsquare 50.40 TG. Type d&#8217;\u00e9vier: Evier encastr\u00e9, Forme de l&#8217;\u00e9vier: Rectangulaire, Couleur du produit: Noir. Largeur: 570 mm, Profondeur: 500 mm, Largeur de compartiment d&#8217;installation: 55 cm<\/p>\n<p><\/p>\n<ul>\n<li>Type d&#8217;\u00e9vier: Evier encastr\u00e9<\/li>\n<li>Forme de l&#8217;\u00e9vier: Rectangulaire<\/li>\n<li>Couleur du produit: Noir<\/li>\n<li>Nombre de bacs d&#8217;\u00e9vier: 1 bols<\/li>\n<li>Surface cannel\u00e9e: Non<\/li>\n<li>Forme \u00e0 un seul bac: Carr\u00e9<\/li>\n<li>Dimensions du premier bol (LxL): 500 x 500 mm<\/li>\n<li>Profondeur du premier bol: 20 cm<\/li>\n<li>Taille du drain de vidange: 8,89 cm (3.5&#8243;)<\/li>\n<li>S\u00e9curit\u00e9 antid\u00e9bordement: Oui<\/li>\n<li>Largeur: 570 mm<\/li>\n<li>Profondeur: 500 mm<\/li>\n<li>Largeur de compartiment d&#8217;installation: 55 cm<\/li>\n<li>Profondeur de compartiment d&#8217;installation: 48 cm<\/li>\n<li>Robinet inclus: Non<\/li>\n<\/ul>","protected":false},"excerpt":{"rendered":"<p>Si vous pensez r\u00e9nover votre cuisine, achetez \u00c9vier simple Teka FORSQUARE 50 40 TG (60 cm) et d\u00b4autres produits Teka ! Couleur: Noir Largeur: 60 cm 57 cm Dimensions approx.: 50 x 50 cm Mati\u00e8re: Acier inoxydable Forme: Rectangulaire Type d&#8217;installation: Sur le plan de travail Teka Forsquare 50.40 TG. Type d&#8217;\u00e9vier: Evier encastr\u00e9, Forme [&hellip;]<\/p>\n","protected":false},"featured_media":59437,"comment_status":"open","ping_status":"closed","template":"","meta":[],"product_brand":[667],"product_cat":[60,61,779],"product_tag":[210],"class_list":{"0":"post-59440","1":"product","2":"type-product","3":"status-publish","4":"has-post-thumbnail","6":"product_brand-brandp_1172","7":"product_cat-cuisine-gourmet","8":"product_cat-equipement-de-cuisine","9":"product_cat-eviers","10":"product_tag-tag_25","12":"first","13":"instock","14":"taxable","15":"shipping-taxable","16":"purchasable","17":"product-type-simple"},"_links":{"self":[{"href":"https:\/\/bigbuy.tupique.com\/es\/wp-json\/wp\/v2\/product\/59440","targetHints":{"allow":["GET"]}}],"collection":[{"href":"https:\/\/bigbuy.tupique.com\/es\/wp-json\/wp\/v2\/product"}],"about":[{"href":"https:\/\/bigbuy.tupique.com\/es\/wp-json\/wp\/v2\/types\/product"}],"replies":[{"embeddable":true,"href":"https:\/\/bigbuy.tupique.com\/es\/wp-json\/wp\/v2\/comments?post=59440"}],"wp:featuredmedia":[{"embeddable":true,"href":"https:\/\/bigbuy.tupique.com\/es\/wp-json\/wp\/v2\/media\/59437"}],"wp:attachment":[{"href":"https:\/\/bigbuy.tupique.com\/es\/wp-json\/wp\/v2\/media?parent=59440"}],"wp:term":[{"taxonomy":"product_brand","embeddable":true,"href":"https:\/\/bigbuy.tupique.com\/es\/wp-json\/wp\/v2\/product_brand?post=59440"},{"taxonomy":"product_cat","embeddable":true,"href":"https:\/\/bigbuy.tupique.com\/es\/wp-json\/wp\/v2\/product_cat?post=59440"},{"taxonomy":"product_tag","embeddable":true,"href":"https:\/\/bigbuy.tupique.com\/es\/wp-json\/wp\/v2\/product_tag?post=59440"}],"curies":[{"name":"wp","href":"https:\/\/api.w.org\/{rel}","templated":true}]}}